{"id":99456,"date":"2025-11-24T11:12:56","date_gmt":"2025-11-24T11:12:56","guid":{"rendered":"https:\/\/electrosphere.pl\/dyfuzor-rozpraszajacy-swiatlo-lamp-roboczych-scangrip-diffuser-medium-03-5922-do-nova-r-multimatch-r-nova-2-connect\/"},"modified":"2026-02-26T13:11:36","modified_gmt":"2026-02-26T13:11:36","slug":"dyfuzor-rozpraszajacy-swiatlo-lamp-roboczych-scangrip-diffuser-medium-03-5922-do-nova-r-multimatch-r-nova-2-connect","status":"publish","type":"product","link":"https:\/\/electrosphere.pl\/en\/dyfuzor-rozpraszajacy-swiatlo-lamp-roboczych-scangrip-diffuser-medium-03-5922-do-nova-r-multimatch-r-nova-2-connect\/","title":{"rendered":"Dyfuzor rozpraszaj\u0105cy \u015bwiat\u0142o lamp roboczych SCANGRIP DIFFUSER MEDIUM 03.5922 do NOVA R,  MULTIMATCH R  NOVA 2 CONNECT"},"content":{"rendered":"<h2>SCANGRIP DIFFUSER MEDIUM 03.5922 Light Diffuser<\/h2>\n<p>The SCANGRIP DIFFUSER MEDIUM 03.5922 is the perfect accessory for work lights, allowing for even and pleasant light diffusion.<\/p>\n<h3>Application<\/h3>\n<p>The diffuser is designed to work with SCANGRIP work lights, such as NOVA R, MULTIMATCH R, and NOVA 2 CONNECT. Its main purpose is to improve lighting quality, which is particularly important when working in challenging conditions.<\/p>\n<h3>Technical Specifications<\/h3>\n<ul>\n<li>Manufacturer: SCANGRIP<\/li>\n<li>Model: DIFFUSER MEDIUM 03.5922<\/li>\n<li>Compatibility: NOVA R, MULTIMATCH R, NOVA 2 CONNECT<\/li>\n<\/ul>\n","protected":false},"excerpt":{"rendered":"<p>SCANGRIP DIFFUSER MEDIUM 03.5922 Light Diffuser The SCANGRIP DIFFUSER MEDIUM 03.5922 is the perfect accessory for work lights, allowing for [&hellip;]<\/p>\n","protected":false},"featured_media":0,"template":"","meta":{"_uag_custom_page_level_css":"","site-sidebar-layout":"default","site-content-layout":"","ast-site-content-layout":"default","site-content-style":"default","site-sidebar-style":"default","ast-global-header-display":"","ast-banner-title-visibility":"","ast-main-header-display":"","ast-hfb-above-header-display":"","ast-hfb-below-header-display":"","ast-hfb-mobile-header-display":"","site-post-title":"","ast-breadcrumbs-content":"","ast-featured-img":"","footer-sml-layout":"","ast-disable-related-posts":"","theme-transparent-header-meta":"","adv-header-id-meta":"","stick-header-meta":"","header-above-stick-meta":"","header-main-stick-meta":"","header-below-stick-meta":"","astra-migrate-meta-layouts":"default","ast-page-background-enabled":"default","ast-page-background-meta":{"desktop":{"background-color":"var(--ast-global-color-5)","background-image":"","background-repeat":"repeat","background-position":"center center","background-size":"auto","background-attachment":"scroll","background-type":"","background-media":"","overlay-type":"","overlay-color":"","overlay-opacity":"","overlay-gradient":""},"tablet":{"background-color":"","background-image":"","background-repeat":"repeat","background-position":"center center","background-size":"auto","background-attachment":"scroll","background-type":"","background-media":"","overlay-type":"","overlay-color":"","overlay-opacity":"","overlay-gradient":""},"mobile":{"background-color":"","background-image":"","background-repeat":"repeat","background-position":"center center","background-size":"auto","background-attachment":"scroll","background-type":"","background-media":"","overlay-type":"","overlay-color":"","overlay-opacity":"","overlay-gradient":""}},"ast-content-background-meta":{"desktop":{"background-color":"var(--ast-global-color-4)","background-image":"","background-repeat":"repeat","background-position":"center center","background-size":"auto","background-attachment":"scroll","background-type":"","background-media":"","overlay-type":"","overlay-color":"","overlay-opacity":"","overlay-gradient":""},"tablet":{"background-color":"var(--ast-global-color-4)","background-image":"","background-repeat":"repeat","background-position":"center center","background-size":"auto","background-attachment":"scroll","background-type":"","background-media":"","overlay-type":"","overlay-color":"","overlay-opacity":"","overlay-gradient":""},"mobile":{"background-color":"var(--ast-global-color-4)","background-image":"","background-repeat":"repeat","background-position":"center center","background-size":"auto","background-attachment":"scroll","background-type":"","background-media":"","overlay-type":"","overlay-color":"","overlay-opacity":"","overlay-gradient":""}}},"product_brand":[],"product_cat":[43,195,383,196],"product_tag":[],"class_list":{"0":"post-99456","1":"product","2":"type-product","3":"status-publish","5":"product_cat-oswietlenie-i-inwestycje","6":"product_cat-oswietlenie-robocze","7":"product_cat-statywy-i-uchwyty","8":"product_cat-warsztatowe","9":"desktop-align-left","10":"tablet-align-left","11":"mobile-align-left","13":"first","14":"instock","15":"purchasable","16":"product-type-simple"},"uagb_featured_image_src":{"full":false,"thumbnail":false,"medium":false,"medium_large":false,"large":false,"1536x1536":false,"2048x2048":false,"woocommerce_thumbnail":false,"woocommerce_single":false,"woocommerce_gallery_thumbnail":false,"dgwt-wcas-product-suggestion":false},"uagb_author_info":{"display_name":"filipm","author_link":"https:\/\/electrosphere.pl\/en\/author\/"},"uagb_comment_info":0,"uagb_excerpt":"SCANGRIP DIFFUSER MEDIUM 03.5922 Light Diffuser The SCANGRIP DIFFUSER MEDIUM 03.5922 is the perfect accessory for work lights, allowing for [&hellip;]","_links":{"self":[{"href":"https:\/\/electrosphere.pl\/en\/wp-json\/wp\/v2\/product\/99456","targetHints":{"allow":["GET"]}}],"collection":[{"href":"https:\/\/electrosphere.pl\/en\/wp-json\/wp\/v2\/product"}],"about":[{"href":"https:\/\/electrosphere.pl\/en\/wp-json\/wp\/v2\/types\/product"}],"wp:attachment":[{"href":"https:\/\/electrosphere.pl\/en\/wp-json\/wp\/v2\/media?parent=99456"}],"wp:term":[{"taxonomy":"product_brand","embeddable":true,"href":"https:\/\/electrosphere.pl\/en\/wp-json\/wp\/v2\/product_brand?post=99456"},{"taxonomy":"product_cat","embeddable":true,"href":"https:\/\/electrosphere.pl\/en\/wp-json\/wp\/v2\/product_cat?post=99456"},{"taxonomy":"product_tag","embeddable":true,"href":"https:\/\/electrosphere.pl\/en\/wp-json\/wp\/v2\/product_tag?post=99456"}],"curies":[{"name":"wp","href":"https:\/\/api.w.org\/{rel}","templated":true}]}}