{"id":97745,"date":"2025-11-25T17:26:58","date_gmt":"2025-11-25T17:26:58","guid":{"rendered":"https:\/\/electrosphere.pl\/lk16r-4-8240ob2-16a-0-1-7p-cam-switch-16a-7p-ob-ip65-black-drive\/"},"modified":"2026-03-31T11:56:58","modified_gmt":"2026-03-31T11:56:58","slug":"lk16r-4-8240ob2-16a-0-1-7p-cam-switch-16a-7p-ob-ip65-black-drive","status":"publish","type":"product","link":"https:\/\/electrosphere.pl\/en\/lk16r-4-8240ob2-16a-0-1-7p-cam-switch-16a-7p-ob-ip65-black-drive\/","title":{"rendered":"LK16R-4.8240OB2 16A 0-1 7P CAM SWITCH 16A 7P OB IP65 BLACK DRIVE"},"content":{"rendered":"<h2>\u0141K16R-4.8240OB2 16A 0-1 7P CAM SWITCH 16A 7P OB IP65 BLACK DRIVE<\/h2>\n<p>Cam switches and rotary switches are devices in the category of Switches, disconnectors used for manually changing the state of an electrical circuit through the rotary movement of the cam.<\/p>\n<h3>Application<\/h3>\n<p>They allow switching between different operating modes or circuits. They are used where quick and reliable control is required. They are popular in industrial systems and machinery.<\/p>\n<h3>Technical Data<\/h3>\n<ul>\n<li>Manufacturer: SP\u00d3\u0141DZIELNIA INWALID\u00d3W SPAMEL<\/li>\n<li>Type: Cam switch<\/li>\n<li>Rated current: 16A<\/li>\n<li>Position counters: 7P<\/li>\n<li>Degree of protection: IP65<\/li>\n<li>Color: black<\/li>\n<\/ul>\n","protected":false},"excerpt":{"rendered":"<p>\u0141K16R-4.8240OB2 16A 0-1 7P CAM SWITCH 16A 7P OB IP65 BLACK DRIVE Cam switches and rotary switches are devices in [&hellip;]<\/p>\n","protected":false},"featured_media":37723,"template":"","meta":{"_uag_custom_page_level_css":"","site-sidebar-layout":"default","site-content-layout":"","ast-site-content-layout":"default","site-content-style":"default","site-sidebar-style":"default","ast-global-header-display":"","ast-banner-title-visibility":"","ast-main-header-display":"","ast-hfb-above-header-display":"","ast-hfb-below-header-display":"","ast-hfb-mobile-header-display":"","site-post-title":"","ast-breadcrumbs-content":"","ast-featured-img":"","footer-sml-layout":"","ast-disable-related-posts":"","theme-transparent-header-meta":"","adv-header-id-meta":"","stick-header-meta":"","header-above-stick-meta":"","header-main-stick-meta":"","header-below-stick-meta":"","astra-migrate-meta-layouts":"default","ast-page-background-enabled":"default","ast-page-background-meta":{"desktop":{"background-color":"var(--ast-global-color-5)","background-image":"","background-repeat":"repeat","background-position":"center center","background-size":"auto","background-attachment":"scroll","background-type":"","background-media":"","overlay-type":"","overlay-color":"","overlay-opacity":"","overlay-gradient":""},"tablet":{"background-color":"","background-image":"","background-repeat":"repeat","background-position":"center center","background-size":"auto","background-attachment":"scroll","background-type":"","background-media":"","overlay-type":"","overlay-color":"","overlay-opacity":"","overlay-gradient":""},"mobile":{"background-color":"","background-image":"","background-repeat":"repeat","background-position":"center center","background-size":"auto","background-attachment":"scroll","background-type":"","background-media":"","overlay-type":"","overlay-color":"","overlay-opacity":"","overlay-gradient":""}},"ast-content-background-meta":{"desktop":{"background-color":"var(--ast-global-color-4)","background-image":"","background-repeat":"repeat","background-position":"center center","background-size":"auto","background-attachment":"scroll","background-type":"","background-media":"","overlay-type":"","overlay-color":"","overlay-opacity":"","overlay-gradient":""},"tablet":{"background-color":"var(--ast-global-color-4)","background-image":"","background-repeat":"repeat","background-position":"center center","background-size":"auto","background-attachment":"scroll","background-type":"","background-media":"","overlay-type":"","overlay-color":"","overlay-opacity":"","overlay-gradient":""},"mobile":{"background-color":"var(--ast-global-color-4)","background-image":"","background-repeat":"repeat","background-position":"center center","background-size":"auto","background-attachment":"scroll","background-type":"","background-media":"","overlay-type":"","overlay-color":"","overlay-opacity":"","overlay-gradient":""}}},"product_brand":[],"product_cat":[406,474,2112,473],"product_tag":[],"class_list":{"0":"post-97745","1":"product","2":"type-product","3":"status-publish","4":"has-post-thumbnail","6":"product_cat-aparatura-i-automatyka","7":"product_cat-przelaczniki-i-laczniki-krzywkowe","8":"product_cat-switches-and-rotary-switches","9":"product_cat-wylaczniki-rozlaczniki","10":"desktop-align-left","11":"tablet-align-left","12":"mobile-align-left","14":"first","15":"onbackorder","16":"purchasable","17":"product-type-simple"},"uagb_featured_image_src":{"full":["https:\/\/electrosphere.pl\/wp-content\/uploads\/2025\/11\/csPhotos_Photo_AFC0C09A-EDB6-4B23-B4D8-A16A6E740A77_1.png",300,300,false],"thumbnail":["https:\/\/electrosphere.pl\/wp-content\/uploads\/2025\/11\/csPhotos_Photo_AFC0C09A-EDB6-4B23-B4D8-A16A6E740A77_1-150x150.png",150,150,true],"medium":["https:\/\/electrosphere.pl\/wp-content\/uploads\/2025\/11\/csPhotos_Photo_AFC0C09A-EDB6-4B23-B4D8-A16A6E740A77_1.png",300,300,false],"medium_large":["https:\/\/electrosphere.pl\/wp-content\/uploads\/2025\/11\/csPhotos_Photo_AFC0C09A-EDB6-4B23-B4D8-A16A6E740A77_1.png",300,300,false],"large":["https:\/\/electrosphere.pl\/wp-content\/uploads\/2025\/11\/csPhotos_Photo_AFC0C09A-EDB6-4B23-B4D8-A16A6E740A77_1.png",300,300,false],"1536x1536":["https:\/\/electrosphere.pl\/wp-content\/uploads\/2025\/11\/csPhotos_Photo_AFC0C09A-EDB6-4B23-B4D8-A16A6E740A77_1.png",300,300,false],"2048x2048":["https:\/\/electrosphere.pl\/wp-content\/uploads\/2025\/11\/csPhotos_Photo_AFC0C09A-EDB6-4B23-B4D8-A16A6E740A77_1.png",300,300,false],"woocommerce_thumbnail":["https:\/\/electrosphere.pl\/wp-content\/uploads\/2025\/11\/csPhotos_Photo_AFC0C09A-EDB6-4B23-B4D8-A16A6E740A77_1.png",300,300,false],"woocommerce_single":["https:\/\/electrosphere.pl\/wp-content\/uploads\/2025\/11\/csPhotos_Photo_AFC0C09A-EDB6-4B23-B4D8-A16A6E740A77_1.png",300,300,false],"woocommerce_gallery_thumbnail":["https:\/\/electrosphere.pl\/wp-content\/uploads\/2025\/11\/csPhotos_Photo_AFC0C09A-EDB6-4B23-B4D8-A16A6E740A77_1-100x100.png",100,100,true],"dgwt-wcas-product-suggestion":["https:\/\/electrosphere.pl\/wp-content\/uploads\/2025\/11\/csPhotos_Photo_AFC0C09A-EDB6-4B23-B4D8-A16A6E740A77_1-64x64.png",64,64,true]},"uagb_author_info":{"display_name":"filipm","author_link":"https:\/\/electrosphere.pl\/en\/author\/"},"uagb_comment_info":0,"uagb_excerpt":"\u0141K16R-4.8240OB2 16A 0-1 7P CAM SWITCH 16A 7P OB IP65 BLACK DRIVE Cam switches and rotary switches are devices in [&hellip;]","_links":{"self":[{"href":"https:\/\/electrosphere.pl\/en\/wp-json\/wp\/v2\/product\/97745","targetHints":{"allow":["GET"]}}],"collection":[{"href":"https:\/\/electrosphere.pl\/en\/wp-json\/wp\/v2\/product"}],"about":[{"href":"https:\/\/electrosphere.pl\/en\/wp-json\/wp\/v2\/types\/product"}],"wp:featuredmedia":[{"embeddable":true,"href":"https:\/\/electrosphere.pl\/en\/wp-json\/wp\/v2\/media\/37723"}],"wp:attachment":[{"href":"https:\/\/electrosphere.pl\/en\/wp-json\/wp\/v2\/media?parent=97745"}],"wp:term":[{"taxonomy":"product_brand","embeddable":true,"href":"https:\/\/electrosphere.pl\/en\/wp-json\/wp\/v2\/product_brand?post=97745"},{"taxonomy":"product_cat","embeddable":true,"href":"https:\/\/electrosphere.pl\/en\/wp-json\/wp\/v2\/product_cat?post=97745"},{"taxonomy":"product_tag","embeddable":true,"href":"https:\/\/electrosphere.pl\/en\/wp-json\/wp\/v2\/product_tag?post=97745"}],"curies":[{"name":"wp","href":"https:\/\/api.w.org\/{rel}","templated":true}]}}