{"id":97731,"date":"2025-11-25T17:27:11","date_gmt":"2025-11-25T17:27:11","guid":{"rendered":"https:\/\/electrosphere.pl\/dr-07-white-motion-sensor-pt-ceiling-360-4m-3s-9min-10-2000lx-ip20-1-5a-230v-ac\/"},"modified":"2026-03-31T12:02:07","modified_gmt":"2026-03-31T12:02:07","slug":"dr-07-white-motion-sensor-pt-ceiling-360-4m-3s-9min-10-2000lx-ip20-1-5a-230v-ac","status":"publish","type":"product","link":"https:\/\/electrosphere.pl\/en\/dr-07-white-motion-sensor-pt-ceiling-360-4m-3s-9min-10-2000lx-ip20-1-5a-230v-ac\/","title":{"rendered":"DR-07 WHITE MOTION SENSOR PT CEILING 360\u00b0 4M 3S-9MIN 10-2000LX IP20 1.5A 230V AC"},"content":{"rendered":"<h2>DR-07 WHITE CEILING MOTION SENSOR 360\u00b0<\/h2>\n<p>Miniature motion sensor for automatic lighting activation, ideal for installation in various spaces.<\/p>\n<h3>Application<\/h3>\n<p>The motion sensor is used for automatic, timed lighting activation when a person or another object appears in places such as corridors, yards, approaches and driveways, garages, etc.<\/p>\n<h3>Technical Data<\/h3>\n<ul>\n<li>Dimensions: \u00d850mm, h:52mm; recess: \u00d839 mm, h:35 mm; mounting hole: \u00d840mm<\/li>\n<li>IP20<\/li>\n<li>Supply voltage: 230 V AC<\/li>\n<li>Maximum load current AC-1: 5 A<\/li>\n<li>Turn-off time: 3 s \u00f7 9 min (\u00b12 min)<\/li>\n<li>Dusk activation threshold: 10\u00f72000 Lx<\/li>\n<li>Motion detection: 0.6\u00f71.5 m\/s<\/li>\n<li>Horizontal detection field: 360\u00b0<\/li>\n<li>Max. adjustable detection radius: 4 m (at a mounting height of 2.5 m)<\/li>\n<li>Mounting height: 2.5 m \u00f7 3.5 m<\/li>\n<li>Type of detection: infrared radiation<\/li>\n<li>Connection: screw terminals 1.0 mm\u00b2<\/li>\n<li>Tightening torque: 0.25 Nm<\/li>\n<li>Power consumption in standby\/operating mode: 0.10 W\/0.45 W<\/li>\n<li>Operating temperature range: -10\u00f740\u00b0C<\/li>\n<\/ul>\n","protected":false},"excerpt":{"rendered":"<p>DR-07 WHITE CEILING MOTION SENSOR 360\u00b0 Miniature motion sensor for automatic lighting activation, ideal for installation in various spaces. Application [&hellip;]<\/p>\n","protected":false},"featured_media":37743,"template":"","meta":{"_uag_custom_page_level_css":"","site-sidebar-layout":"default","site-content-layout":"","ast-site-content-layout":"default","site-content-style":"default","site-sidebar-style":"default","ast-global-header-display":"","ast-banner-title-visibility":"","ast-main-header-display":"","ast-hfb-above-header-display":"","ast-hfb-below-header-display":"","ast-hfb-mobile-header-display":"","site-post-title":"","ast-breadcrumbs-content":"","ast-featured-img":"","footer-sml-layout":"","ast-disable-related-posts":"","theme-transparent-header-meta":"","adv-header-id-meta":"","stick-header-meta":"","header-above-stick-meta":"","header-main-stick-meta":"","header-below-stick-meta":"","astra-migrate-meta-layouts":"default","ast-page-background-enabled":"default","ast-page-background-meta":{"desktop":{"background-color":"var(--ast-global-color-5)","background-image":"","background-repeat":"repeat","background-position":"center center","background-size":"auto","background-attachment":"scroll","background-type":"","background-media":"","overlay-type":"","overlay-color":"","overlay-opacity":"","overlay-gradient":""},"tablet":{"background-color":"","background-image":"","background-repeat":"repeat","background-position":"center center","background-size":"auto","background-attachment":"scroll","background-type":"","background-media":"","overlay-type":"","overlay-color":"","overlay-opacity":"","overlay-gradient":""},"mobile":{"background-color":"","background-image":"","background-repeat":"repeat","background-position":"center center","background-size":"auto","background-attachment":"scroll","background-type":"","background-media":"","overlay-type":"","overlay-color":"","overlay-opacity":"","overlay-gradient":""}},"ast-content-background-meta":{"desktop":{"background-color":"var(--ast-global-color-4)","background-image":"","background-repeat":"repeat","background-position":"center center","background-size":"auto","background-attachment":"scroll","background-type":"","background-media":"","overlay-type":"","overlay-color":"","overlay-opacity":"","overlay-gradient":""},"tablet":{"background-color":"var(--ast-global-color-4)","background-image":"","background-repeat":"repeat","background-position":"center center","background-size":"auto","background-attachment":"scroll","background-type":"","background-media":"","overlay-type":"","overlay-color":"","overlay-opacity":"","overlay-gradient":""},"mobile":{"background-color":"var(--ast-global-color-4)","background-image":"","background-repeat":"repeat","background-position":"center center","background-size":"auto","background-attachment":"scroll","background-type":"","background-media":"","overlay-type":"","overlay-color":"","overlay-opacity":"","overlay-gradient":""}}},"product_brand":[],"product_cat":[471,1529,469,470,450],"product_tag":[],"class_list":{"0":"post-97731","1":"product","2":"type-product","3":"status-publish","4":"has-post-thumbnail","6":"product_cat-czujniki-ruchu-osprzet-do-opraw-oswietleniowych","7":"product_cat-motion-sensors","8":"product_cat-oprawy-oswietleniowe","9":"product_cat-osprzet-do-opraw-oswietleniowych","10":"product_cat-oswietlenie","11":"desktop-align-left","12":"tablet-align-left","13":"mobile-align-left","15":"first","16":"instock","17":"purchasable","18":"product-type-simple"},"uagb_featured_image_src":{"full":["https:\/\/electrosphere.pl\/wp-content\/uploads\/2025\/11\/csPhotos_Photo_8D06CD5E-7153-4E84-9C3F-BE3975864AD3_1.jpg",1075,932,false],"thumbnail":["https:\/\/electrosphere.pl\/wp-content\/uploads\/2025\/11\/csPhotos_Photo_8D06CD5E-7153-4E84-9C3F-BE3975864AD3_1-150x150.jpg",150,150,true],"medium":["https:\/\/electrosphere.pl\/wp-content\/uploads\/2025\/11\/csPhotos_Photo_8D06CD5E-7153-4E84-9C3F-BE3975864AD3_1-300x260.jpg",300,260,true],"medium_large":["https:\/\/electrosphere.pl\/wp-content\/uploads\/2025\/11\/csPhotos_Photo_8D06CD5E-7153-4E84-9C3F-BE3975864AD3_1-768x666.jpg",768,666,true],"large":["https:\/\/electrosphere.pl\/wp-content\/uploads\/2025\/11\/csPhotos_Photo_8D06CD5E-7153-4E84-9C3F-BE3975864AD3_1-1024x888.jpg",1024,888,true],"1536x1536":["https:\/\/electrosphere.pl\/wp-content\/uploads\/2025\/11\/csPhotos_Photo_8D06CD5E-7153-4E84-9C3F-BE3975864AD3_1.jpg",1075,932,false],"2048x2048":["https:\/\/electrosphere.pl\/wp-content\/uploads\/2025\/11\/csPhotos_Photo_8D06CD5E-7153-4E84-9C3F-BE3975864AD3_1.jpg",1075,932,false],"woocommerce_thumbnail":["https:\/\/electrosphere.pl\/wp-content\/uploads\/2025\/11\/csPhotos_Photo_8D06CD5E-7153-4E84-9C3F-BE3975864AD3_1-300x300.jpg",300,300,true],"woocommerce_single":["https:\/\/electrosphere.pl\/wp-content\/uploads\/2025\/11\/csPhotos_Photo_8D06CD5E-7153-4E84-9C3F-BE3975864AD3_1-600x520.jpg",600,520,true],"woocommerce_gallery_thumbnail":["https:\/\/electrosphere.pl\/wp-content\/uploads\/2025\/11\/csPhotos_Photo_8D06CD5E-7153-4E84-9C3F-BE3975864AD3_1-100x100.jpg",100,100,true],"dgwt-wcas-product-suggestion":["https:\/\/electrosphere.pl\/wp-content\/uploads\/2025\/11\/csPhotos_Photo_8D06CD5E-7153-4E84-9C3F-BE3975864AD3_1-64x55.jpg",64,55,true]},"uagb_author_info":{"display_name":"filipm","author_link":"https:\/\/electrosphere.pl\/en\/author\/"},"uagb_comment_info":0,"uagb_excerpt":"DR-07 WHITE CEILING MOTION SENSOR 360\u00b0 Miniature motion sensor for automatic lighting activation, ideal for installation in various spaces. Application [&hellip;]","_links":{"self":[{"href":"https:\/\/electrosphere.pl\/en\/wp-json\/wp\/v2\/product\/97731","targetHints":{"allow":["GET"]}}],"collection":[{"href":"https:\/\/electrosphere.pl\/en\/wp-json\/wp\/v2\/product"}],"about":[{"href":"https:\/\/electrosphere.pl\/en\/wp-json\/wp\/v2\/types\/product"}],"wp:featuredmedia":[{"embeddable":true,"href":"https:\/\/electrosphere.pl\/en\/wp-json\/wp\/v2\/media\/37743"}],"wp:attachment":[{"href":"https:\/\/electrosphere.pl\/en\/wp-json\/wp\/v2\/media?parent=97731"}],"wp:term":[{"taxonomy":"product_brand","embeddable":true,"href":"https:\/\/electrosphere.pl\/en\/wp-json\/wp\/v2\/product_brand?post=97731"},{"taxonomy":"product_cat","embeddable":true,"href":"https:\/\/electrosphere.pl\/en\/wp-json\/wp\/v2\/product_cat?post=97731"},{"taxonomy":"product_tag","embeddable":true,"href":"https:\/\/electrosphere.pl\/en\/wp-json\/wp\/v2\/product_tag?post=97731"}],"curies":[{"name":"wp","href":"https:\/\/api.w.org\/{rel}","templated":true}]}}