{"id":96702,"date":"2025-11-25T17:52:17","date_gmt":"2025-11-25T17:52:17","guid":{"rendered":"https:\/\/electrosphere.pl\/h1z2z2-k-1x-6-red-solar-cable-pv-wire-class-5-1000v-ac-1500v-dc-solpar\/"},"modified":"2026-03-25T07:02:38","modified_gmt":"2026-03-25T07:02:38","slug":"h1z2z2-k-1x-6-red-solar-cable-pv-wire-class-5-1000v-ac-1500v-dc-solpar","status":"publish","type":"product","link":"https:\/\/electrosphere.pl\/en\/h1z2z2-k-1x-6-red-solar-cable-pv-wire-class-5-1000v-ac-1500v-dc-solpar\/","title":{"rendered":"H1Z2Z2-K 1X 6 RED SOLAR CABLE PV WIRE CLASS 5 1000V AC \/ 1500V DC SOLPAR"},"content":{"rendered":"<h2>H1Z2Z2-K 1X 6 RED SOLAR CABLE PV CLASS 5 1000V AC \/ 1500V DC SOLPAR<\/h2>\n<p>Electric power cable with multi-stranded tinned copper conductors, insulated with halogen-free plastic and covered with cross-linked halogen-free plastic.<\/p>\n<h3>Application<\/h3>\n<p>The product is dedicated to solar installations, providing high efficiency and safety of use in harsh weather conditions.<\/p>\n<h3>Technical Data<\/h3>\n<ul>\n<li>Type: H1Z2Z2-K<\/li>\n<li>Color: red<\/li>\n<li>Cross-section: 1X6 mm\u00b2<\/li>\n<li>Voltage: 1000V AC \/ 1500V DC<\/li>\n<li>Manufacturer: FABRYKA KABLI ELPAR SP\u00d3\u0141KA Z OGRANICZON\u0104 ODPOWIEDZIALNO\u015aCI\u0104<\/li>\n<\/ul>\n","protected":false},"excerpt":{"rendered":"<p>H1Z2Z2-K 1X 6 RED SOLAR CABLE PV CLASS 5 1000V AC \/ 1500V DC SOLPAR Electric power cable with multi-stranded [&hellip;]<\/p>\n","protected":false},"featured_media":39358,"template":"","meta":{"_uag_custom_page_level_css":"","site-sidebar-layout":"default","site-content-layout":"","ast-site-content-layout":"default","site-content-style":"default","site-sidebar-style":"default","ast-global-header-display":"","ast-banner-title-visibility":"","ast-main-header-display":"","ast-hfb-above-header-display":"","ast-hfb-below-header-display":"","ast-hfb-mobile-header-display":"","site-post-title":"","ast-breadcrumbs-content":"","ast-featured-img":"","footer-sml-layout":"","ast-disable-related-posts":"","theme-transparent-header-meta":"","adv-header-id-meta":"","stick-header-meta":"","header-above-stick-meta":"","header-main-stick-meta":"","header-below-stick-meta":"","astra-migrate-meta-layouts":"default","ast-page-background-enabled":"default","ast-page-background-meta":{"desktop":{"background-color":"var(--ast-global-color-5)","background-image":"","background-repeat":"repeat","background-position":"center center","background-size":"auto","background-attachment":"scroll","background-type":"","background-media":"","overlay-type":"","overlay-color":"","overlay-opacity":"","overlay-gradient":""},"tablet":{"background-color":"","background-image":"","background-repeat":"repeat","background-position":"center center","background-size":"auto","background-attachment":"scroll","background-type":"","background-media":"","overlay-type":"","overlay-color":"","overlay-opacity":"","overlay-gradient":""},"mobile":{"background-color":"","background-image":"","background-repeat":"repeat","background-position":"center center","background-size":"auto","background-attachment":"scroll","background-type":"","background-media":"","overlay-type":"","overlay-color":"","overlay-opacity":"","overlay-gradient":""}},"ast-content-background-meta":{"desktop":{"background-color":"var(--ast-global-color-4)","background-image":"","background-repeat":"repeat","background-position":"center center","background-size":"auto","background-attachment":"scroll","background-type":"","background-media":"","overlay-type":"","overlay-color":"","overlay-opacity":"","overlay-gradient":""},"tablet":{"background-color":"var(--ast-global-color-4)","background-image":"","background-repeat":"repeat","background-position":"center center","background-size":"auto","background-attachment":"scroll","background-type":"","background-media":"","overlay-type":"","overlay-color":"","overlay-opacity":"","overlay-gradient":""},"mobile":{"background-color":"var(--ast-global-color-4)","background-image":"","background-repeat":"repeat","background-position":"center center","background-size":"auto","background-attachment":"scroll","background-type":"","background-media":"","overlay-type":"","overlay-color":"","overlay-opacity":"","overlay-gradient":""}}},"product_brand":[],"product_cat":[420,731,2109],"product_tag":[],"class_list":{"0":"post-96702","1":"product","2":"type-product","3":"status-publish","4":"has-post-thumbnail","6":"product_cat-kable-i-przewody","7":"product_cat-przewody-solarne","8":"product_cat-solar-cables","9":"desktop-align-left","10":"tablet-align-left","11":"mobile-align-left","13":"first","14":"onbackorder","15":"purchasable","16":"product-type-simple"},"uagb_featured_image_src":{"full":["https:\/\/electrosphere.pl\/wp-content\/uploads\/2025\/11\/csPhotos_Photo_22AD79E5-7EF4-4C78-0784-AC48DA340C3E_1.jpg",394,130,false],"thumbnail":["https:\/\/electrosphere.pl\/wp-content\/uploads\/2025\/11\/csPhotos_Photo_22AD79E5-7EF4-4C78-0784-AC48DA340C3E_1-150x130.jpg",150,130,true],"medium":["https:\/\/electrosphere.pl\/wp-content\/uploads\/2025\/11\/csPhotos_Photo_22AD79E5-7EF4-4C78-0784-AC48DA340C3E_1-300x99.jpg",300,99,true],"medium_large":["https:\/\/electrosphere.pl\/wp-content\/uploads\/2025\/11\/csPhotos_Photo_22AD79E5-7EF4-4C78-0784-AC48DA340C3E_1.jpg",394,130,false],"large":["https:\/\/electrosphere.pl\/wp-content\/uploads\/2025\/11\/csPhotos_Photo_22AD79E5-7EF4-4C78-0784-AC48DA340C3E_1.jpg",394,130,false],"1536x1536":["https:\/\/electrosphere.pl\/wp-content\/uploads\/2025\/11\/csPhotos_Photo_22AD79E5-7EF4-4C78-0784-AC48DA340C3E_1.jpg",394,130,false],"2048x2048":["https:\/\/electrosphere.pl\/wp-content\/uploads\/2025\/11\/csPhotos_Photo_22AD79E5-7EF4-4C78-0784-AC48DA340C3E_1.jpg",394,130,false],"woocommerce_thumbnail":["https:\/\/electrosphere.pl\/wp-content\/uploads\/2025\/11\/csPhotos_Photo_22AD79E5-7EF4-4C78-0784-AC48DA340C3E_1-300x130.jpg",300,130,true],"woocommerce_single":["https:\/\/electrosphere.pl\/wp-content\/uploads\/2025\/11\/csPhotos_Photo_22AD79E5-7EF4-4C78-0784-AC48DA340C3E_1.jpg",394,130,false],"woocommerce_gallery_thumbnail":["https:\/\/electrosphere.pl\/wp-content\/uploads\/2025\/11\/csPhotos_Photo_22AD79E5-7EF4-4C78-0784-AC48DA340C3E_1-100x100.jpg",100,100,true],"dgwt-wcas-product-suggestion":["https:\/\/electrosphere.pl\/wp-content\/uploads\/2025\/11\/csPhotos_Photo_22AD79E5-7EF4-4C78-0784-AC48DA340C3E_1-64x21.jpg",64,21,true]},"uagb_author_info":{"display_name":"filipm","author_link":"https:\/\/electrosphere.pl\/en\/author\/"},"uagb_comment_info":0,"uagb_excerpt":"H1Z2Z2-K 1X 6 RED SOLAR CABLE PV CLASS 5 1000V AC \/ 1500V DC SOLPAR Electric power cable with multi-stranded [&hellip;]","_links":{"self":[{"href":"https:\/\/electrosphere.pl\/en\/wp-json\/wp\/v2\/product\/96702","targetHints":{"allow":["GET"]}}],"collection":[{"href":"https:\/\/electrosphere.pl\/en\/wp-json\/wp\/v2\/product"}],"about":[{"href":"https:\/\/electrosphere.pl\/en\/wp-json\/wp\/v2\/types\/product"}],"wp:featuredmedia":[{"embeddable":true,"href":"https:\/\/electrosphere.pl\/en\/wp-json\/wp\/v2\/media\/39358"}],"wp:attachment":[{"href":"https:\/\/electrosphere.pl\/en\/wp-json\/wp\/v2\/media?parent=96702"}],"wp:term":[{"taxonomy":"product_brand","embeddable":true,"href":"https:\/\/electrosphere.pl\/en\/wp-json\/wp\/v2\/product_brand?post=96702"},{"taxonomy":"product_cat","embeddable":true,"href":"https:\/\/electrosphere.pl\/en\/wp-json\/wp\/v2\/product_cat?post=96702"},{"taxonomy":"product_tag","embeddable":true,"href":"https:\/\/electrosphere.pl\/en\/wp-json\/wp\/v2\/product_tag?post=96702"}],"curies":[{"name":"wp","href":"https:\/\/api.w.org\/{rel}","templated":true}]}}