{"id":95677,"date":"2025-11-25T18:30:40","date_gmt":"2025-11-25T18:30:40","guid":{"rendered":"https:\/\/electrosphere.pl\/mpi-540-pv-solar-installation-parameters-meter-with-sunlight-measurement-kit\/"},"modified":"2026-03-31T11:56:52","modified_gmt":"2026-03-31T11:56:52","slug":"mpi-540-pv-solar-installation-parameters-meter-with-sunlight-measurement-kit","status":"publish","type":"product","link":"https:\/\/electrosphere.pl\/en\/mpi-540-pv-solar-installation-parameters-meter-with-sunlight-measurement-kit\/","title":{"rendered":"MPI-540-PV SOLAR INSTALLATION PARAMETERS METER WITH SUNLIGHT MEASUREMENT KIT"},"content":{"rendered":"<h2>MPI-540-PV Solar Miernik Parametr\u00f3w Instalacji z Zestawem Pomiaru Nas\u0142onecznienia<\/h2>\n<p>Wielofunkcyjny miernik parametr\u00f3w instalacji elektrycznych Sonel MPI-540-PV to zaawansowane narz\u0119dzie stworzone do pomiaru parametr\u00f3w instalacji fotowoltaicznych oraz do oceny stanu bezpiecze\u0144stwa instalacji elektrycznych.<\/p>\n<h3>Zastosowanie<\/h3>\n<p>S\u0142u\u017cy do przeprowadzania pomiar\u00f3w zgodnych z norm\u0105 PN-EN 62446, w tym do weryfikacji sprawno\u015bci inwerter\u00f3w oraz okre\u015blenia parametr\u00f3w nas\u0142onecznienia. Miernik jest dedykowany zar\u00f3wno dla domowych, jak i przemys\u0142owych instalacji elektrycznych.<\/p>\n<h3>Dane techniczne<\/h3>\n<ul>\n<li>Zakres pomiarowy napi\u0119\u0107: 0,0 V\u20261000 V.<\/li>\n<li>Zakres pomiarowy pr\u0105d\u00f3w: 0,00 A\u202620,00 A.<\/li>\n<li>Dok\u0142adno\u015b\u0107 pomiaru: \u00b1(3% w.m. + 2 cyfry).<\/li>\n<li>Wbudowany rejestrator z pami\u0119ci\u0105 5000 rekord\u00f3w.<\/li>\n<li>Funkcje autotest\u00f3w oraz automatyzacja pomiar\u00f3w.<\/li>\n<li>Waga netto: 2.2 kg, waga opakowania: 9.9 kg.<\/li>\n<\/ul>\n","protected":false},"excerpt":{"rendered":"<p>MPI-540-PV Solar Miernik Parametr\u00f3w Instalacji z Zestawem Pomiaru Nas\u0142onecznienia Wielofunkcyjny miernik parametr\u00f3w instalacji elektrycznych Sonel MPI-540-PV to zaawansowane narz\u0119dzie stworzone [&hellip;]<\/p>\n","protected":false},"featured_media":40928,"template":"","meta":{"_uag_custom_page_level_css":"","site-sidebar-layout":"default","site-content-layout":"","ast-site-content-layout":"default","site-content-style":"default","site-sidebar-style":"default","ast-global-header-display":"","ast-banner-title-visibility":"","ast-main-header-display":"","ast-hfb-above-header-display":"","ast-hfb-below-header-display":"","ast-hfb-mobile-header-display":"","site-post-title":"","ast-breadcrumbs-content":"","ast-featured-img":"","footer-sml-layout":"","ast-disable-related-posts":"","theme-transparent-header-meta":"","adv-header-id-meta":"","stick-header-meta":"","header-above-stick-meta":"","header-main-stick-meta":"","header-below-stick-meta":"","astra-migrate-meta-layouts":"default","ast-page-background-enabled":"default","ast-page-background-meta":{"desktop":{"background-color":"var(--ast-global-color-5)","background-image":"","background-repeat":"repeat","background-position":"center center","background-size":"auto","background-attachment":"scroll","background-type":"","background-media":"","overlay-type":"","overlay-color":"","overlay-opacity":"","overlay-gradient":""},"tablet":{"background-color":"","background-image":"","background-repeat":"repeat","background-position":"center center","background-size":"auto","background-attachment":"scroll","background-type":"","background-media":"","overlay-type":"","overlay-color":"","overlay-opacity":"","overlay-gradient":""},"mobile":{"background-color":"","background-image":"","background-repeat":"repeat","background-position":"center center","background-size":"auto","background-attachment":"scroll","background-type":"","background-media":"","overlay-type":"","overlay-color":"","overlay-opacity":"","overlay-gradient":""}},"ast-content-background-meta":{"desktop":{"background-color":"var(--ast-global-color-4)","background-image":"","background-repeat":"repeat","background-position":"center center","background-size":"auto","background-attachment":"scroll","background-type":"","background-media":"","overlay-type":"","overlay-color":"","overlay-opacity":"","overlay-gradient":""},"tablet":{"background-color":"var(--ast-global-color-4)","background-image":"","background-repeat":"repeat","background-position":"center center","background-size":"auto","background-attachment":"scroll","background-type":"","background-media":"","overlay-type":"","overlay-color":"","overlay-opacity":"","overlay-gradient":""},"mobile":{"background-color":"var(--ast-global-color-4)","background-image":"","background-repeat":"repeat","background-position":"center center","background-size":"auto","background-attachment":"scroll","background-type":"","background-media":"","overlay-type":"","overlay-color":"","overlay-opacity":"","overlay-gradient":""}}},"product_brand":[],"product_cat":[830,577,831],"product_tag":[],"class_list":{"0":"post-95677","1":"product","2":"type-product","3":"status-publish","4":"has-post-thumbnail","6":"product_cat-mierniki-i-narzedzia-pomiarowe","7":"product_cat-narzedzia-i-mierniki","8":"product_cat-pv","9":"desktop-align-left","10":"tablet-align-left","11":"mobile-align-left","13":"first","14":"instock","15":"purchasable","16":"product-type-simple"},"uagb_featured_image_src":{"full":["https:\/\/electrosphere.pl\/wp-content\/uploads\/2025\/11\/2023-04-16_02-17_MPI-540-PV_20akcesoria_20PL.webp",1440,810,false],"thumbnail":["https:\/\/electrosphere.pl\/wp-content\/uploads\/2025\/11\/2023-04-16_02-17_MPI-540-PV_20akcesoria_20PL-150x150.webp",150,150,true],"medium":["https:\/\/electrosphere.pl\/wp-content\/uploads\/2025\/11\/2023-04-16_02-17_MPI-540-PV_20akcesoria_20PL-300x169.webp",300,169,true],"medium_large":["https:\/\/electrosphere.pl\/wp-content\/uploads\/2025\/11\/2023-04-16_02-17_MPI-540-PV_20akcesoria_20PL-768x432.webp",768,432,true],"large":["https:\/\/electrosphere.pl\/wp-content\/uploads\/2025\/11\/2023-04-16_02-17_MPI-540-PV_20akcesoria_20PL-1024x576.webp",1024,576,true],"1536x1536":["https:\/\/electrosphere.pl\/wp-content\/uploads\/2025\/11\/2023-04-16_02-17_MPI-540-PV_20akcesoria_20PL.webp",1440,810,false],"2048x2048":["https:\/\/electrosphere.pl\/wp-content\/uploads\/2025\/11\/2023-04-16_02-17_MPI-540-PV_20akcesoria_20PL.webp",1440,810,false],"woocommerce_thumbnail":["https:\/\/electrosphere.pl\/wp-content\/uploads\/2025\/11\/2023-04-16_02-17_MPI-540-PV_20akcesoria_20PL-300x300.webp",300,300,true],"woocommerce_single":["https:\/\/electrosphere.pl\/wp-content\/uploads\/2025\/11\/2023-04-16_02-17_MPI-540-PV_20akcesoria_20PL-600x338.webp",600,338,true],"woocommerce_gallery_thumbnail":["https:\/\/electrosphere.pl\/wp-content\/uploads\/2025\/11\/2023-04-16_02-17_MPI-540-PV_20akcesoria_20PL-100x100.webp",100,100,true],"dgwt-wcas-product-suggestion":["https:\/\/electrosphere.pl\/wp-content\/uploads\/2025\/11\/2023-04-16_02-17_MPI-540-PV_20akcesoria_20PL-64x36.webp",64,36,true]},"uagb_author_info":{"display_name":"filipm","author_link":"https:\/\/electrosphere.pl\/en\/author\/"},"uagb_comment_info":0,"uagb_excerpt":"MPI-540-PV Solar Miernik Parametr\u00f3w Instalacji z Zestawem Pomiaru Nas\u0142onecznienia Wielofunkcyjny miernik parametr\u00f3w instalacji elektrycznych Sonel MPI-540-PV to zaawansowane narz\u0119dzie stworzone [&hellip;]","_links":{"self":[{"href":"https:\/\/electrosphere.pl\/en\/wp-json\/wp\/v2\/product\/95677","targetHints":{"allow":["GET"]}}],"collection":[{"href":"https:\/\/electrosphere.pl\/en\/wp-json\/wp\/v2\/product"}],"about":[{"href":"https:\/\/electrosphere.pl\/en\/wp-json\/wp\/v2\/types\/product"}],"wp:featuredmedia":[{"embeddable":true,"href":"https:\/\/electrosphere.pl\/en\/wp-json\/wp\/v2\/media\/40928"}],"wp:attachment":[{"href":"https:\/\/electrosphere.pl\/en\/wp-json\/wp\/v2\/media?parent=95677"}],"wp:term":[{"taxonomy":"product_brand","embeddable":true,"href":"https:\/\/electrosphere.pl\/en\/wp-json\/wp\/v2\/product_brand?post=95677"},{"taxonomy":"product_cat","embeddable":true,"href":"https:\/\/electrosphere.pl\/en\/wp-json\/wp\/v2\/product_cat?post=95677"},{"taxonomy":"product_tag","embeddable":true,"href":"https:\/\/electrosphere.pl\/en\/wp-json\/wp\/v2\/product_tag?post=95677"}],"curies":[{"name":"wp","href":"https:\/\/api.w.org\/{rel}","templated":true}]}}