{"id":95099,"date":"2025-11-25T18:45:36","date_gmt":"2025-11-25T18:45:36","guid":{"rendered":"https:\/\/electrosphere.pl\/f-utp-4x2x0-54-gray-computer-cable-reel-cat-6-shielded-wire-class-1\/"},"modified":"2026-04-03T07:42:22","modified_gmt":"2026-04-03T07:42:22","slug":"f-utp-4x2x0-54-gray-computer-cable-reel-cat-6-shielded-wire-class-1","status":"publish","type":"product","link":"https:\/\/electrosphere.pl\/en\/f-utp-4x2x0-54-gray-computer-cable-reel-cat-6-shielded-wire-class-1\/","title":{"rendered":"F\/UTP 4X2X0.54 GRAY COMPUTER CABLE REEL CAT.6 SHIELDED WIRE CLASS 1"},"content":{"rendered":"<h2>F\/UTP 4X2X0.54 GRAY COMPUTER CABLE REEL CAT.6 SHIELDED WIRE CLASS 1<\/h2>\n<p>BiTLAN F\/UTP 4x2x23 AWG (0.54) cat. 6 350MHz is a cable for telecommunication networks, shielded, ideal for use in modern communication systems.<\/p>\n<h3>Application<\/h3>\n<p>The cable is designed for building LAN networks and data transmission in telecommunications, ensuring high signal quality and connection reliability.<\/p>\n<h3>Technical Data<\/h3>\n<ul>\n<li>Type: F\/UTP<\/li>\n<li>Wiring configuration: 4&#215;2<\/li>\n<li>Conductor diameter: 0.54 mm (AWG 23)<\/li>\n<li>Category: CAT.6<\/li>\n<li>Frequency: 350MHz<\/li>\n<li>Insulation: shielded<\/li>\n<li>Color: gray<\/li>\n<li>Manufacturer: Zak\u0142ady Kablowe BITNER Sp\u00f3\u0142ka z o.o.<\/li>\n<\/ul>\n","protected":false},"excerpt":{"rendered":"<p>F\/UTP 4X2X0.54 GRAY COMPUTER CABLE REEL CAT.6 SHIELDED WIRE CLASS 1 BiTLAN F\/UTP 4x2x23 AWG (0.54) cat. 6 350MHz is [&hellip;]<\/p>\n","protected":false},"featured_media":41842,"template":"","meta":{"_uag_custom_page_level_css":"","site-sidebar-layout":"default","site-content-layout":"","ast-site-content-layout":"default","site-content-style":"default","site-sidebar-style":"default","ast-global-header-display":"","ast-banner-title-visibility":"","ast-main-header-display":"","ast-hfb-above-header-display":"","ast-hfb-below-header-display":"","ast-hfb-mobile-header-display":"","site-post-title":"","ast-breadcrumbs-content":"","ast-featured-img":"","footer-sml-layout":"","ast-disable-related-posts":"","theme-transparent-header-meta":"","adv-header-id-meta":"","stick-header-meta":"","header-above-stick-meta":"","header-main-stick-meta":"","header-below-stick-meta":"","astra-migrate-meta-layouts":"default","ast-page-background-enabled":"default","ast-page-background-meta":{"desktop":{"background-color":"var(--ast-global-color-5)","background-image":"","background-repeat":"repeat","background-position":"center center","background-size":"auto","background-attachment":"scroll","background-type":"","background-media":"","overlay-type":"","overlay-color":"","overlay-opacity":"","overlay-gradient":""},"tablet":{"background-color":"","background-image":"","background-repeat":"repeat","background-position":"center center","background-size":"auto","background-attachment":"scroll","background-type":"","background-media":"","overlay-type":"","overlay-color":"","overlay-opacity":"","overlay-gradient":""},"mobile":{"background-color":"","background-image":"","background-repeat":"repeat","background-position":"center center","background-size":"auto","background-attachment":"scroll","background-type":"","background-media":"","overlay-type":"","overlay-color":"","overlay-opacity":"","overlay-gradient":""}},"ast-content-background-meta":{"desktop":{"background-color":"var(--ast-global-color-4)","background-image":"","background-repeat":"repeat","background-position":"center center","background-size":"auto","background-attachment":"scroll","background-type":"","background-media":"","overlay-type":"","overlay-color":"","overlay-opacity":"","overlay-gradient":""},"tablet":{"background-color":"var(--ast-global-color-4)","background-image":"","background-repeat":"repeat","background-position":"center center","background-size":"auto","background-attachment":"scroll","background-type":"","background-media":"","overlay-type":"","overlay-color":"","overlay-opacity":"","overlay-gradient":""},"mobile":{"background-color":"var(--ast-global-color-4)","background-image":"","background-repeat":"repeat","background-position":"center center","background-size":"auto","background-attachment":"scroll","background-type":"","background-media":"","overlay-type":"","overlay-color":"","overlay-opacity":"","overlay-gradient":""}}},"product_brand":[],"product_cat":[420,685,2211,686,1663],"product_tag":[],"class_list":{"0":"post-95099","1":"product","2":"type-product","3":"status-publish","4":"has-post-thumbnail","6":"product_cat-kable-i-przewody","7":"product_cat-kable-telekomunikacyjne","8":"product_cat-lan-and-ethernet-networks","9":"product_cat-sieci-lan-i-ethernet","10":"product_cat-telecommunication-cables","11":"desktop-align-left","12":"tablet-align-left","13":"mobile-align-left","15":"first","16":"instock","17":"purchasable","18":"product-type-simple"},"uagb_featured_image_src":{"full":["https:\/\/electrosphere.pl\/wp-content\/uploads\/2025\/11\/649x234_032754281116_BiTLAN_F_UTP-cat.6-scaled.jpg",574,2560,false],"thumbnail":["https:\/\/electrosphere.pl\/wp-content\/uploads\/2025\/11\/649x234_032754281116_BiTLAN_F_UTP-cat.6-150x150.jpg",150,150,true],"medium":["https:\/\/electrosphere.pl\/wp-content\/uploads\/2025\/11\/649x234_032754281116_BiTLAN_F_UTP-cat.6-67x300.jpg",67,300,true],"medium_large":["https:\/\/electrosphere.pl\/wp-content\/uploads\/2025\/11\/649x234_032754281116_BiTLAN_F_UTP-cat.6-scaled.jpg",574,2560,false],"large":["https:\/\/electrosphere.pl\/wp-content\/uploads\/2025\/11\/649x234_032754281116_BiTLAN_F_UTP-cat.6-230x1024.jpg",230,1024,true],"1536x1536":["https:\/\/electrosphere.pl\/wp-content\/uploads\/2025\/11\/649x234_032754281116_BiTLAN_F_UTP-cat.6-345x1536.jpg",345,1536,true],"2048x2048":["https:\/\/electrosphere.pl\/wp-content\/uploads\/2025\/11\/649x234_032754281116_BiTLAN_F_UTP-cat.6-460x2048.jpg",460,2048,true],"woocommerce_thumbnail":["https:\/\/electrosphere.pl\/wp-content\/uploads\/2025\/11\/649x234_032754281116_BiTLAN_F_UTP-cat.6-300x300.jpg",300,300,true],"woocommerce_single":["https:\/\/electrosphere.pl\/wp-content\/uploads\/2025\/11\/649x234_032754281116_BiTLAN_F_UTP-cat.6-scaled.jpg",574,2560,false],"woocommerce_gallery_thumbnail":["https:\/\/electrosphere.pl\/wp-content\/uploads\/2025\/11\/649x234_032754281116_BiTLAN_F_UTP-cat.6-100x100.jpg",100,100,true],"dgwt-wcas-product-suggestion":["https:\/\/electrosphere.pl\/wp-content\/uploads\/2025\/11\/649x234_032754281116_BiTLAN_F_UTP-cat.6-64x285.jpg",64,285,true]},"uagb_author_info":{"display_name":"filipm","author_link":"https:\/\/electrosphere.pl\/en\/author\/"},"uagb_comment_info":0,"uagb_excerpt":"F\/UTP 4X2X0.54 GRAY COMPUTER CABLE REEL CAT.6 SHIELDED WIRE CLASS 1 BiTLAN F\/UTP 4x2x23 AWG (0.54) cat. 6 350MHz is [&hellip;]","_links":{"self":[{"href":"https:\/\/electrosphere.pl\/en\/wp-json\/wp\/v2\/product\/95099","targetHints":{"allow":["GET"]}}],"collection":[{"href":"https:\/\/electrosphere.pl\/en\/wp-json\/wp\/v2\/product"}],"about":[{"href":"https:\/\/electrosphere.pl\/en\/wp-json\/wp\/v2\/types\/product"}],"wp:featuredmedia":[{"embeddable":true,"href":"https:\/\/electrosphere.pl\/en\/wp-json\/wp\/v2\/media\/41842"}],"wp:attachment":[{"href":"https:\/\/electrosphere.pl\/en\/wp-json\/wp\/v2\/media?parent=95099"}],"wp:term":[{"taxonomy":"product_brand","embeddable":true,"href":"https:\/\/electrosphere.pl\/en\/wp-json\/wp\/v2\/product_brand?post=95099"},{"taxonomy":"product_cat","embeddable":true,"href":"https:\/\/electrosphere.pl\/en\/wp-json\/wp\/v2\/product_cat?post=95099"},{"taxonomy":"product_tag","embeddable":true,"href":"https:\/\/electrosphere.pl\/en\/wp-json\/wp\/v2\/product_tag?post=95099"}],"curies":[{"name":"wp","href":"https:\/\/api.w.org\/{rel}","templated":true}]}}