{"id":95065,"date":"2025-11-25T18:46:15","date_gmt":"2025-11-25T18:46:15","guid":{"rendered":"https:\/\/electrosphere.pl\/drywall-screw-3-5x55-mm-for-wood\/"},"modified":"2026-03-23T11:53:51","modified_gmt":"2026-03-23T11:53:51","slug":"drywall-screw-3-5x55-mm-for-wood","status":"publish","type":"product","link":"https:\/\/electrosphere.pl\/en\/drywall-screw-3-5x55-mm-for-wood\/","title":{"rendered":"DRYWALL SCREW 3.5X55 MM FOR WOOD"},"content":{"rendered":"<h2>SHEET METAL SCREW 3.5X55 MM FOR WOOD<\/h2>\n<p>The optimized geometry of the screw tip ensures excellent drilling capability.<\/p>\n<h3>Application<\/h3>\n<p>The screw is perfect for drywall installations, providing ease of assembly without the need for pre-drilling.<\/p>\n<h3>Technical Data<\/h3>\n<ul>\n<li>Manufacturer: KOELNER POLSKA SP\u00d3\u0141KA Z OGRANICZON\u0104 ODPOWIEDZIALNO\u015aCI\u0104<\/li>\n<li>Dimensions: 3.5 x 55 mm<\/li>\n<li>Material: low-carbon phosphated steel<\/li>\n<li>Head type: trumpet<\/li>\n<li>Drive: PH2<\/li>\n<li>Properties: corrosion resistance<\/li>\n<\/ul>\n","protected":false},"excerpt":{"rendered":"<p>SHEET METAL SCREW 3.5X55 MM FOR WOOD The optimized geometry of the screw tip ensures excellent drilling capability. Application The [&hellip;]<\/p>\n","protected":false},"featured_media":41896,"template":"","meta":{"_uag_custom_page_level_css":"","site-sidebar-layout":"default","site-content-layout":"","ast-site-content-layout":"default","site-content-style":"default","site-sidebar-style":"default","ast-global-header-display":"","ast-banner-title-visibility":"","ast-main-header-display":"","ast-hfb-above-header-display":"","ast-hfb-below-header-display":"","ast-hfb-mobile-header-display":"","site-post-title":"","ast-breadcrumbs-content":"","ast-featured-img":"","footer-sml-layout":"","ast-disable-related-posts":"","theme-transparent-header-meta":"","adv-header-id-meta":"","stick-header-meta":"","header-above-stick-meta":"","header-main-stick-meta":"","header-below-stick-meta":"","astra-migrate-meta-layouts":"default","ast-page-background-enabled":"default","ast-page-background-meta":{"desktop":{"background-color":"var(--ast-global-color-5)","background-image":"","background-repeat":"repeat","background-position":"center center","background-size":"auto","background-attachment":"scroll","background-type":"","background-media":"","overlay-type":"","overlay-color":"","overlay-opacity":"","overlay-gradient":""},"tablet":{"background-color":"","background-image":"","background-repeat":"repeat","background-position":"center center","background-size":"auto","background-attachment":"scroll","background-type":"","background-media":"","overlay-type":"","overlay-color":"","overlay-opacity":"","overlay-gradient":""},"mobile":{"background-color":"","background-image":"","background-repeat":"repeat","background-position":"center center","background-size":"auto","background-attachment":"scroll","background-type":"","background-media":"","overlay-type":"","overlay-color":"","overlay-opacity":"","overlay-gradient":""}},"ast-content-background-meta":{"desktop":{"background-color":"var(--ast-global-color-4)","background-image":"","background-repeat":"repeat","background-position":"center center","background-size":"auto","background-attachment":"scroll","background-type":"","background-media":"","overlay-type":"","overlay-color":"","overlay-opacity":"","overlay-gradient":""},"tablet":{"background-color":"var(--ast-global-color-4)","background-image":"","background-repeat":"repeat","background-position":"center center","background-size":"auto","background-attachment":"scroll","background-type":"","background-media":"","overlay-type":"","overlay-color":"","overlay-opacity":"","overlay-gradient":""},"mobile":{"background-color":"var(--ast-global-color-4)","background-image":"","background-repeat":"repeat","background-position":"center center","background-size":"auto","background-attachment":"scroll","background-type":"","background-media":"","overlay-type":"","overlay-color":"","overlay-opacity":"","overlay-gradient":""}}},"product_brand":[],"product_cat":[410,458,542],"product_tag":[],"class_list":{"0":"post-95065","1":"product","2":"type-product","3":"status-publish","4":"has-post-thumbnail","6":"product_cat-akcesoria-montazowe","7":"product_cat-kolki-haki-sruby-tuleje-rozporowe","8":"product_cat-wkrety","9":"desktop-align-left","10":"tablet-align-left","11":"mobile-align-left","13":"first","14":"onbackorder","15":"purchasable","16":"product-type-simple"},"uagb_featured_image_src":{"full":["https:\/\/electrosphere.pl\/wp-content\/uploads\/2025\/11\/csPhotos_Photo_B01CBF1A-E130-4A93-5263-504D799F777C_1.jpg",1296,181,false],"thumbnail":["https:\/\/electrosphere.pl\/wp-content\/uploads\/2025\/11\/csPhotos_Photo_B01CBF1A-E130-4A93-5263-504D799F777C_1-150x150.jpg",150,150,true],"medium":["https:\/\/electrosphere.pl\/wp-content\/uploads\/2025\/11\/csPhotos_Photo_B01CBF1A-E130-4A93-5263-504D799F777C_1-300x42.jpg",300,42,true],"medium_large":["https:\/\/electrosphere.pl\/wp-content\/uploads\/2025\/11\/csPhotos_Photo_B01CBF1A-E130-4A93-5263-504D799F777C_1-768x107.jpg",768,107,true],"large":["https:\/\/electrosphere.pl\/wp-content\/uploads\/2025\/11\/csPhotos_Photo_B01CBF1A-E130-4A93-5263-504D799F777C_1-1024x143.jpg",1024,143,true],"1536x1536":["https:\/\/electrosphere.pl\/wp-content\/uploads\/2025\/11\/csPhotos_Photo_B01CBF1A-E130-4A93-5263-504D799F777C_1.jpg",1296,181,false],"2048x2048":["https:\/\/electrosphere.pl\/wp-content\/uploads\/2025\/11\/csPhotos_Photo_B01CBF1A-E130-4A93-5263-504D799F777C_1.jpg",1296,181,false],"woocommerce_thumbnail":["https:\/\/electrosphere.pl\/wp-content\/uploads\/2025\/11\/csPhotos_Photo_B01CBF1A-E130-4A93-5263-504D799F777C_1-300x181.jpg",300,181,true],"woocommerce_single":["https:\/\/electrosphere.pl\/wp-content\/uploads\/2025\/11\/csPhotos_Photo_B01CBF1A-E130-4A93-5263-504D799F777C_1-600x84.jpg",600,84,true],"woocommerce_gallery_thumbnail":["https:\/\/electrosphere.pl\/wp-content\/uploads\/2025\/11\/csPhotos_Photo_B01CBF1A-E130-4A93-5263-504D799F777C_1-100x100.jpg",100,100,true],"dgwt-wcas-product-suggestion":["https:\/\/electrosphere.pl\/wp-content\/uploads\/2025\/11\/csPhotos_Photo_B01CBF1A-E130-4A93-5263-504D799F777C_1-64x9.jpg",64,9,true]},"uagb_author_info":{"display_name":"filipm","author_link":"https:\/\/electrosphere.pl\/en\/author\/"},"uagb_comment_info":0,"uagb_excerpt":"SHEET METAL SCREW 3.5X55 MM FOR WOOD The optimized geometry of the screw tip ensures excellent drilling capability. Application The [&hellip;]","_links":{"self":[{"href":"https:\/\/electrosphere.pl\/en\/wp-json\/wp\/v2\/product\/95065","targetHints":{"allow":["GET"]}}],"collection":[{"href":"https:\/\/electrosphere.pl\/en\/wp-json\/wp\/v2\/product"}],"about":[{"href":"https:\/\/electrosphere.pl\/en\/wp-json\/wp\/v2\/types\/product"}],"wp:featuredmedia":[{"embeddable":true,"href":"https:\/\/electrosphere.pl\/en\/wp-json\/wp\/v2\/media\/41896"}],"wp:attachment":[{"href":"https:\/\/electrosphere.pl\/en\/wp-json\/wp\/v2\/media?parent=95065"}],"wp:term":[{"taxonomy":"product_brand","embeddable":true,"href":"https:\/\/electrosphere.pl\/en\/wp-json\/wp\/v2\/product_brand?post=95065"},{"taxonomy":"product_cat","embeddable":true,"href":"https:\/\/electrosphere.pl\/en\/wp-json\/wp\/v2\/product_cat?post=95065"},{"taxonomy":"product_tag","embeddable":true,"href":"https:\/\/electrosphere.pl\/en\/wp-json\/wp\/v2\/product_tag?post=95065"}],"curies":[{"name":"wp","href":"https:\/\/api.w.org\/{rel}","templated":true}]}}