{"id":94611,"date":"2025-11-25T18:56:45","date_gmt":"2025-11-25T18:56:45","guid":{"rendered":"https:\/\/electrosphere.pl\/fire-alarm-switch-with-hammer\/"},"modified":"2026-04-03T07:39:50","modified_gmt":"2026-04-03T07:39:50","slug":"fire-alarm-switch-with-hammer","status":"publish","type":"product","link":"https:\/\/electrosphere.pl\/en\/fire-alarm-switch-with-hammer\/","title":{"rendered":"FIRE ALARM SWITCH WITH HAMMER"},"content":{"rendered":"<h2>Fire Alarm Switch with Hammer<\/h2>\n<p>Manual call points are devices used to manually activate an alarm in case of detecting a threat, such as a fire or an intruder.<\/p>\n<h3>Application<\/h3>\n<p>Used in public buildings, offices, and other facilities where a quick response to a threat is crucial. Manual call points can also be used in emergency evacuation systems.<\/p>\n<h3>Technical Data<\/h3>\n<ul>\n<li>Manufacturer: Sp\u00f3\u0142dzielnia Inwalid\u00f3w Spamel<\/li>\n<li>Type: Fire Alarm Switch with Hammer<\/li>\n<li>Purpose: Manual alarm activation<\/li>\n<li>Material: Durable housing<\/li>\n<li>Weather resistant: Yes<\/li>\n<\/ul>\n","protected":false},"excerpt":{"rendered":"<p>Fire Alarm Switch with Hammer Manual call points are devices used to manually activate an alarm in case of detecting [&hellip;]<\/p>\n","protected":false},"featured_media":42578,"template":"","meta":{"_uag_custom_page_level_css":"","site-sidebar-layout":"default","site-content-layout":"","ast-site-content-layout":"default","site-content-style":"default","site-sidebar-style":"default","ast-global-header-display":"","ast-banner-title-visibility":"","ast-main-header-display":"","ast-hfb-above-header-display":"","ast-hfb-below-header-display":"","ast-hfb-mobile-header-display":"","site-post-title":"","ast-breadcrumbs-content":"","ast-featured-img":"","footer-sml-layout":"","ast-disable-related-posts":"","theme-transparent-header-meta":"","adv-header-id-meta":"","stick-header-meta":"","header-above-stick-meta":"","header-main-stick-meta":"","header-below-stick-meta":"","astra-migrate-meta-layouts":"default","ast-page-background-enabled":"default","ast-page-background-meta":{"desktop":{"background-color":"var(--ast-global-color-5)","background-image":"","background-repeat":"repeat","background-position":"center center","background-size":"auto","background-attachment":"scroll","background-type":"","background-media":"","overlay-type":"","overlay-color":"","overlay-opacity":"","overlay-gradient":""},"tablet":{"background-color":"","background-image":"","background-repeat":"repeat","background-position":"center center","background-size":"auto","background-attachment":"scroll","background-type":"","background-media":"","overlay-type":"","overlay-color":"","overlay-opacity":"","overlay-gradient":""},"mobile":{"background-color":"","background-image":"","background-repeat":"repeat","background-position":"center center","background-size":"auto","background-attachment":"scroll","background-type":"","background-media":"","overlay-type":"","overlay-color":"","overlay-opacity":"","overlay-gradient":""}},"ast-content-background-meta":{"desktop":{"background-color":"var(--ast-global-color-4)","background-image":"","background-repeat":"repeat","background-position":"center center","background-size":"auto","background-attachment":"scroll","background-type":"","background-media":"","overlay-type":"","overlay-color":"","overlay-opacity":"","overlay-gradient":""},"tablet":{"background-color":"var(--ast-global-color-4)","background-image":"","background-repeat":"repeat","background-position":"center center","background-size":"auto","background-attachment":"scroll","background-type":"","background-media":"","overlay-type":"","overlay-color":"","overlay-opacity":"","overlay-gradient":""},"mobile":{"background-color":"var(--ast-global-color-4)","background-image":"","background-repeat":"repeat","background-position":"center center","background-size":"auto","background-attachment":"scroll","background-type":"","background-media":"","overlay-type":"","overlay-color":"","overlay-opacity":"","overlay-gradient":""}}},"product_brand":[],"product_cat":[1930,520,487,519],"product_tag":[],"class_list":{"0":"post-94611","1":"product","2":"type-product","3":"status-publish","4":"has-post-thumbnail","6":"product_cat-handheld-warning-devices","7":"product_cat-ostrzegacze-reczne","8":"product_cat-systemy-bezpieczenstwa","9":"product_cat-systemy-ochrony-przeciwpozarowej","10":"desktop-align-left","11":"tablet-align-left","12":"mobile-align-left","14":"first","15":"instock","16":"purchasable","17":"product-type-simple"},"uagb_featured_image_src":{"full":["https:\/\/electrosphere.pl\/wp-content\/uploads\/2025\/11\/csPhotos_Photo_7747A5FB-8979-471E-1C1E-DCD05D3FBAA3_1.jpg",512,512,false],"thumbnail":["https:\/\/electrosphere.pl\/wp-content\/uploads\/2025\/11\/csPhotos_Photo_7747A5FB-8979-471E-1C1E-DCD05D3FBAA3_1-150x150.jpg",150,150,true],"medium":["https:\/\/electrosphere.pl\/wp-content\/uploads\/2025\/11\/csPhotos_Photo_7747A5FB-8979-471E-1C1E-DCD05D3FBAA3_1-300x300.jpg",300,300,true],"medium_large":["https:\/\/electrosphere.pl\/wp-content\/uploads\/2025\/11\/csPhotos_Photo_7747A5FB-8979-471E-1C1E-DCD05D3FBAA3_1.jpg",512,512,false],"large":["https:\/\/electrosphere.pl\/wp-content\/uploads\/2025\/11\/csPhotos_Photo_7747A5FB-8979-471E-1C1E-DCD05D3FBAA3_1.jpg",512,512,false],"1536x1536":["https:\/\/electrosphere.pl\/wp-content\/uploads\/2025\/11\/csPhotos_Photo_7747A5FB-8979-471E-1C1E-DCD05D3FBAA3_1.jpg",512,512,false],"2048x2048":["https:\/\/electrosphere.pl\/wp-content\/uploads\/2025\/11\/csPhotos_Photo_7747A5FB-8979-471E-1C1E-DCD05D3FBAA3_1.jpg",512,512,false],"woocommerce_thumbnail":["https:\/\/electrosphere.pl\/wp-content\/uploads\/2025\/11\/csPhotos_Photo_7747A5FB-8979-471E-1C1E-DCD05D3FBAA3_1-300x300.jpg",300,300,true],"woocommerce_single":["https:\/\/electrosphere.pl\/wp-content\/uploads\/2025\/11\/csPhotos_Photo_7747A5FB-8979-471E-1C1E-DCD05D3FBAA3_1.jpg",512,512,false],"woocommerce_gallery_thumbnail":["https:\/\/electrosphere.pl\/wp-content\/uploads\/2025\/11\/csPhotos_Photo_7747A5FB-8979-471E-1C1E-DCD05D3FBAA3_1-100x100.jpg",100,100,true],"dgwt-wcas-product-suggestion":["https:\/\/electrosphere.pl\/wp-content\/uploads\/2025\/11\/csPhotos_Photo_7747A5FB-8979-471E-1C1E-DCD05D3FBAA3_1-64x64.jpg",64,64,true]},"uagb_author_info":{"display_name":"filipm","author_link":"https:\/\/electrosphere.pl\/en\/author\/"},"uagb_comment_info":0,"uagb_excerpt":"Fire Alarm Switch with Hammer Manual call points are devices used to manually activate an alarm in case of detecting [&hellip;]","_links":{"self":[{"href":"https:\/\/electrosphere.pl\/en\/wp-json\/wp\/v2\/product\/94611","targetHints":{"allow":["GET"]}}],"collection":[{"href":"https:\/\/electrosphere.pl\/en\/wp-json\/wp\/v2\/product"}],"about":[{"href":"https:\/\/electrosphere.pl\/en\/wp-json\/wp\/v2\/types\/product"}],"wp:featuredmedia":[{"embeddable":true,"href":"https:\/\/electrosphere.pl\/en\/wp-json\/wp\/v2\/media\/42578"}],"wp:attachment":[{"href":"https:\/\/electrosphere.pl\/en\/wp-json\/wp\/v2\/media?parent=94611"}],"wp:term":[{"taxonomy":"product_brand","embeddable":true,"href":"https:\/\/electrosphere.pl\/en\/wp-json\/wp\/v2\/product_brand?post=94611"},{"taxonomy":"product_cat","embeddable":true,"href":"https:\/\/electrosphere.pl\/en\/wp-json\/wp\/v2\/product_cat?post=94611"},{"taxonomy":"product_tag","embeddable":true,"href":"https:\/\/electrosphere.pl\/en\/wp-json\/wp\/v2\/product_tag?post=94611"}],"curies":[{"name":"wp","href":"https:\/\/api.w.org\/{rel}","templated":true}]}}