{"id":92738,"date":"2025-11-25T19:38:45","date_gmt":"2025-11-25T19:38:45","guid":{"rendered":"https:\/\/electrosphere.pl\/wd-double-thread-wood-screws-8x120-mm-zinc-plated-zn-70-028\/"},"modified":"2026-03-18T13:40:10","modified_gmt":"2026-03-18T13:40:10","slug":"wd-double-thread-wood-screws-8x120-mm-zinc-plated-zn-70-028","status":"publish","type":"product","link":"https:\/\/electrosphere.pl\/en\/wd-double-thread-wood-screws-8x120-mm-zinc-plated-zn-70-028\/","title":{"rendered":"WD DOUBLE THREAD WOOD SCREWS 8X120 MM ZINC PLATED ZN-70\/028"},"content":{"rendered":"<h2>WD Double-Thread Screws for Wood 8&#215;120 mm Zinc Plated<\/h2>\n<p>Double-thread screws for wood from Koelner, ideal for fastening various elements in wood.<\/p>\n<h3>Application<\/h3>\n<p>These screws are used for joining wooden elements and securing various structures, providing a strong and durable connection thanks to the applied metric thread.<\/p>\n<h3>Technical Data<\/h3>\n<ul>\n<li>Manufacturer: Koelner Polska Sp\u00f3\u0142ka z Ograniczon\u0105 Odpowiedzialno\u015bci\u0105<\/li>\n<li>Material: Low-carbon steel, white zinc plated<\/li>\n<li>Zinc coating thickness: min 6 \u00b5m<\/li>\n<li>Dimensions: 8 x 120 mm<\/li>\n<li>Socket: special hexagonal socket<\/li>\n<\/ul>\n","protected":false},"excerpt":{"rendered":"<p>WD Double-Thread Screws for Wood 8&#215;120 mm Zinc Plated Double-thread screws for wood from Koelner, ideal for fastening various elements [&hellip;]<\/p>\n","protected":false},"featured_media":45423,"template":"","meta":{"_uag_custom_page_level_css":"","site-sidebar-layout":"default","site-content-layout":"","ast-site-content-layout":"default","site-content-style":"default","site-sidebar-style":"default","ast-global-header-display":"","ast-banner-title-visibility":"","ast-main-header-display":"","ast-hfb-above-header-display":"","ast-hfb-below-header-display":"","ast-hfb-mobile-header-display":"","site-post-title":"","ast-breadcrumbs-content":"","ast-featured-img":"","footer-sml-layout":"","ast-disable-related-posts":"","theme-transparent-header-meta":"","adv-header-id-meta":"","stick-header-meta":"","header-above-stick-meta":"","header-main-stick-meta":"","header-below-stick-meta":"","astra-migrate-meta-layouts":"default","ast-page-background-enabled":"default","ast-page-background-meta":{"desktop":{"background-color":"var(--ast-global-color-5)","background-image":"","background-repeat":"repeat","background-position":"center center","background-size":"auto","background-attachment":"scroll","background-type":"","background-media":"","overlay-type":"","overlay-color":"","overlay-opacity":"","overlay-gradient":""},"tablet":{"background-color":"","background-image":"","background-repeat":"repeat","background-position":"center center","background-size":"auto","background-attachment":"scroll","background-type":"","background-media":"","overlay-type":"","overlay-color":"","overlay-opacity":"","overlay-gradient":""},"mobile":{"background-color":"","background-image":"","background-repeat":"repeat","background-position":"center center","background-size":"auto","background-attachment":"scroll","background-type":"","background-media":"","overlay-type":"","overlay-color":"","overlay-opacity":"","overlay-gradient":""}},"ast-content-background-meta":{"desktop":{"background-color":"var(--ast-global-color-4)","background-image":"","background-repeat":"repeat","background-position":"center center","background-size":"auto","background-attachment":"scroll","background-type":"","background-media":"","overlay-type":"","overlay-color":"","overlay-opacity":"","overlay-gradient":""},"tablet":{"background-color":"var(--ast-global-color-4)","background-image":"","background-repeat":"repeat","background-position":"center center","background-size":"auto","background-attachment":"scroll","background-type":"","background-media":"","overlay-type":"","overlay-color":"","overlay-opacity":"","overlay-gradient":""},"mobile":{"background-color":"var(--ast-global-color-4)","background-image":"","background-repeat":"repeat","background-position":"center center","background-size":"auto","background-attachment":"scroll","background-type":"","background-media":"","overlay-type":"","overlay-color":"","overlay-opacity":"","overlay-gradient":""}}},"product_brand":[],"product_cat":[410,458,2415,542],"product_tag":[],"class_list":{"0":"post-92738","1":"product","2":"type-product","3":"status-publish","4":"has-post-thumbnail","6":"product_cat-akcesoria-montazowe","7":"product_cat-kolki-haki-sruby-tuleje-rozporowe","8":"product_cat-screws","9":"product_cat-wkrety","10":"desktop-align-left","11":"tablet-align-left","12":"mobile-align-left","14":"first","15":"instock","16":"purchasable","17":"product-type-simple"},"uagb_featured_image_src":{"full":["https:\/\/electrosphere.pl\/wp-content\/uploads\/2025\/11\/csPhotos_Photo_816ACB2E-98DD-42CC-746B-85B5EA088AB8_1.jpg",524,119,false],"thumbnail":["https:\/\/electrosphere.pl\/wp-content\/uploads\/2025\/11\/csPhotos_Photo_816ACB2E-98DD-42CC-746B-85B5EA088AB8_1-150x119.jpg",150,119,true],"medium":["https:\/\/electrosphere.pl\/wp-content\/uploads\/2025\/11\/csPhotos_Photo_816ACB2E-98DD-42CC-746B-85B5EA088AB8_1-300x68.jpg",300,68,true],"medium_large":["https:\/\/electrosphere.pl\/wp-content\/uploads\/2025\/11\/csPhotos_Photo_816ACB2E-98DD-42CC-746B-85B5EA088AB8_1.jpg",524,119,false],"large":["https:\/\/electrosphere.pl\/wp-content\/uploads\/2025\/11\/csPhotos_Photo_816ACB2E-98DD-42CC-746B-85B5EA088AB8_1.jpg",524,119,false],"1536x1536":["https:\/\/electrosphere.pl\/wp-content\/uploads\/2025\/11\/csPhotos_Photo_816ACB2E-98DD-42CC-746B-85B5EA088AB8_1.jpg",524,119,false],"2048x2048":["https:\/\/electrosphere.pl\/wp-content\/uploads\/2025\/11\/csPhotos_Photo_816ACB2E-98DD-42CC-746B-85B5EA088AB8_1.jpg",524,119,false],"woocommerce_thumbnail":["https:\/\/electrosphere.pl\/wp-content\/uploads\/2025\/11\/csPhotos_Photo_816ACB2E-98DD-42CC-746B-85B5EA088AB8_1-300x119.jpg",300,119,true],"woocommerce_single":["https:\/\/electrosphere.pl\/wp-content\/uploads\/2025\/11\/csPhotos_Photo_816ACB2E-98DD-42CC-746B-85B5EA088AB8_1.jpg",524,119,false],"woocommerce_gallery_thumbnail":["https:\/\/electrosphere.pl\/wp-content\/uploads\/2025\/11\/csPhotos_Photo_816ACB2E-98DD-42CC-746B-85B5EA088AB8_1-100x100.jpg",100,100,true],"dgwt-wcas-product-suggestion":["https:\/\/electrosphere.pl\/wp-content\/uploads\/2025\/11\/csPhotos_Photo_816ACB2E-98DD-42CC-746B-85B5EA088AB8_1-64x15.jpg",64,15,true]},"uagb_author_info":{"display_name":"filipm","author_link":"https:\/\/electrosphere.pl\/en\/author\/"},"uagb_comment_info":0,"uagb_excerpt":"WD Double-Thread Screws for Wood 8&#215;120 mm Zinc Plated Double-thread screws for wood from Koelner, ideal for fastening various elements [&hellip;]","_links":{"self":[{"href":"https:\/\/electrosphere.pl\/en\/wp-json\/wp\/v2\/product\/92738","targetHints":{"allow":["GET"]}}],"collection":[{"href":"https:\/\/electrosphere.pl\/en\/wp-json\/wp\/v2\/product"}],"about":[{"href":"https:\/\/electrosphere.pl\/en\/wp-json\/wp\/v2\/types\/product"}],"wp:featuredmedia":[{"embeddable":true,"href":"https:\/\/electrosphere.pl\/en\/wp-json\/wp\/v2\/media\/45423"}],"wp:attachment":[{"href":"https:\/\/electrosphere.pl\/en\/wp-json\/wp\/v2\/media?parent=92738"}],"wp:term":[{"taxonomy":"product_brand","embeddable":true,"href":"https:\/\/electrosphere.pl\/en\/wp-json\/wp\/v2\/product_brand?post=92738"},{"taxonomy":"product_cat","embeddable":true,"href":"https:\/\/electrosphere.pl\/en\/wp-json\/wp\/v2\/product_cat?post=92738"},{"taxonomy":"product_tag","embeddable":true,"href":"https:\/\/electrosphere.pl\/en\/wp-json\/wp\/v2\/product_tag?post=92738"}],"curies":[{"name":"wp","href":"https:\/\/api.w.org\/{rel}","templated":true}]}}