{"id":91752,"date":"2025-11-25T20:01:45","date_gmt":"2025-11-25T20:01:45","guid":{"rendered":"https:\/\/electrosphere.pl\/galvanized-nails-papowe-3x30-pack-5kg\/"},"modified":"2026-04-03T07:39:09","modified_gmt":"2026-04-03T07:39:09","slug":"galvanized-nails-papowe-3x30-pack-5kg","status":"publish","type":"product","link":"https:\/\/electrosphere.pl\/en\/galvanized-nails-papowe-3x30-pack-5kg\/","title":{"rendered":"GALVANIZED NAILS PAPOWE 3X30 (PACK-5KG)"},"content":{"rendered":"<h2>Galvanized Roofing Nails 3&#215;30 (OPK-5KG)<\/h2>\n<p>High-quality roofing nails ideal for various construction and roofing applications.<\/p>\n<h3>Application<\/h3>\n<p>Galvanized roofing nails are designed for driving into various building materials, providing solid connections in roofing structures and other projects requiring durability and resistance to weather conditions.<\/p>\n<h3>Technical Data<\/h3>\n<ul>\n<li>Manufacturer: Koelner Polska Sp\u00f3\u0142ka z ograniczon\u0105 odpowiedzialno\u015bci\u0105<\/li>\n<li>Material: cold drawn steel wire<\/li>\n<li>Standard: DIN 1160A<\/li>\n<li>Dimensions: 3&#215;30 mm<\/li>\n<li>Coating: electro-galvanized<\/li>\n<\/ul>\n","protected":false},"excerpt":{"rendered":"<p>Galvanized Roofing Nails 3&#215;30 (OPK-5KG) High-quality roofing nails ideal for various construction and roofing applications. Application Galvanized roofing nails are [&hellip;]<\/p>\n","protected":false},"featured_media":46924,"template":"","meta":{"_uag_custom_page_level_css":"","site-sidebar-layout":"default","site-content-layout":"","ast-site-content-layout":"default","site-content-style":"default","site-sidebar-style":"default","ast-global-header-display":"","ast-banner-title-visibility":"","ast-main-header-display":"","ast-hfb-above-header-display":"","ast-hfb-below-header-display":"","ast-hfb-mobile-header-display":"","site-post-title":"","ast-breadcrumbs-content":"","ast-featured-img":"","footer-sml-layout":"","ast-disable-related-posts":"","theme-transparent-header-meta":"","adv-header-id-meta":"","stick-header-meta":"","header-above-stick-meta":"","header-main-stick-meta":"","header-below-stick-meta":"","astra-migrate-meta-layouts":"default","ast-page-background-enabled":"default","ast-page-background-meta":{"desktop":{"background-color":"var(--ast-global-color-5)","background-image":"","background-repeat":"repeat","background-position":"center center","background-size":"auto","background-attachment":"scroll","background-type":"","background-media":"","overlay-type":"","overlay-color":"","overlay-opacity":"","overlay-gradient":""},"tablet":{"background-color":"","background-image":"","background-repeat":"repeat","background-position":"center center","background-size":"auto","background-attachment":"scroll","background-type":"","background-media":"","overlay-type":"","overlay-color":"","overlay-opacity":"","overlay-gradient":""},"mobile":{"background-color":"","background-image":"","background-repeat":"repeat","background-position":"center center","background-size":"auto","background-attachment":"scroll","background-type":"","background-media":"","overlay-type":"","overlay-color":"","overlay-opacity":"","overlay-gradient":""}},"ast-content-background-meta":{"desktop":{"background-color":"var(--ast-global-color-4)","background-image":"","background-repeat":"repeat","background-position":"center center","background-size":"auto","background-attachment":"scroll","background-type":"","background-media":"","overlay-type":"","overlay-color":"","overlay-opacity":"","overlay-gradient":""},"tablet":{"background-color":"var(--ast-global-color-4)","background-image":"","background-repeat":"repeat","background-position":"center center","background-size":"auto","background-attachment":"scroll","background-type":"","background-media":"","overlay-type":"","overlay-color":"","overlay-opacity":"","overlay-gradient":""},"mobile":{"background-color":"var(--ast-global-color-4)","background-image":"","background-repeat":"repeat","background-position":"center center","background-size":"auto","background-attachment":"scroll","background-type":"","background-media":"","overlay-type":"","overlay-color":"","overlay-opacity":"","overlay-gradient":""}}},"product_brand":[],"product_cat":[410,1132,458,1632],"product_tag":[],"class_list":{"0":"post-91752","1":"product","2":"type-product","3":"status-publish","4":"has-post-thumbnail","6":"product_cat-akcesoria-montazowe","7":"product_cat-gwozdzie","8":"product_cat-kolki-haki-sruby-tuleje-rozporowe","9":"product_cat-nails","10":"desktop-align-left","11":"tablet-align-left","12":"mobile-align-left","14":"first","15":"instock","16":"purchasable","17":"product-type-simple"},"uagb_featured_image_src":{"full":["https:\/\/electrosphere.pl\/wp-content\/uploads\/2025\/11\/csPhotos_Photo_798579A7-58C1-4EC7-6F75-123AB9FE969A_1.png",656,130,false],"thumbnail":["https:\/\/electrosphere.pl\/wp-content\/uploads\/2025\/11\/csPhotos_Photo_798579A7-58C1-4EC7-6F75-123AB9FE969A_1-150x130.png",150,130,true],"medium":["https:\/\/electrosphere.pl\/wp-content\/uploads\/2025\/11\/csPhotos_Photo_798579A7-58C1-4EC7-6F75-123AB9FE969A_1-300x59.png",300,59,true],"medium_large":["https:\/\/electrosphere.pl\/wp-content\/uploads\/2025\/11\/csPhotos_Photo_798579A7-58C1-4EC7-6F75-123AB9FE969A_1.png",656,130,false],"large":["https:\/\/electrosphere.pl\/wp-content\/uploads\/2025\/11\/csPhotos_Photo_798579A7-58C1-4EC7-6F75-123AB9FE969A_1.png",656,130,false],"1536x1536":["https:\/\/electrosphere.pl\/wp-content\/uploads\/2025\/11\/csPhotos_Photo_798579A7-58C1-4EC7-6F75-123AB9FE969A_1.png",656,130,false],"2048x2048":["https:\/\/electrosphere.pl\/wp-content\/uploads\/2025\/11\/csPhotos_Photo_798579A7-58C1-4EC7-6F75-123AB9FE969A_1.png",656,130,false],"woocommerce_thumbnail":["https:\/\/electrosphere.pl\/wp-content\/uploads\/2025\/11\/csPhotos_Photo_798579A7-58C1-4EC7-6F75-123AB9FE969A_1-300x130.png",300,130,true],"woocommerce_single":["https:\/\/electrosphere.pl\/wp-content\/uploads\/2025\/11\/csPhotos_Photo_798579A7-58C1-4EC7-6F75-123AB9FE969A_1-600x119.png",600,119,true],"woocommerce_gallery_thumbnail":["https:\/\/electrosphere.pl\/wp-content\/uploads\/2025\/11\/csPhotos_Photo_798579A7-58C1-4EC7-6F75-123AB9FE969A_1-100x100.png",100,100,true],"dgwt-wcas-product-suggestion":["https:\/\/electrosphere.pl\/wp-content\/uploads\/2025\/11\/csPhotos_Photo_798579A7-58C1-4EC7-6F75-123AB9FE969A_1-64x13.png",64,13,true]},"uagb_author_info":{"display_name":"filipm","author_link":"https:\/\/electrosphere.pl\/en\/author\/"},"uagb_comment_info":0,"uagb_excerpt":"Galvanized Roofing Nails 3&#215;30 (OPK-5KG) High-quality roofing nails ideal for various construction and roofing applications. Application Galvanized roofing nails are [&hellip;]","_links":{"self":[{"href":"https:\/\/electrosphere.pl\/en\/wp-json\/wp\/v2\/product\/91752","targetHints":{"allow":["GET"]}}],"collection":[{"href":"https:\/\/electrosphere.pl\/en\/wp-json\/wp\/v2\/product"}],"about":[{"href":"https:\/\/electrosphere.pl\/en\/wp-json\/wp\/v2\/types\/product"}],"wp:featuredmedia":[{"embeddable":true,"href":"https:\/\/electrosphere.pl\/en\/wp-json\/wp\/v2\/media\/46924"}],"wp:attachment":[{"href":"https:\/\/electrosphere.pl\/en\/wp-json\/wp\/v2\/media?parent=91752"}],"wp:term":[{"taxonomy":"product_brand","embeddable":true,"href":"https:\/\/electrosphere.pl\/en\/wp-json\/wp\/v2\/product_brand?post=91752"},{"taxonomy":"product_cat","embeddable":true,"href":"https:\/\/electrosphere.pl\/en\/wp-json\/wp\/v2\/product_cat?post=91752"},{"taxonomy":"product_tag","embeddable":true,"href":"https:\/\/electrosphere.pl\/en\/wp-json\/wp\/v2\/product_tag?post=91752"}],"curies":[{"name":"wp","href":"https:\/\/api.w.org\/{rel}","templated":true}]}}