{"id":91708,"date":"2025-11-25T20:03:13","date_gmt":"2025-11-25T20:03:13","guid":{"rendered":"https:\/\/electrosphere.pl\/psh-hermetic-metal-enclosure-nt-600x600x250-full-door-with-plate-ip65-ik10-gray-profit-system\/"},"modified":"2026-03-31T11:58:53","modified_gmt":"2026-03-31T11:58:53","slug":"psh-hermetic-metal-enclosure-nt-600x600x250-full-door-with-plate-ip65-ik10-gray-profit-system","status":"publish","type":"product","link":"https:\/\/electrosphere.pl\/en\/psh-hermetic-metal-enclosure-nt-600x600x250-full-door-with-plate-ip65-ik10-gray-profit-system\/","title":{"rendered":"PSH HERMETIC METAL ENCLOSURE NT 600X600X250 FULL DOOR WITH PLATE IP65 IK10 GRAY PROFIT SYSTEM"},"content":{"rendered":"<h2>PSH Hermetic Metal Enclosure NT 600x600x250<\/h2>\n<p>PSH 606025 is a high-quality metal enclosure with an IP65 protection rating, ideal for use in harsh conditions.<\/p>\n<h3>Application<\/h3>\n<p>The metal enclosure is designed to protect electrical and electronic devices from water, dust, and other adverse weather conditions. With its sturdy construction and popular gray color, it is suitable for many installations.<\/p>\n<h3>Technical Data<\/h3>\n<ul>\n<li>Model: PSH 606025<\/li>\n<li>Dimensions: 600x600x250 mm<\/li>\n<li>Material: Metal<\/li>\n<li>Protection rating: IP65<\/li>\n<li>Impact resistance: IK10<\/li>\n<li>Color: Gray<\/li>\n<li>Door type: Full with plate<\/li>\n<li>Manufacturer: KUBIAK SYSTEM SP\u00d3\u0141KA Z OGRANICZON\u0104 ODPOWIEDZIALNO\u015aCI\u0104<\/li>\n<\/ul>\n","protected":false},"excerpt":{"rendered":"<p>PSH Hermetic Metal Enclosure NT 600x600x250 PSH 606025 is a high-quality metal enclosure with an IP65 protection rating, ideal for [&hellip;]<\/p>\n","protected":false},"featured_media":46996,"template":"","meta":{"_uag_custom_page_level_css":"","site-sidebar-layout":"default","site-content-layout":"","ast-site-content-layout":"default","site-content-style":"default","site-sidebar-style":"default","ast-global-header-display":"","ast-banner-title-visibility":"","ast-main-header-display":"","ast-hfb-above-header-display":"","ast-hfb-below-header-display":"","ast-hfb-mobile-header-display":"","site-post-title":"","ast-breadcrumbs-content":"","ast-featured-img":"","footer-sml-layout":"","ast-disable-related-posts":"","theme-transparent-header-meta":"","adv-header-id-meta":"","stick-header-meta":"","header-above-stick-meta":"","header-main-stick-meta":"","header-below-stick-meta":"","astra-migrate-meta-layouts":"default","ast-page-background-enabled":"default","ast-page-background-meta":{"desktop":{"background-color":"var(--ast-global-color-5)","background-image":"","background-repeat":"repeat","background-position":"center center","background-size":"auto","background-attachment":"scroll","background-type":"","background-media":"","overlay-type":"","overlay-color":"","overlay-opacity":"","overlay-gradient":""},"tablet":{"background-color":"","background-image":"","background-repeat":"repeat","background-position":"center center","background-size":"auto","background-attachment":"scroll","background-type":"","background-media":"","overlay-type":"","overlay-color":"","overlay-opacity":"","overlay-gradient":""},"mobile":{"background-color":"","background-image":"","background-repeat":"repeat","background-position":"center center","background-size":"auto","background-attachment":"scroll","background-type":"","background-media":"","overlay-type":"","overlay-color":"","overlay-opacity":"","overlay-gradient":""}},"ast-content-background-meta":{"desktop":{"background-color":"var(--ast-global-color-4)","background-image":"","background-repeat":"repeat","background-position":"center center","background-size":"auto","background-attachment":"scroll","background-type":"","background-media":"","overlay-type":"","overlay-color":"","overlay-opacity":"","overlay-gradient":""},"tablet":{"background-color":"var(--ast-global-color-4)","background-image":"","background-repeat":"repeat","background-position":"center center","background-size":"auto","background-attachment":"scroll","background-type":"","background-media":"","overlay-type":"","overlay-color":"","overlay-opacity":"","overlay-gradient":""},"mobile":{"background-color":"var(--ast-global-color-4)","background-image":"","background-repeat":"repeat","background-position":"center center","background-size":"auto","background-attachment":"scroll","background-type":"","background-media":"","overlay-type":"","overlay-color":"","overlay-opacity":"","overlay-gradient":""}}},"product_brand":[],"product_cat":[1857,417,646,416],"product_tag":[],"class_list":{"0":"post-91708","1":"product","2":"type-product","3":"status-publish","4":"has-post-thumbnail","6":"product_cat-metal-enclosures","7":"product_cat-obudowy","8":"product_cat-obudowy-metalowe","9":"product_cat-rozdzielnice-i-obudowy","10":"desktop-align-left","11":"tablet-align-left","12":"mobile-align-left","14":"first","15":"instock","16":"purchasable","17":"product-type-simple"},"uagb_featured_image_src":{"full":["https:\/\/electrosphere.pl\/wp-content\/uploads\/2025\/11\/csPhotos_Photo_83E216F8-739E-4117-9556-4A1FD23DB372_1.jpg",800,800,false],"thumbnail":["https:\/\/electrosphere.pl\/wp-content\/uploads\/2025\/11\/csPhotos_Photo_83E216F8-739E-4117-9556-4A1FD23DB372_1-150x150.jpg",150,150,true],"medium":["https:\/\/electrosphere.pl\/wp-content\/uploads\/2025\/11\/csPhotos_Photo_83E216F8-739E-4117-9556-4A1FD23DB372_1-300x300.jpg",300,300,true],"medium_large":["https:\/\/electrosphere.pl\/wp-content\/uploads\/2025\/11\/csPhotos_Photo_83E216F8-739E-4117-9556-4A1FD23DB372_1-768x768.jpg",768,768,true],"large":["https:\/\/electrosphere.pl\/wp-content\/uploads\/2025\/11\/csPhotos_Photo_83E216F8-739E-4117-9556-4A1FD23DB372_1.jpg",800,800,false],"1536x1536":["https:\/\/electrosphere.pl\/wp-content\/uploads\/2025\/11\/csPhotos_Photo_83E216F8-739E-4117-9556-4A1FD23DB372_1.jpg",800,800,false],"2048x2048":["https:\/\/electrosphere.pl\/wp-content\/uploads\/2025\/11\/csPhotos_Photo_83E216F8-739E-4117-9556-4A1FD23DB372_1.jpg",800,800,false],"woocommerce_thumbnail":["https:\/\/electrosphere.pl\/wp-content\/uploads\/2025\/11\/csPhotos_Photo_83E216F8-739E-4117-9556-4A1FD23DB372_1-300x300.jpg",300,300,true],"woocommerce_single":["https:\/\/electrosphere.pl\/wp-content\/uploads\/2025\/11\/csPhotos_Photo_83E216F8-739E-4117-9556-4A1FD23DB372_1-600x600.jpg",600,600,true],"woocommerce_gallery_thumbnail":["https:\/\/electrosphere.pl\/wp-content\/uploads\/2025\/11\/csPhotos_Photo_83E216F8-739E-4117-9556-4A1FD23DB372_1-100x100.jpg",100,100,true],"dgwt-wcas-product-suggestion":["https:\/\/electrosphere.pl\/wp-content\/uploads\/2025\/11\/csPhotos_Photo_83E216F8-739E-4117-9556-4A1FD23DB372_1-64x64.jpg",64,64,true]},"uagb_author_info":{"display_name":"filipm","author_link":"https:\/\/electrosphere.pl\/en\/author\/"},"uagb_comment_info":0,"uagb_excerpt":"PSH Hermetic Metal Enclosure NT 600x600x250 PSH 606025 is a high-quality metal enclosure with an IP65 protection rating, ideal for [&hellip;]","_links":{"self":[{"href":"https:\/\/electrosphere.pl\/en\/wp-json\/wp\/v2\/product\/91708","targetHints":{"allow":["GET"]}}],"collection":[{"href":"https:\/\/electrosphere.pl\/en\/wp-json\/wp\/v2\/product"}],"about":[{"href":"https:\/\/electrosphere.pl\/en\/wp-json\/wp\/v2\/types\/product"}],"wp:featuredmedia":[{"embeddable":true,"href":"https:\/\/electrosphere.pl\/en\/wp-json\/wp\/v2\/media\/46996"}],"wp:attachment":[{"href":"https:\/\/electrosphere.pl\/en\/wp-json\/wp\/v2\/media?parent=91708"}],"wp:term":[{"taxonomy":"product_brand","embeddable":true,"href":"https:\/\/electrosphere.pl\/en\/wp-json\/wp\/v2\/product_brand?post=91708"},{"taxonomy":"product_cat","embeddable":true,"href":"https:\/\/electrosphere.pl\/en\/wp-json\/wp\/v2\/product_cat?post=91708"},{"taxonomy":"product_tag","embeddable":true,"href":"https:\/\/electrosphere.pl\/en\/wp-json\/wp\/v2\/product_tag?post=91708"}],"curies":[{"name":"wp","href":"https:\/\/api.w.org\/{rel}","templated":true}]}}