{"id":90434,"date":"2025-11-25T20:55:16","date_gmt":"2025-11-25T20:55:16","guid":{"rendered":"https:\/\/electrosphere.pl\/polyurethane-2-component-non-removable-resin-1kv-black-eg-464ml\/"},"modified":"2026-03-31T11:59:48","modified_gmt":"2026-03-31T11:59:48","slug":"polyurethane-2-component-non-removable-resin-1kv-black-eg-464ml","status":"publish","type":"product","link":"https:\/\/electrosphere.pl\/en\/polyurethane-2-component-non-removable-resin-1kv-black-eg-464ml\/","title":{"rendered":"POLYURETHANE 2-COMPONENT NON-REMOVABLE RESIN 1KV BLACK EG 464ML"},"content":{"rendered":"<h2>Polyurethane Resin 2-Component Non-Removable 1kV Black EG 464ml<\/h2>\n<p>The non-removable 1kV resin (black) provides excellent dielectric and mechanical protection for the connections it secures.<\/p>\n<h3>Application<\/h3>\n<p>Polyurethane resin is used in various applications where high-quality protection of electrical and mechanical connections is required, ensuring their durability and reliability.<\/p>\n<h3>Technical Data<\/h3>\n<ul>\n<li>Type: 2-Component Polyurethane Resin<\/li>\n<li>Non-Removability: Yes<\/li>\n<li>Voltage: 1kV<\/li>\n<li>Color: Black<\/li>\n<li>Volume: 464ml<\/li>\n<li>Manufacturer: BEHR BIRCHER CELLPACK BBC POLSKA SP\u00d3\u0141KA Z OGRANICZON\u0104 ODPOWIEDZIALNO\u015aCI\u0104<\/li>\n<\/ul>\n","protected":false},"excerpt":{"rendered":"<p>Polyurethane Resin 2-Component Non-Removable 1kV Black EG 464ml The non-removable 1kV resin (black) provides excellent dielectric and mechanical protection for [&hellip;]<\/p>\n","protected":false},"featured_media":48941,"template":"","meta":{"_uag_custom_page_level_css":"","site-sidebar-layout":"default","site-content-layout":"","ast-site-content-layout":"default","site-content-style":"default","site-sidebar-style":"default","ast-global-header-display":"","ast-banner-title-visibility":"","ast-main-header-display":"","ast-hfb-above-header-display":"","ast-hfb-below-header-display":"","ast-hfb-mobile-header-display":"","site-post-title":"","ast-breadcrumbs-content":"","ast-featured-img":"","footer-sml-layout":"","ast-disable-related-posts":"","theme-transparent-header-meta":"","adv-header-id-meta":"","stick-header-meta":"","header-above-stick-meta":"","header-main-stick-meta":"","header-below-stick-meta":"","astra-migrate-meta-layouts":"default","ast-page-background-enabled":"default","ast-page-background-meta":{"desktop":{"background-color":"var(--ast-global-color-5)","background-image":"","background-repeat":"repeat","background-position":"center center","background-size":"auto","background-attachment":"scroll","background-type":"","background-media":"","overlay-type":"","overlay-color":"","overlay-opacity":"","overlay-gradient":""},"tablet":{"background-color":"","background-image":"","background-repeat":"repeat","background-position":"center center","background-size":"auto","background-attachment":"scroll","background-type":"","background-media":"","overlay-type":"","overlay-color":"","overlay-opacity":"","overlay-gradient":""},"mobile":{"background-color":"","background-image":"","background-repeat":"repeat","background-position":"center center","background-size":"auto","background-attachment":"scroll","background-type":"","background-media":"","overlay-type":"","overlay-color":"","overlay-opacity":"","overlay-gradient":""}},"ast-content-background-meta":{"desktop":{"background-color":"var(--ast-global-color-4)","background-image":"","background-repeat":"repeat","background-position":"center center","background-size":"auto","background-attachment":"scroll","background-type":"","background-media":"","overlay-type":"","overlay-color":"","overlay-opacity":"","overlay-gradient":""},"tablet":{"background-color":"var(--ast-global-color-4)","background-image":"","background-repeat":"repeat","background-position":"center center","background-size":"auto","background-attachment":"scroll","background-type":"","background-media":"","overlay-type":"","overlay-color":"","overlay-opacity":"","overlay-gradient":""},"mobile":{"background-color":"var(--ast-global-color-4)","background-image":"","background-repeat":"repeat","background-position":"center center","background-size":"auto","background-attachment":"scroll","background-type":"","background-media":"","overlay-type":"","overlay-color":"","overlay-opacity":"","overlay-gradient":""}}},"product_brand":[],"product_cat":[410,2534,737,1190],"product_tag":[],"class_list":{"0":"post-90434","1":"product","2":"type-product","3":"status-publish","4":"has-post-thumbnail","6":"product_cat-akcesoria-montazowe","7":"product_cat-insulating-resins","8":"product_cat-materialy-izolacyjne-i-naprawcze-mufy-kablowe","9":"product_cat-zywice-izolacyjne","10":"desktop-align-left","11":"tablet-align-left","12":"mobile-align-left","14":"first","15":"onbackorder","16":"purchasable","17":"product-type-simple"},"uagb_featured_image_src":{"full":["https:\/\/electrosphere.pl\/wp-content\/uploads\/2025\/11\/csPhotos_Photo_21644098-12E2-4735-661C-A119D4B29F5A_1.png",258,192,false],"thumbnail":["https:\/\/electrosphere.pl\/wp-content\/uploads\/2025\/11\/csPhotos_Photo_21644098-12E2-4735-661C-A119D4B29F5A_1-150x150.png",150,150,true],"medium":["https:\/\/electrosphere.pl\/wp-content\/uploads\/2025\/11\/csPhotos_Photo_21644098-12E2-4735-661C-A119D4B29F5A_1.png",258,192,false],"medium_large":["https:\/\/electrosphere.pl\/wp-content\/uploads\/2025\/11\/csPhotos_Photo_21644098-12E2-4735-661C-A119D4B29F5A_1.png",258,192,false],"large":["https:\/\/electrosphere.pl\/wp-content\/uploads\/2025\/11\/csPhotos_Photo_21644098-12E2-4735-661C-A119D4B29F5A_1.png",258,192,false],"1536x1536":["https:\/\/electrosphere.pl\/wp-content\/uploads\/2025\/11\/csPhotos_Photo_21644098-12E2-4735-661C-A119D4B29F5A_1.png",258,192,false],"2048x2048":["https:\/\/electrosphere.pl\/wp-content\/uploads\/2025\/11\/csPhotos_Photo_21644098-12E2-4735-661C-A119D4B29F5A_1.png",258,192,false],"woocommerce_thumbnail":["https:\/\/electrosphere.pl\/wp-content\/uploads\/2025\/11\/csPhotos_Photo_21644098-12E2-4735-661C-A119D4B29F5A_1.png",258,192,false],"woocommerce_single":["https:\/\/electrosphere.pl\/wp-content\/uploads\/2025\/11\/csPhotos_Photo_21644098-12E2-4735-661C-A119D4B29F5A_1.png",258,192,false],"woocommerce_gallery_thumbnail":["https:\/\/electrosphere.pl\/wp-content\/uploads\/2025\/11\/csPhotos_Photo_21644098-12E2-4735-661C-A119D4B29F5A_1-100x100.png",100,100,true],"dgwt-wcas-product-suggestion":["https:\/\/electrosphere.pl\/wp-content\/uploads\/2025\/11\/csPhotos_Photo_21644098-12E2-4735-661C-A119D4B29F5A_1-64x48.png",64,48,true]},"uagb_author_info":{"display_name":"filipm","author_link":"https:\/\/electrosphere.pl\/en\/author\/"},"uagb_comment_info":0,"uagb_excerpt":"Polyurethane Resin 2-Component Non-Removable 1kV Black EG 464ml The non-removable 1kV resin (black) provides excellent dielectric and mechanical protection for [&hellip;]","_links":{"self":[{"href":"https:\/\/electrosphere.pl\/en\/wp-json\/wp\/v2\/product\/90434","targetHints":{"allow":["GET"]}}],"collection":[{"href":"https:\/\/electrosphere.pl\/en\/wp-json\/wp\/v2\/product"}],"about":[{"href":"https:\/\/electrosphere.pl\/en\/wp-json\/wp\/v2\/types\/product"}],"wp:featuredmedia":[{"embeddable":true,"href":"https:\/\/electrosphere.pl\/en\/wp-json\/wp\/v2\/media\/48941"}],"wp:attachment":[{"href":"https:\/\/electrosphere.pl\/en\/wp-json\/wp\/v2\/media?parent=90434"}],"wp:term":[{"taxonomy":"product_brand","embeddable":true,"href":"https:\/\/electrosphere.pl\/en\/wp-json\/wp\/v2\/product_brand?post=90434"},{"taxonomy":"product_cat","embeddable":true,"href":"https:\/\/electrosphere.pl\/en\/wp-json\/wp\/v2\/product_cat?post=90434"},{"taxonomy":"product_tag","embeddable":true,"href":"https:\/\/electrosphere.pl\/en\/wp-json\/wp\/v2\/product_tag?post=90434"}],"curies":[{"name":"wp","href":"https:\/\/api.w.org\/{rel}","templated":true}]}}