{"id":90306,"date":"2025-11-25T20:57:42","date_gmt":"2025-11-25T20:57:42","guid":{"rendered":"https:\/\/electrosphere.pl\/uz-47-lockable-handle-fi47-white\/"},"modified":"2026-03-31T11:59:36","modified_gmt":"2026-03-31T11:59:36","slug":"uz-47-lockable-handle-fi47-white","status":"publish","type":"product","link":"https:\/\/electrosphere.pl\/en\/uz-47-lockable-handle-fi47-white\/","title":{"rendered":"UZ 47 LOCKABLE HANDLE FI47 WHITE"},"content":{"rendered":"<h2>UZ 47 LOCKABLE HANDLE FI47 WHITE<\/h2>\n<p>Elegant and practical lockable handle, ideal for various applications.<\/p>\n<h3>Application<\/h3>\n<p>The UZE-47 closed handle is an excellent solution for those looking for a solid and aesthetic element for interior finishing. It will work well in furniture and doors, providing convenient access and a modern look.<\/p>\n<h3>Technical Data<\/h3>\n<ul>\n<li>Manufacturer: ZAK\u0141AD PRODUKCYJNO-HANDLOWY JAN GO\u0141\u0118BIEWSKI<\/li>\n<li>Type: Lockable handle<\/li>\n<li>Diameter: FI47<\/li>\n<li>Color: White<\/li>\n<li>Model: ELM0024<\/li>\n<\/ul>\n","protected":false},"excerpt":{"rendered":"<p>UZ 47 LOCKABLE HANDLE FI47 WHITE Elegant and practical lockable handle, ideal for various applications. Application The UZE-47 closed handle [&hellip;]<\/p>\n","protected":false},"featured_media":49130,"template":"","meta":{"_uag_custom_page_level_css":"","site-sidebar-layout":"default","site-content-layout":"","ast-site-content-layout":"default","site-content-style":"default","site-sidebar-style":"default","ast-global-header-display":"","ast-banner-title-visibility":"","ast-main-header-display":"","ast-hfb-above-header-display":"","ast-hfb-below-header-display":"","ast-hfb-mobile-header-display":"","site-post-title":"","ast-breadcrumbs-content":"","ast-featured-img":"","footer-sml-layout":"","ast-disable-related-posts":"","theme-transparent-header-meta":"","adv-header-id-meta":"","stick-header-meta":"","header-above-stick-meta":"","header-main-stick-meta":"","header-below-stick-meta":"","astra-migrate-meta-layouts":"default","ast-page-background-enabled":"default","ast-page-background-meta":{"desktop":{"background-color":"var(--ast-global-color-5)","background-image":"","background-repeat":"repeat","background-position":"center center","background-size":"auto","background-attachment":"scroll","background-type":"","background-media":"","overlay-type":"","overlay-color":"","overlay-opacity":"","overlay-gradient":""},"tablet":{"background-color":"","background-image":"","background-repeat":"repeat","background-position":"center center","background-size":"auto","background-attachment":"scroll","background-type":"","background-media":"","overlay-type":"","overlay-color":"","overlay-opacity":"","overlay-gradient":""},"mobile":{"background-color":"","background-image":"","background-repeat":"repeat","background-position":"center center","background-size":"auto","background-attachment":"scroll","background-type":"","background-media":"","overlay-type":"","overlay-color":"","overlay-opacity":"","overlay-gradient":""}},"ast-content-background-meta":{"desktop":{"background-color":"var(--ast-global-color-4)","background-image":"","background-repeat":"repeat","background-position":"center center","background-size":"auto","background-attachment":"scroll","background-type":"","background-media":"","overlay-type":"","overlay-color":"","overlay-opacity":"","overlay-gradient":""},"tablet":{"background-color":"var(--ast-global-color-4)","background-image":"","background-repeat":"repeat","background-position":"center center","background-size":"auto","background-attachment":"scroll","background-type":"","background-media":"","overlay-type":"","overlay-color":"","overlay-opacity":"","overlay-gradient":""},"mobile":{"background-color":"var(--ast-global-color-4)","background-image":"","background-repeat":"repeat","background-position":"center center","background-size":"auto","background-attachment":"scroll","background-type":"","background-media":"","overlay-type":"","overlay-color":"","overlay-opacity":"","overlay-gradient":""}}},"product_brand":[],"product_cat":[410,2366,604,723],"product_tag":[],"class_list":{"0":"post-90306","1":"product","2":"type-product","3":"status-publish","4":"has-post-thumbnail","6":"product_cat-akcesoria-montazowe","7":"product_cat-pipe-brackets","8":"product_cat-systemy-mocowan","9":"product_cat-uchwyty-do-rur","10":"desktop-align-left","11":"tablet-align-left","12":"mobile-align-left","14":"first","15":"instock","16":"purchasable","17":"product-type-simple"},"uagb_featured_image_src":{"full":["https:\/\/electrosphere.pl\/wp-content\/uploads\/2025\/11\/csPhotos_Photo_11BF1672-942A-4296-8A6C-B6A4CF619232_1.jpg",318,318,false],"thumbnail":["https:\/\/electrosphere.pl\/wp-content\/uploads\/2025\/11\/csPhotos_Photo_11BF1672-942A-4296-8A6C-B6A4CF619232_1-150x150.jpg",150,150,true],"medium":["https:\/\/electrosphere.pl\/wp-content\/uploads\/2025\/11\/csPhotos_Photo_11BF1672-942A-4296-8A6C-B6A4CF619232_1-300x300.jpg",300,300,true],"medium_large":["https:\/\/electrosphere.pl\/wp-content\/uploads\/2025\/11\/csPhotos_Photo_11BF1672-942A-4296-8A6C-B6A4CF619232_1.jpg",318,318,false],"large":["https:\/\/electrosphere.pl\/wp-content\/uploads\/2025\/11\/csPhotos_Photo_11BF1672-942A-4296-8A6C-B6A4CF619232_1.jpg",318,318,false],"1536x1536":["https:\/\/electrosphere.pl\/wp-content\/uploads\/2025\/11\/csPhotos_Photo_11BF1672-942A-4296-8A6C-B6A4CF619232_1.jpg",318,318,false],"2048x2048":["https:\/\/electrosphere.pl\/wp-content\/uploads\/2025\/11\/csPhotos_Photo_11BF1672-942A-4296-8A6C-B6A4CF619232_1.jpg",318,318,false],"woocommerce_thumbnail":["https:\/\/electrosphere.pl\/wp-content\/uploads\/2025\/11\/csPhotos_Photo_11BF1672-942A-4296-8A6C-B6A4CF619232_1-300x300.jpg",300,300,true],"woocommerce_single":["https:\/\/electrosphere.pl\/wp-content\/uploads\/2025\/11\/csPhotos_Photo_11BF1672-942A-4296-8A6C-B6A4CF619232_1.jpg",318,318,false],"woocommerce_gallery_thumbnail":["https:\/\/electrosphere.pl\/wp-content\/uploads\/2025\/11\/csPhotos_Photo_11BF1672-942A-4296-8A6C-B6A4CF619232_1-100x100.jpg",100,100,true],"dgwt-wcas-product-suggestion":["https:\/\/electrosphere.pl\/wp-content\/uploads\/2025\/11\/csPhotos_Photo_11BF1672-942A-4296-8A6C-B6A4CF619232_1-64x64.jpg",64,64,true]},"uagb_author_info":{"display_name":"filipm","author_link":"https:\/\/electrosphere.pl\/en\/author\/"},"uagb_comment_info":0,"uagb_excerpt":"UZ 47 LOCKABLE HANDLE FI47 WHITE Elegant and practical lockable handle, ideal for various applications. Application The UZE-47 closed handle [&hellip;]","_links":{"self":[{"href":"https:\/\/electrosphere.pl\/en\/wp-json\/wp\/v2\/product\/90306","targetHints":{"allow":["GET"]}}],"collection":[{"href":"https:\/\/electrosphere.pl\/en\/wp-json\/wp\/v2\/product"}],"about":[{"href":"https:\/\/electrosphere.pl\/en\/wp-json\/wp\/v2\/types\/product"}],"wp:featuredmedia":[{"embeddable":true,"href":"https:\/\/electrosphere.pl\/en\/wp-json\/wp\/v2\/media\/49130"}],"wp:attachment":[{"href":"https:\/\/electrosphere.pl\/en\/wp-json\/wp\/v2\/media?parent=90306"}],"wp:term":[{"taxonomy":"product_brand","embeddable":true,"href":"https:\/\/electrosphere.pl\/en\/wp-json\/wp\/v2\/product_brand?post=90306"},{"taxonomy":"product_cat","embeddable":true,"href":"https:\/\/electrosphere.pl\/en\/wp-json\/wp\/v2\/product_cat?post=90306"},{"taxonomy":"product_tag","embeddable":true,"href":"https:\/\/electrosphere.pl\/en\/wp-json\/wp\/v2\/product_tag?post=90306"}],"curies":[{"name":"wp","href":"https:\/\/api.w.org\/{rel}","templated":true}]}}