{"id":90300,"date":"2025-11-25T20:57:50","date_gmt":"2025-11-25T20:57:50","guid":{"rendered":"https:\/\/electrosphere.pl\/uz-22-lockable-handle-fi22-white\/"},"modified":"2026-04-03T07:40:29","modified_gmt":"2026-04-03T07:40:29","slug":"uz-22-lockable-handle-fi22-white","status":"publish","type":"product","link":"https:\/\/electrosphere.pl\/en\/uz-22-lockable-handle-fi22-white\/","title":{"rendered":"UZ 22 LOCKABLE HANDLE FI22 WHITE"},"content":{"rendered":"<h2>UZ 22 LOCKABLE HANDLE FI22 WHITE<\/h2>\n<p>The UZ 22 handle features a solid construction and an aesthetic appearance, making it ideal for various applications.<\/p>\n<h3>Application<\/h3>\n<p>This handle is designed for closing and supporting various elements, making it perfect for furniture making and other industries that require functional solutions.<\/p>\n<h3>Technical Data<\/h3>\n<ul>\n<li>Manufacturer: ZAK\u0141AD PRODUKCYJNO-HANDLOWY JAN GO\u0141\u0118BIEWSKI<\/li>\n<li>Type: Lockable handle<\/li>\n<li>Diameter: fi22<\/li>\n<li>Color: White<\/li>\n<li>Model: ELM0023 Handle UZE-25<\/li>\n<\/ul>\n","protected":false},"excerpt":{"rendered":"<p>UZ 22 LOCKABLE HANDLE FI22 WHITE The UZ 22 handle features a solid construction and an aesthetic appearance, making it [&hellip;]<\/p>\n","protected":false},"featured_media":139589,"template":"","meta":{"_uag_custom_page_level_css":"","site-sidebar-layout":"default","site-content-layout":"","ast-site-content-layout":"default","site-content-style":"default","site-sidebar-style":"default","ast-global-header-display":"","ast-banner-title-visibility":"","ast-main-header-display":"","ast-hfb-above-header-display":"","ast-hfb-below-header-display":"","ast-hfb-mobile-header-display":"","site-post-title":"","ast-breadcrumbs-content":"","ast-featured-img":"","footer-sml-layout":"","ast-disable-related-posts":"","theme-transparent-header-meta":"default","adv-header-id-meta":"","stick-header-meta":"","header-above-stick-meta":"","header-main-stick-meta":"","header-below-stick-meta":"","astra-migrate-meta-layouts":"default","ast-page-background-enabled":"default","ast-page-background-meta":{"desktop":{"background-color":"var(--ast-global-color-5)","background-image":"","background-repeat":"repeat","background-position":"center center","background-size":"auto","background-attachment":"scroll","background-type":"","background-media":"","overlay-type":"","overlay-color":"","overlay-opacity":"","overlay-gradient":""},"tablet":{"background-color":"","background-image":"","background-repeat":"repeat","background-position":"center center","background-size":"auto","background-attachment":"scroll","background-type":"","background-media":"","overlay-type":"","overlay-color":"","overlay-opacity":"","overlay-gradient":""},"mobile":{"background-color":"","background-image":"","background-repeat":"repeat","background-position":"center center","background-size":"auto","background-attachment":"scroll","background-type":"","background-media":"","overlay-type":"","overlay-color":"","overlay-opacity":"","overlay-gradient":""}},"ast-content-background-meta":{"desktop":{"background-color":"var(--ast-global-color-4)","background-image":"","background-repeat":"repeat","background-position":"center center","background-size":"auto","background-attachment":"scroll","background-type":"","background-media":"","overlay-type":"","overlay-color":"","overlay-opacity":"","overlay-gradient":""},"tablet":{"background-color":"var(--ast-global-color-4)","background-image":"","background-repeat":"repeat","background-position":"center center","background-size":"auto","background-attachment":"scroll","background-type":"","background-media":"","overlay-type":"","overlay-color":"","overlay-opacity":"","overlay-gradient":""},"mobile":{"background-color":"var(--ast-global-color-4)","background-image":"","background-repeat":"repeat","background-position":"center center","background-size":"auto","background-attachment":"scroll","background-type":"","background-media":"","overlay-type":"","overlay-color":"","overlay-opacity":"","overlay-gradient":""}}},"product_brand":[],"product_cat":[1467,2282,2366],"product_tag":[],"class_list":{"0":"post-90300","1":"product","2":"type-product","3":"status-publish","4":"has-post-thumbnail","6":"product_cat-mounting-accessories","7":"product_cat-mounting-systems","8":"product_cat-pipe-brackets","9":"desktop-align-left","10":"tablet-align-left","11":"mobile-align-left","13":"first","14":"instock","15":"purchasable","16":"product-type-simple"},"uagb_featured_image_src":{"full":["https:\/\/electrosphere.pl\/wp-content\/uploads\/2025\/11\/csPhotos_Photo_038BD526-FB46-4B5C-A072-740011936B56_1.jpg",318,318,false],"thumbnail":["https:\/\/electrosphere.pl\/wp-content\/uploads\/2025\/11\/csPhotos_Photo_038BD526-FB46-4B5C-A072-740011936B56_1-150x150.jpg",150,150,true],"medium":["https:\/\/electrosphere.pl\/wp-content\/uploads\/2025\/11\/csPhotos_Photo_038BD526-FB46-4B5C-A072-740011936B56_1-300x300.jpg",300,300,true],"medium_large":["https:\/\/electrosphere.pl\/wp-content\/uploads\/2025\/11\/csPhotos_Photo_038BD526-FB46-4B5C-A072-740011936B56_1.jpg",318,318,false],"large":["https:\/\/electrosphere.pl\/wp-content\/uploads\/2025\/11\/csPhotos_Photo_038BD526-FB46-4B5C-A072-740011936B56_1.jpg",318,318,false],"1536x1536":["https:\/\/electrosphere.pl\/wp-content\/uploads\/2025\/11\/csPhotos_Photo_038BD526-FB46-4B5C-A072-740011936B56_1.jpg",318,318,false],"2048x2048":["https:\/\/electrosphere.pl\/wp-content\/uploads\/2025\/11\/csPhotos_Photo_038BD526-FB46-4B5C-A072-740011936B56_1.jpg",318,318,false],"woocommerce_thumbnail":["https:\/\/electrosphere.pl\/wp-content\/uploads\/2025\/11\/csPhotos_Photo_038BD526-FB46-4B5C-A072-740011936B56_1-300x300.jpg",300,300,true],"woocommerce_single":["https:\/\/electrosphere.pl\/wp-content\/uploads\/2025\/11\/csPhotos_Photo_038BD526-FB46-4B5C-A072-740011936B56_1.jpg",318,318,false],"woocommerce_gallery_thumbnail":["https:\/\/electrosphere.pl\/wp-content\/uploads\/2025\/11\/csPhotos_Photo_038BD526-FB46-4B5C-A072-740011936B56_1-100x100.jpg",100,100,true],"dgwt-wcas-product-suggestion":["https:\/\/electrosphere.pl\/wp-content\/uploads\/2025\/11\/csPhotos_Photo_038BD526-FB46-4B5C-A072-740011936B56_1-64x64.jpg",64,64,true]},"uagb_author_info":{"display_name":"filipm","author_link":"https:\/\/electrosphere.pl\/en\/author\/"},"uagb_comment_info":0,"uagb_excerpt":"UZ 22 LOCKABLE HANDLE FI22 WHITE The UZ 22 handle features a solid construction and an aesthetic appearance, making it [&hellip;]","_links":{"self":[{"href":"https:\/\/electrosphere.pl\/en\/wp-json\/wp\/v2\/product\/90300","targetHints":{"allow":["GET"]}}],"collection":[{"href":"https:\/\/electrosphere.pl\/en\/wp-json\/wp\/v2\/product"}],"about":[{"href":"https:\/\/electrosphere.pl\/en\/wp-json\/wp\/v2\/types\/product"}],"wp:featuredmedia":[{"embeddable":true,"href":"https:\/\/electrosphere.pl\/en\/wp-json\/wp\/v2\/media\/139589"}],"wp:attachment":[{"href":"https:\/\/electrosphere.pl\/en\/wp-json\/wp\/v2\/media?parent=90300"}],"wp:term":[{"taxonomy":"product_brand","embeddable":true,"href":"https:\/\/electrosphere.pl\/en\/wp-json\/wp\/v2\/product_brand?post=90300"},{"taxonomy":"product_cat","embeddable":true,"href":"https:\/\/electrosphere.pl\/en\/wp-json\/wp\/v2\/product_cat?post=90300"},{"taxonomy":"product_tag","embeddable":true,"href":"https:\/\/electrosphere.pl\/en\/wp-json\/wp\/v2\/product_tag?post=90300"}],"curies":[{"name":"wp","href":"https:\/\/api.w.org\/{rel}","templated":true}]}}