{"id":89978,"date":"2025-11-25T21:03:57","date_gmt":"2025-11-25T21:03:57","guid":{"rendered":"https:\/\/electrosphere.pl\/modular-network-generator-switch-4p-63a\/"},"modified":"2026-04-03T07:42:13","modified_gmt":"2026-04-03T07:42:13","slug":"modular-network-generator-switch-4p-63a","status":"publish","type":"product","link":"https:\/\/electrosphere.pl\/en\/modular-network-generator-switch-4p-63a\/","title":{"rendered":"MODULAR NETWORK-GENERATOR SWITCH 4P 63A"},"content":{"rendered":"<h2>Modular Network-Generator Switch 4P 63A<\/h2>\n<p>Power switches belong to the category of Switches, Disconnectors and are used for manual or automatic switching of power sources.<\/p>\n<h3>Application<\/h3>\n<p>They ensure continuity of operation and safety of the installation, allowing for quick disconnection or change of power supply. They are used in emergency and industrial systems. They help in optimal energy management.<\/p>\n<h3>Technical Data<\/h3>\n<ul>\n<li>Type: Modular Switch<\/li>\n<li>Number of Poles: 4P<\/li>\n<li>Current: 63A<\/li>\n<li>Manufacturer: Sp\u00f3\u0142dzielnia Inwalid\u00f3w Spamel<\/li>\n<\/ul>\n","protected":false},"excerpt":{"rendered":"<p>Modular Network-Generator Switch 4P 63A Power switches belong to the category of Switches, Disconnectors and are used for manual or [&hellip;]<\/p>\n","protected":false},"featured_media":49623,"template":"","meta":{"_uag_custom_page_level_css":"","site-sidebar-layout":"default","site-content-layout":"","ast-site-content-layout":"default","site-content-style":"default","site-sidebar-style":"default","ast-global-header-display":"","ast-banner-title-visibility":"","ast-main-header-display":"","ast-hfb-above-header-display":"","ast-hfb-below-header-display":"","ast-hfb-mobile-header-display":"","site-post-title":"","ast-breadcrumbs-content":"","ast-featured-img":"","footer-sml-layout":"","ast-disable-related-posts":"","theme-transparent-header-meta":"","adv-header-id-meta":"","stick-header-meta":"","header-above-stick-meta":"","header-main-stick-meta":"","header-below-stick-meta":"","astra-migrate-meta-layouts":"default","ast-page-background-enabled":"default","ast-page-background-meta":{"desktop":{"background-color":"var(--ast-global-color-5)","background-image":"","background-repeat":"repeat","background-position":"center center","background-size":"auto","background-attachment":"scroll","background-type":"","background-media":"","overlay-type":"","overlay-color":"","overlay-opacity":"","overlay-gradient":""},"tablet":{"background-color":"","background-image":"","background-repeat":"repeat","background-position":"center center","background-size":"auto","background-attachment":"scroll","background-type":"","background-media":"","overlay-type":"","overlay-color":"","overlay-opacity":"","overlay-gradient":""},"mobile":{"background-color":"","background-image":"","background-repeat":"repeat","background-position":"center center","background-size":"auto","background-attachment":"scroll","background-type":"","background-media":"","overlay-type":"","overlay-color":"","overlay-opacity":"","overlay-gradient":""}},"ast-content-background-meta":{"desktop":{"background-color":"var(--ast-global-color-4)","background-image":"","background-repeat":"repeat","background-position":"center center","background-size":"auto","background-attachment":"scroll","background-type":"","background-media":"","overlay-type":"","overlay-color":"","overlay-opacity":"","overlay-gradient":""},"tablet":{"background-color":"var(--ast-global-color-4)","background-image":"","background-repeat":"repeat","background-position":"center center","background-size":"auto","background-attachment":"scroll","background-type":"","background-media":"","overlay-type":"","overlay-color":"","overlay-opacity":"","overlay-gradient":""},"mobile":{"background-color":"var(--ast-global-color-4)","background-image":"","background-repeat":"repeat","background-position":"center center","background-size":"auto","background-attachment":"scroll","background-type":"","background-media":"","overlay-type":"","overlay-color":"","overlay-opacity":"","overlay-gradient":""}}},"product_brand":[],"product_cat":[406,2116,1152,473],"product_tag":[],"class_list":{"0":"post-89978","1":"product","2":"type-product","3":"status-publish","4":"has-post-thumbnail","6":"product_cat-aparatura-i-automatyka","7":"product_cat-power-switches","8":"product_cat-przelaczniki-zasilania","9":"product_cat-wylaczniki-rozlaczniki","10":"desktop-align-left","11":"tablet-align-left","12":"mobile-align-left","14":"first","15":"instock","16":"purchasable","17":"product-type-simple"},"uagb_featured_image_src":{"full":["https:\/\/electrosphere.pl\/wp-content\/uploads\/2025\/11\/csPhotos_Photo_8156E47C-259B-48DD-674B-7A2B608ED6FD_1.png",600,364,false],"thumbnail":["https:\/\/electrosphere.pl\/wp-content\/uploads\/2025\/11\/csPhotos_Photo_8156E47C-259B-48DD-674B-7A2B608ED6FD_1-150x150.png",150,150,true],"medium":["https:\/\/electrosphere.pl\/wp-content\/uploads\/2025\/11\/csPhotos_Photo_8156E47C-259B-48DD-674B-7A2B608ED6FD_1-300x182.png",300,182,true],"medium_large":["https:\/\/electrosphere.pl\/wp-content\/uploads\/2025\/11\/csPhotos_Photo_8156E47C-259B-48DD-674B-7A2B608ED6FD_1.png",600,364,false],"large":["https:\/\/electrosphere.pl\/wp-content\/uploads\/2025\/11\/csPhotos_Photo_8156E47C-259B-48DD-674B-7A2B608ED6FD_1.png",600,364,false],"1536x1536":["https:\/\/electrosphere.pl\/wp-content\/uploads\/2025\/11\/csPhotos_Photo_8156E47C-259B-48DD-674B-7A2B608ED6FD_1.png",600,364,false],"2048x2048":["https:\/\/electrosphere.pl\/wp-content\/uploads\/2025\/11\/csPhotos_Photo_8156E47C-259B-48DD-674B-7A2B608ED6FD_1.png",600,364,false],"woocommerce_thumbnail":["https:\/\/electrosphere.pl\/wp-content\/uploads\/2025\/11\/csPhotos_Photo_8156E47C-259B-48DD-674B-7A2B608ED6FD_1-300x300.png",300,300,true],"woocommerce_single":["https:\/\/electrosphere.pl\/wp-content\/uploads\/2025\/11\/csPhotos_Photo_8156E47C-259B-48DD-674B-7A2B608ED6FD_1.png",600,364,false],"woocommerce_gallery_thumbnail":["https:\/\/electrosphere.pl\/wp-content\/uploads\/2025\/11\/csPhotos_Photo_8156E47C-259B-48DD-674B-7A2B608ED6FD_1-100x100.png",100,100,true],"dgwt-wcas-product-suggestion":["https:\/\/electrosphere.pl\/wp-content\/uploads\/2025\/11\/csPhotos_Photo_8156E47C-259B-48DD-674B-7A2B608ED6FD_1-64x39.png",64,39,true]},"uagb_author_info":{"display_name":"filipm","author_link":"https:\/\/electrosphere.pl\/en\/author\/"},"uagb_comment_info":0,"uagb_excerpt":"Modular Network-Generator Switch 4P 63A Power switches belong to the category of Switches, Disconnectors and are used for manual or [&hellip;]","_links":{"self":[{"href":"https:\/\/electrosphere.pl\/en\/wp-json\/wp\/v2\/product\/89978","targetHints":{"allow":["GET"]}}],"collection":[{"href":"https:\/\/electrosphere.pl\/en\/wp-json\/wp\/v2\/product"}],"about":[{"href":"https:\/\/electrosphere.pl\/en\/wp-json\/wp\/v2\/types\/product"}],"wp:featuredmedia":[{"embeddable":true,"href":"https:\/\/electrosphere.pl\/en\/wp-json\/wp\/v2\/media\/49623"}],"wp:attachment":[{"href":"https:\/\/electrosphere.pl\/en\/wp-json\/wp\/v2\/media?parent=89978"}],"wp:term":[{"taxonomy":"product_brand","embeddable":true,"href":"https:\/\/electrosphere.pl\/en\/wp-json\/wp\/v2\/product_brand?post=89978"},{"taxonomy":"product_cat","embeddable":true,"href":"https:\/\/electrosphere.pl\/en\/wp-json\/wp\/v2\/product_cat?post=89978"},{"taxonomy":"product_tag","embeddable":true,"href":"https:\/\/electrosphere.pl\/en\/wp-json\/wp\/v2\/product_tag?post=89978"}],"curies":[{"name":"wp","href":"https:\/\/api.w.org\/{rel}","templated":true}]}}