{"id":89914,"date":"2025-11-25T21:05:15","date_gmt":"2025-11-25T21:05:15","guid":{"rendered":"https:\/\/electrosphere.pl\/nhxh-j-fe180-ph90-e90-3x-2-5-zo-re-orange-fire-resistant-cable-wire-0-6-1kv-class-1\/"},"modified":"2026-04-03T07:39:33","modified_gmt":"2026-04-03T07:39:33","slug":"nhxh-j-fe180-ph90-e90-3x-2-5-zo-re-orange-fire-resistant-cable-wire-0-6-1kv-class-1","status":"publish","type":"product","link":"https:\/\/electrosphere.pl\/en\/nhxh-j-fe180-ph90-e90-3x-2-5-zo-re-orange-fire-resistant-cable-wire-0-6-1kv-class-1\/","title":{"rendered":"(N)HXH-J FE180\/PH90\/E90 3X 2.5 \u017bO RE ORANGE FIRE-RESISTANT CABLE WIRE 0.6\/1KV CLASS 1"},"content":{"rendered":"<h2>(N)HXH-J FE180\/PH90\/E90 3X 2.5 \u017bO RE ORANGE FIRE-RESISTANT CABLE WIRE 0.6\/1KV CLASS 1<\/h2>\n<p>Fire-resistant cable (N)HXH-J FE180\/PH90\/E90 3X 2.5 \u017bO RE with high resistance to fire action, ideal for use in harsh conditions. The manufacturer TECHNOKABEL SP\u00d3\u0141KA AKCYJNA ensures the highest quality and safety of use.<\/p>\n<h3>Application<\/h3>\n<p>This cable is intended for electrical installations in public utility buildings, commercial pavilions, and other facilities where high fire resistance is required. Main applications include alarm systems, lighting, and other essential electrical infrastructure.<\/p>\n<h3>Technical Data<\/h3>\n<ul>\n<li>Type of cable: (N)HXH-J FE180\/PH90\/E90<\/li>\n<li>Cross-section: 3X 2.5 mm\u00b2<\/li>\n<li>Color: orange<\/li>\n<li>Fire resistance: FE180\/PH90\/E90<\/li>\n<li>Rated voltage: 0.6\/1 kV<\/li>\n<li>Class: class 1<\/li>\n<\/ul>\n","protected":false},"excerpt":{"rendered":"<p>(N)HXH-J FE180\/PH90\/E90 3X 2.5 \u017bO RE ORANGE FIRE-RESISTANT CABLE WIRE 0.6\/1KV CLASS 1 Fire-resistant cable (N)HXH-J FE180\/PH90\/E90 3X 2.5 \u017bO [&hellip;]<\/p>\n","protected":false},"featured_media":49729,"template":"","meta":{"_uag_custom_page_level_css":"","site-sidebar-layout":"default","site-content-layout":"","ast-site-content-layout":"default","site-content-style":"default","site-sidebar-style":"default","ast-global-header-display":"","ast-banner-title-visibility":"","ast-main-header-display":"","ast-hfb-above-header-display":"","ast-hfb-below-header-display":"","ast-hfb-mobile-header-display":"","site-post-title":"","ast-breadcrumbs-content":"","ast-featured-img":"","footer-sml-layout":"","ast-disable-related-posts":"","theme-transparent-header-meta":"","adv-header-id-meta":"","stick-header-meta":"","header-above-stick-meta":"","header-main-stick-meta":"","header-below-stick-meta":"","astra-migrate-meta-layouts":"default","ast-page-background-enabled":"default","ast-page-background-meta":{"desktop":{"background-color":"var(--ast-global-color-5)","background-image":"","background-repeat":"repeat","background-position":"center center","background-size":"auto","background-attachment":"scroll","background-type":"","background-media":"","overlay-type":"","overlay-color":"","overlay-opacity":"","overlay-gradient":""},"tablet":{"background-color":"","background-image":"","background-repeat":"repeat","background-position":"center center","background-size":"auto","background-attachment":"scroll","background-type":"","background-media":"","overlay-type":"","overlay-color":"","overlay-opacity":"","overlay-gradient":""},"mobile":{"background-color":"","background-image":"","background-repeat":"repeat","background-position":"center center","background-size":"auto","background-attachment":"scroll","background-type":"","background-media":"","overlay-type":"","overlay-color":"","overlay-opacity":"","overlay-gradient":""}},"ast-content-background-meta":{"desktop":{"background-color":"var(--ast-global-color-4)","background-image":"","background-repeat":"repeat","background-position":"center center","background-size":"auto","background-attachment":"scroll","background-type":"","background-media":"","overlay-type":"","overlay-color":"","overlay-opacity":"","overlay-gradient":""},"tablet":{"background-color":"var(--ast-global-color-4)","background-image":"","background-repeat":"repeat","background-position":"center center","background-size":"auto","background-attachment":"scroll","background-type":"","background-media":"","overlay-type":"","overlay-color":"","overlay-opacity":"","overlay-gradient":""},"mobile":{"background-color":"var(--ast-global-color-4)","background-image":"","background-repeat":"repeat","background-position":"center center","background-size":"auto","background-attachment":"scroll","background-type":"","background-media":"","overlay-type":"","overlay-color":"","overlay-opacity":"","overlay-gradient":""}}},"product_brand":[],"product_cat":[1079,1590,420,733,1078],"product_tag":[],"class_list":{"0":"post-89914","1":"product","2":"type-product","3":"status-publish","4":"has-post-thumbnail","6":"product_cat-energetyczne-i-sterownicze","7":"product_cat-energy-and-control","8":"product_cat-kable-i-przewody","9":"product_cat-kable-niepalne-i-bezhalogenowe","10":"product_cat-kable-ognioodporne","11":"desktop-align-left","12":"tablet-align-left","13":"mobile-align-left","15":"first","16":"onbackorder","17":"purchasable","18":"product-type-simple"},"uagb_featured_image_src":{"full":["https:\/\/electrosphere.pl\/wp-content\/uploads\/2025\/11\/csPhotos_Photo_54EE497C-EA49-4879-3ECE-AAF7A0B6B5D0_1.png",172,521,false],"thumbnail":["https:\/\/electrosphere.pl\/wp-content\/uploads\/2025\/11\/csPhotos_Photo_54EE497C-EA49-4879-3ECE-AAF7A0B6B5D0_1-150x150.png",150,150,true],"medium":["https:\/\/electrosphere.pl\/wp-content\/uploads\/2025\/11\/csPhotos_Photo_54EE497C-EA49-4879-3ECE-AAF7A0B6B5D0_1-99x300.png",99,300,true],"medium_large":["https:\/\/electrosphere.pl\/wp-content\/uploads\/2025\/11\/csPhotos_Photo_54EE497C-EA49-4879-3ECE-AAF7A0B6B5D0_1.png",172,521,false],"large":["https:\/\/electrosphere.pl\/wp-content\/uploads\/2025\/11\/csPhotos_Photo_54EE497C-EA49-4879-3ECE-AAF7A0B6B5D0_1.png",172,521,false],"1536x1536":["https:\/\/electrosphere.pl\/wp-content\/uploads\/2025\/11\/csPhotos_Photo_54EE497C-EA49-4879-3ECE-AAF7A0B6B5D0_1.png",172,521,false],"2048x2048":["https:\/\/electrosphere.pl\/wp-content\/uploads\/2025\/11\/csPhotos_Photo_54EE497C-EA49-4879-3ECE-AAF7A0B6B5D0_1.png",172,521,false],"woocommerce_thumbnail":["https:\/\/electrosphere.pl\/wp-content\/uploads\/2025\/11\/csPhotos_Photo_54EE497C-EA49-4879-3ECE-AAF7A0B6B5D0_1-172x300.png",172,300,true],"woocommerce_single":["https:\/\/electrosphere.pl\/wp-content\/uploads\/2025\/11\/csPhotos_Photo_54EE497C-EA49-4879-3ECE-AAF7A0B6B5D0_1.png",172,521,false],"woocommerce_gallery_thumbnail":["https:\/\/electrosphere.pl\/wp-content\/uploads\/2025\/11\/csPhotos_Photo_54EE497C-EA49-4879-3ECE-AAF7A0B6B5D0_1-100x100.png",100,100,true],"dgwt-wcas-product-suggestion":["https:\/\/electrosphere.pl\/wp-content\/uploads\/2025\/11\/csPhotos_Photo_54EE497C-EA49-4879-3ECE-AAF7A0B6B5D0_1-64x194.png",64,194,true]},"uagb_author_info":{"display_name":"filipm","author_link":"https:\/\/electrosphere.pl\/en\/author\/"},"uagb_comment_info":0,"uagb_excerpt":"(N)HXH-J FE180\/PH90\/E90 3X 2.5 \u017bO RE ORANGE FIRE-RESISTANT CABLE WIRE 0.6\/1KV CLASS 1 Fire-resistant cable (N)HXH-J FE180\/PH90\/E90 3X 2.5 \u017bO [&hellip;]","_links":{"self":[{"href":"https:\/\/electrosphere.pl\/en\/wp-json\/wp\/v2\/product\/89914","targetHints":{"allow":["GET"]}}],"collection":[{"href":"https:\/\/electrosphere.pl\/en\/wp-json\/wp\/v2\/product"}],"about":[{"href":"https:\/\/electrosphere.pl\/en\/wp-json\/wp\/v2\/types\/product"}],"wp:featuredmedia":[{"embeddable":true,"href":"https:\/\/electrosphere.pl\/en\/wp-json\/wp\/v2\/media\/49729"}],"wp:attachment":[{"href":"https:\/\/electrosphere.pl\/en\/wp-json\/wp\/v2\/media?parent=89914"}],"wp:term":[{"taxonomy":"product_brand","embeddable":true,"href":"https:\/\/electrosphere.pl\/en\/wp-json\/wp\/v2\/product_brand?post=89914"},{"taxonomy":"product_cat","embeddable":true,"href":"https:\/\/electrosphere.pl\/en\/wp-json\/wp\/v2\/product_cat?post=89914"},{"taxonomy":"product_tag","embeddable":true,"href":"https:\/\/electrosphere.pl\/en\/wp-json\/wp\/v2\/product_tag?post=89914"}],"curies":[{"name":"wp","href":"https:\/\/api.w.org\/{rel}","templated":true}]}}