{"id":88074,"date":"2025-11-25T21:48:49","date_gmt":"2025-11-25T21:48:49","guid":{"rendered":"https:\/\/electrosphere.pl\/fibaro-walli-dimmer-fgwdeu-111\/"},"modified":"2025-11-29T23:01:14","modified_gmt":"2025-11-29T23:01:14","slug":"fibaro-walli-dimmer-fgwdeu-111","status":"publish","type":"product","link":"https:\/\/electrosphere.pl\/en\/fibaro-walli-dimmer-fgwdeu-111\/","title":{"rendered":"FIBARO WALLI DIMMER FGWDEU-111"},"content":{"rendered":"<h2>FIBARO WALLI DIMMER FGWDEU-111<\/h2>\n<p>Smart dimmer for remote lighting control, ideal for modern electrical installations.<\/p>\n<h3>Application<\/h3>\n<p>FIBARO WALLI DIMMER FGWDEU-111 allows for comfortable management of lighting in the home. It enables easy turning on and off of lights as well as adjusting brightness without the need to get up from the couch.<\/p>\n<h3>Technical Specifications<\/h3>\n<ul>\n<li>Manufacturer: NICE &#8211; POLSKA SP\u00d3\u0141KA Z OGRANICZON\u0104 ODPOWIEDZIALNO\u015aCI\u0104<\/li>\n<li>Model: FGWDEU-111<\/li>\n<li>Type: Dimmer<\/li>\n<li>Compatibility: with mobile applications<\/li>\n<li>Energy consumption monitoring capability<\/li>\n<\/ul>\n","protected":false},"excerpt":{"rendered":"<p>FIBARO WALLI DIMMER FGWDEU-111 Smart dimmer for remote lighting control, ideal for modern electrical installations. Application FIBARO WALLI DIMMER FGWDEU-111 [&hellip;]<\/p>\n","protected":false},"featured_media":52594,"template":"","meta":{"_uag_custom_page_level_css":"","site-sidebar-layout":"default","site-content-layout":"","ast-site-content-layout":"default","site-content-style":"default","site-sidebar-style":"default","ast-global-header-display":"","ast-banner-title-visibility":"","ast-main-header-display":"","ast-hfb-above-header-display":"","ast-hfb-below-header-display":"","ast-hfb-mobile-header-display":"","site-post-title":"","ast-breadcrumbs-content":"","ast-featured-img":"","footer-sml-layout":"","ast-disable-related-posts":"","theme-transparent-header-meta":"","adv-header-id-meta":"","stick-header-meta":"","header-above-stick-meta":"","header-main-stick-meta":"","header-below-stick-meta":"","astra-migrate-meta-layouts":"default","ast-page-background-enabled":"default","ast-page-background-meta":{"desktop":{"background-color":"var(--ast-global-color-5)","background-image":"","background-repeat":"repeat","background-position":"center center","background-size":"auto","background-attachment":"scroll","background-type":"","background-media":"","overlay-type":"","overlay-color":"","overlay-opacity":"","overlay-gradient":""},"tablet":{"background-color":"","background-image":"","background-repeat":"repeat","background-position":"center center","background-size":"auto","background-attachment":"scroll","background-type":"","background-media":"","overlay-type":"","overlay-color":"","overlay-opacity":"","overlay-gradient":""},"mobile":{"background-color":"","background-image":"","background-repeat":"repeat","background-position":"center center","background-size":"auto","background-attachment":"scroll","background-type":"","background-media":"","overlay-type":"","overlay-color":"","overlay-opacity":"","overlay-gradient":""}},"ast-content-background-meta":{"desktop":{"background-color":"var(--ast-global-color-4)","background-image":"","background-repeat":"repeat","background-position":"center center","background-size":"auto","background-attachment":"scroll","background-type":"","background-media":"","overlay-type":"","overlay-color":"","overlay-opacity":"","overlay-gradient":""},"tablet":{"background-color":"var(--ast-global-color-4)","background-image":"","background-repeat":"repeat","background-position":"center center","background-size":"auto","background-attachment":"scroll","background-type":"","background-media":"","overlay-type":"","overlay-color":"","overlay-opacity":"","overlay-gradient":""},"mobile":{"background-color":"var(--ast-global-color-4)","background-image":"","background-repeat":"repeat","background-position":"center center","background-size":"auto","background-attachment":"scroll","background-type":"","background-media":"","overlay-type":"","overlay-color":"","overlay-opacity":"","overlay-gradient":""}}},"product_brand":[],"product_cat":[461,462],"product_tag":[],"class_list":{"0":"post-88074","1":"product","2":"type-product","3":"status-publish","4":"has-post-thumbnail","6":"product_cat-automatyka-budynkowa","7":"product_cat-inteligentne-gniazda-i-wtyczki","8":"desktop-align-left","9":"tablet-align-left","10":"mobile-align-left","12":"first","13":"instock","14":"purchasable","15":"product-type-simple"},"uagb_featured_image_src":{"full":["https:\/\/electrosphere.pl\/wp-content\/uploads\/2025\/11\/csPhotos_Photo_05808F90-28D5-4E1C-FC3E-63370C104FA6_1.jpg",260,260,false],"thumbnail":["https:\/\/electrosphere.pl\/wp-content\/uploads\/2025\/11\/csPhotos_Photo_05808F90-28D5-4E1C-FC3E-63370C104FA6_1-150x150.jpg",150,150,true],"medium":["https:\/\/electrosphere.pl\/wp-content\/uploads\/2025\/11\/csPhotos_Photo_05808F90-28D5-4E1C-FC3E-63370C104FA6_1.jpg",260,260,false],"medium_large":["https:\/\/electrosphere.pl\/wp-content\/uploads\/2025\/11\/csPhotos_Photo_05808F90-28D5-4E1C-FC3E-63370C104FA6_1.jpg",260,260,false],"large":["https:\/\/electrosphere.pl\/wp-content\/uploads\/2025\/11\/csPhotos_Photo_05808F90-28D5-4E1C-FC3E-63370C104FA6_1.jpg",260,260,false],"1536x1536":["https:\/\/electrosphere.pl\/wp-content\/uploads\/2025\/11\/csPhotos_Photo_05808F90-28D5-4E1C-FC3E-63370C104FA6_1.jpg",260,260,false],"2048x2048":["https:\/\/electrosphere.pl\/wp-content\/uploads\/2025\/11\/csPhotos_Photo_05808F90-28D5-4E1C-FC3E-63370C104FA6_1.jpg",260,260,false],"woocommerce_thumbnail":["https:\/\/electrosphere.pl\/wp-content\/uploads\/2025\/11\/csPhotos_Photo_05808F90-28D5-4E1C-FC3E-63370C104FA6_1.jpg",260,260,false],"woocommerce_single":["https:\/\/electrosphere.pl\/wp-content\/uploads\/2025\/11\/csPhotos_Photo_05808F90-28D5-4E1C-FC3E-63370C104FA6_1.jpg",260,260,false],"woocommerce_gallery_thumbnail":["https:\/\/electrosphere.pl\/wp-content\/uploads\/2025\/11\/csPhotos_Photo_05808F90-28D5-4E1C-FC3E-63370C104FA6_1-100x100.jpg",100,100,true],"dgwt-wcas-product-suggestion":["https:\/\/electrosphere.pl\/wp-content\/uploads\/2025\/11\/csPhotos_Photo_05808F90-28D5-4E1C-FC3E-63370C104FA6_1-64x64.jpg",64,64,true]},"uagb_author_info":{"display_name":"filipm","author_link":"https:\/\/electrosphere.pl\/en\/author\/"},"uagb_comment_info":0,"uagb_excerpt":"FIBARO WALLI DIMMER FGWDEU-111 Smart dimmer for remote lighting control, ideal for modern electrical installations. Application FIBARO WALLI DIMMER FGWDEU-111 [&hellip;]","_links":{"self":[{"href":"https:\/\/electrosphere.pl\/en\/wp-json\/wp\/v2\/product\/88074","targetHints":{"allow":["GET"]}}],"collection":[{"href":"https:\/\/electrosphere.pl\/en\/wp-json\/wp\/v2\/product"}],"about":[{"href":"https:\/\/electrosphere.pl\/en\/wp-json\/wp\/v2\/types\/product"}],"wp:featuredmedia":[{"embeddable":true,"href":"https:\/\/electrosphere.pl\/en\/wp-json\/wp\/v2\/media\/52594"}],"wp:attachment":[{"href":"https:\/\/electrosphere.pl\/en\/wp-json\/wp\/v2\/media?parent=88074"}],"wp:term":[{"taxonomy":"product_brand","embeddable":true,"href":"https:\/\/electrosphere.pl\/en\/wp-json\/wp\/v2\/product_brand?post=88074"},{"taxonomy":"product_cat","embeddable":true,"href":"https:\/\/electrosphere.pl\/en\/wp-json\/wp\/v2\/product_cat?post=88074"},{"taxonomy":"product_tag","embeddable":true,"href":"https:\/\/electrosphere.pl\/en\/wp-json\/wp\/v2\/product_tag?post=88074"}],"curies":[{"name":"wp","href":"https:\/\/api.w.org\/{rel}","templated":true}]}}