{"id":86690,"date":"2025-11-25T22:21:36","date_gmt":"2025-11-25T22:21:36","guid":{"rendered":"https:\/\/electrosphere.pl\/p-n1-partition-k-black\/"},"modified":"2025-11-29T20:48:30","modified_gmt":"2025-11-29T20:48:30","slug":"p-n1-partition-k-black","status":"publish","type":"product","link":"https:\/\/electrosphere.pl\/en\/p-n1-partition-k-black\/","title":{"rendered":"P-N1 PARTITION K. BLACK"},"content":{"rendered":"<h2>P-N1 PARTITION K. BLACK<\/h2>\n<p>The partition for ZUG connectors, an ideal solution for your electrical needs.<\/p>\n<h3>Application<\/h3>\n<p>The P-N1 partition has been designed to ensure safe and efficient division in ZUG connectors. It allows for space organization and improves the aesthetics of electrical installations.<\/p>\n<h3>Technical Data<\/h3>\n<ul>\n<li>Manufacturer: POK\u00d3J SP\u00d3\u0141DZIELNIA ELEKTROTECHNICZNA<\/li>\n<li>Type: ZUG connectors<\/li>\n<li>Color: Black<\/li>\n<\/ul>\n","protected":false},"excerpt":{"rendered":"<p>P-N1 PARTITION K. BLACK The partition for ZUG connectors, an ideal solution for your electrical needs. Application The P-N1 partition [&hellip;]<\/p>\n","protected":false},"featured_media":54709,"template":"","meta":{"_uag_custom_page_level_css":"","site-sidebar-layout":"default","site-content-layout":"","ast-site-content-layout":"default","site-content-style":"default","site-sidebar-style":"default","ast-global-header-display":"","ast-banner-title-visibility":"","ast-main-header-display":"","ast-hfb-above-header-display":"","ast-hfb-below-header-display":"","ast-hfb-mobile-header-display":"","site-post-title":"","ast-breadcrumbs-content":"","ast-featured-img":"","footer-sml-layout":"","ast-disable-related-posts":"","theme-transparent-header-meta":"","adv-header-id-meta":"","stick-header-meta":"","header-above-stick-meta":"","header-main-stick-meta":"","header-below-stick-meta":"","astra-migrate-meta-layouts":"default","ast-page-background-enabled":"default","ast-page-background-meta":{"desktop":{"background-color":"var(--ast-global-color-5)","background-image":"","background-repeat":"repeat","background-position":"center center","background-size":"auto","background-attachment":"scroll","background-type":"","background-media":"","overlay-type":"","overlay-color":"","overlay-opacity":"","overlay-gradient":""},"tablet":{"background-color":"","background-image":"","background-repeat":"repeat","background-position":"center center","background-size":"auto","background-attachment":"scroll","background-type":"","background-media":"","overlay-type":"","overlay-color":"","overlay-opacity":"","overlay-gradient":""},"mobile":{"background-color":"","background-image":"","background-repeat":"repeat","background-position":"center center","background-size":"auto","background-attachment":"scroll","background-type":"","background-media":"","overlay-type":"","overlay-color":"","overlay-opacity":"","overlay-gradient":""}},"ast-content-background-meta":{"desktop":{"background-color":"var(--ast-global-color-4)","background-image":"","background-repeat":"repeat","background-position":"center center","background-size":"auto","background-attachment":"scroll","background-type":"","background-media":"","overlay-type":"","overlay-color":"","overlay-opacity":"","overlay-gradient":""},"tablet":{"background-color":"var(--ast-global-color-4)","background-image":"","background-repeat":"repeat","background-position":"center center","background-size":"auto","background-attachment":"scroll","background-type":"","background-media":"","overlay-type":"","overlay-color":"","overlay-opacity":"","overlay-gradient":""},"mobile":{"background-color":"var(--ast-global-color-4)","background-image":"","background-repeat":"repeat","background-position":"center center","background-size":"auto","background-attachment":"scroll","background-type":"","background-media":"","overlay-type":"","overlay-color":"","overlay-opacity":"","overlay-gradient":""}}},"product_brand":[],"product_cat":[410,568,411],"product_tag":[],"class_list":{"0":"post-86690","1":"product","2":"type-product","3":"status-publish","4":"has-post-thumbnail","6":"product_cat-akcesoria-montazowe","7":"product_cat-scianki-koncowe-przegrody-do-zlaczek-szynowych","8":"product_cat-zlaczki","9":"desktop-align-left","10":"tablet-align-left","11":"mobile-align-left","13":"first","14":"instock","15":"purchasable","16":"product-type-simple"},"uagb_featured_image_src":{"full":["https:\/\/electrosphere.pl\/wp-content\/uploads\/2025\/11\/csPhotos_Photo_0A217F3D-FC94-4759-D4E8-7DFA134726C9_1.jpg",938,938,false],"thumbnail":["https:\/\/electrosphere.pl\/wp-content\/uploads\/2025\/11\/csPhotos_Photo_0A217F3D-FC94-4759-D4E8-7DFA134726C9_1-150x150.jpg",150,150,true],"medium":["https:\/\/electrosphere.pl\/wp-content\/uploads\/2025\/11\/csPhotos_Photo_0A217F3D-FC94-4759-D4E8-7DFA134726C9_1-300x300.jpg",300,300,true],"medium_large":["https:\/\/electrosphere.pl\/wp-content\/uploads\/2025\/11\/csPhotos_Photo_0A217F3D-FC94-4759-D4E8-7DFA134726C9_1-768x768.jpg",768,768,true],"large":["https:\/\/electrosphere.pl\/wp-content\/uploads\/2025\/11\/csPhotos_Photo_0A217F3D-FC94-4759-D4E8-7DFA134726C9_1.jpg",938,938,false],"1536x1536":["https:\/\/electrosphere.pl\/wp-content\/uploads\/2025\/11\/csPhotos_Photo_0A217F3D-FC94-4759-D4E8-7DFA134726C9_1.jpg",938,938,false],"2048x2048":["https:\/\/electrosphere.pl\/wp-content\/uploads\/2025\/11\/csPhotos_Photo_0A217F3D-FC94-4759-D4E8-7DFA134726C9_1.jpg",938,938,false],"woocommerce_thumbnail":["https:\/\/electrosphere.pl\/wp-content\/uploads\/2025\/11\/csPhotos_Photo_0A217F3D-FC94-4759-D4E8-7DFA134726C9_1-300x300.jpg",300,300,true],"woocommerce_single":["https:\/\/electrosphere.pl\/wp-content\/uploads\/2025\/11\/csPhotos_Photo_0A217F3D-FC94-4759-D4E8-7DFA134726C9_1-600x600.jpg",600,600,true],"woocommerce_gallery_thumbnail":["https:\/\/electrosphere.pl\/wp-content\/uploads\/2025\/11\/csPhotos_Photo_0A217F3D-FC94-4759-D4E8-7DFA134726C9_1-100x100.jpg",100,100,true],"dgwt-wcas-product-suggestion":["https:\/\/electrosphere.pl\/wp-content\/uploads\/2025\/11\/csPhotos_Photo_0A217F3D-FC94-4759-D4E8-7DFA134726C9_1-64x64.jpg",64,64,true]},"uagb_author_info":{"display_name":"filipm","author_link":"https:\/\/electrosphere.pl\/en\/author\/"},"uagb_comment_info":0,"uagb_excerpt":"P-N1 PARTITION K. BLACK The partition for ZUG connectors, an ideal solution for your electrical needs. Application The P-N1 partition [&hellip;]","_links":{"self":[{"href":"https:\/\/electrosphere.pl\/en\/wp-json\/wp\/v2\/product\/86690","targetHints":{"allow":["GET"]}}],"collection":[{"href":"https:\/\/electrosphere.pl\/en\/wp-json\/wp\/v2\/product"}],"about":[{"href":"https:\/\/electrosphere.pl\/en\/wp-json\/wp\/v2\/types\/product"}],"wp:featuredmedia":[{"embeddable":true,"href":"https:\/\/electrosphere.pl\/en\/wp-json\/wp\/v2\/media\/54709"}],"wp:attachment":[{"href":"https:\/\/electrosphere.pl\/en\/wp-json\/wp\/v2\/media?parent=86690"}],"wp:term":[{"taxonomy":"product_brand","embeddable":true,"href":"https:\/\/electrosphere.pl\/en\/wp-json\/wp\/v2\/product_brand?post=86690"},{"taxonomy":"product_cat","embeddable":true,"href":"https:\/\/electrosphere.pl\/en\/wp-json\/wp\/v2\/product_cat?post=86690"},{"taxonomy":"product_tag","embeddable":true,"href":"https:\/\/electrosphere.pl\/en\/wp-json\/wp\/v2\/product_tag?post=86690"}],"curies":[{"name":"wp","href":"https:\/\/api.w.org\/{rel}","templated":true}]}}