{"id":86282,"date":"2025-11-25T22:29:54","date_gmt":"2025-11-25T22:29:54","guid":{"rendered":"https:\/\/electrosphere.pl\/05a-universal-goose-neck-holder\/"},"modified":"2026-03-31T12:01:11","modified_gmt":"2026-03-31T12:01:11","slug":"05a-universal-goose-neck-holder","status":"publish","type":"product","link":"https:\/\/electrosphere.pl\/en\/05a-universal-goose-neck-holder\/","title":{"rendered":"05A UNIVERSAL GOOSE NECK HOLDER"},"content":{"rendered":"<h2>05A UNIVERSAL RIDGE BRACKET<\/h2>\n<p>Roof brackets are fastening elements for securing lightning rods to the surfaces of flat and sloped roofs. They ensure safe and durable installation on the roof.<\/p>\n<h3>Application<\/h3>\n<p>Universal ridge brackets are resistant to external factors and do not damage the roofing material. They are an important component of any lightning protection system on buildings.<\/p>\n<h3>Technical Data<\/h3>\n<ul>\n<li>Manufacturer: W.O.O. &#8220;B\u0141YSKAWICA&#8221; M.K.S. \u0141ABU\u0143SCY SP.J.<\/li>\n<li>Type: Roof brackets<\/li>\n<li>Purpose: Securing lightning rods<\/li>\n<li>Resistance: To external factors<\/li>\n<\/ul>\n","protected":false},"excerpt":{"rendered":"<p>05A UNIVERSAL RIDGE BRACKET Roof brackets are fastening elements for securing lightning rods to the surfaces of flat and sloped [&hellip;]<\/p>\n","protected":false},"featured_media":55322,"template":"","meta":{"_uag_custom_page_level_css":"","site-sidebar-layout":"default","site-content-layout":"","ast-site-content-layout":"default","site-content-style":"default","site-sidebar-style":"default","ast-global-header-display":"","ast-banner-title-visibility":"","ast-main-header-display":"","ast-hfb-above-header-display":"","ast-hfb-below-header-display":"","ast-hfb-mobile-header-display":"","site-post-title":"","ast-breadcrumbs-content":"","ast-featured-img":"","footer-sml-layout":"","ast-disable-related-posts":"","theme-transparent-header-meta":"","adv-header-id-meta":"","stick-header-meta":"","header-above-stick-meta":"","header-main-stick-meta":"","header-below-stick-meta":"","astra-migrate-meta-layouts":"default","ast-page-background-enabled":"default","ast-page-background-meta":{"desktop":{"background-color":"var(--ast-global-color-5)","background-image":"","background-repeat":"repeat","background-position":"center center","background-size":"auto","background-attachment":"scroll","background-type":"","background-media":"","overlay-type":"","overlay-color":"","overlay-opacity":"","overlay-gradient":""},"tablet":{"background-color":"","background-image":"","background-repeat":"repeat","background-position":"center center","background-size":"auto","background-attachment":"scroll","background-type":"","background-media":"","overlay-type":"","overlay-color":"","overlay-opacity":"","overlay-gradient":""},"mobile":{"background-color":"","background-image":"","background-repeat":"repeat","background-position":"center center","background-size":"auto","background-attachment":"scroll","background-type":"","background-media":"","overlay-type":"","overlay-color":"","overlay-opacity":"","overlay-gradient":""}},"ast-content-background-meta":{"desktop":{"background-color":"var(--ast-global-color-4)","background-image":"","background-repeat":"repeat","background-position":"center center","background-size":"auto","background-attachment":"scroll","background-type":"","background-media":"","overlay-type":"","overlay-color":"","overlay-opacity":"","overlay-gradient":""},"tablet":{"background-color":"var(--ast-global-color-4)","background-image":"","background-repeat":"repeat","background-position":"center center","background-size":"auto","background-attachment":"scroll","background-type":"","background-media":"","overlay-type":"","overlay-color":"","overlay-opacity":"","overlay-gradient":""},"mobile":{"background-color":"var(--ast-global-color-4)","background-image":"","background-repeat":"repeat","background-position":"center center","background-size":"auto","background-attachment":"scroll","background-type":"","background-media":"","overlay-type":"","overlay-color":"","overlay-opacity":"","overlay-gradient":""}}},"product_brand":[],"product_cat":[609,608,2365,862],"product_tag":[],"class_list":{"0":"post-86282","1":"product","2":"type-product","3":"status-publish","4":"has-post-thumbnail","6":"product_cat-elementy-instalacji-odgromowej","7":"product_cat-ochrona-odgromowa","8":"product_cat-roof-brackets","9":"product_cat-uchwyty-dachowe","10":"desktop-align-left","11":"tablet-align-left","12":"mobile-align-left","14":"first","15":"instock","16":"purchasable","17":"product-type-simple"},"uagb_featured_image_src":{"full":["https:\/\/electrosphere.pl\/wp-content\/uploads\/2025\/11\/csPhotos_Photo_2F7C2CCD-2E7A-4A03-B9B9-465BA1967CB6_1.jpg",900,549,false],"thumbnail":["https:\/\/electrosphere.pl\/wp-content\/uploads\/2025\/11\/csPhotos_Photo_2F7C2CCD-2E7A-4A03-B9B9-465BA1967CB6_1-150x150.jpg",150,150,true],"medium":["https:\/\/electrosphere.pl\/wp-content\/uploads\/2025\/11\/csPhotos_Photo_2F7C2CCD-2E7A-4A03-B9B9-465BA1967CB6_1-300x183.jpg",300,183,true],"medium_large":["https:\/\/electrosphere.pl\/wp-content\/uploads\/2025\/11\/csPhotos_Photo_2F7C2CCD-2E7A-4A03-B9B9-465BA1967CB6_1-768x468.jpg",768,468,true],"large":["https:\/\/electrosphere.pl\/wp-content\/uploads\/2025\/11\/csPhotos_Photo_2F7C2CCD-2E7A-4A03-B9B9-465BA1967CB6_1.jpg",900,549,false],"1536x1536":["https:\/\/electrosphere.pl\/wp-content\/uploads\/2025\/11\/csPhotos_Photo_2F7C2CCD-2E7A-4A03-B9B9-465BA1967CB6_1.jpg",900,549,false],"2048x2048":["https:\/\/electrosphere.pl\/wp-content\/uploads\/2025\/11\/csPhotos_Photo_2F7C2CCD-2E7A-4A03-B9B9-465BA1967CB6_1.jpg",900,549,false],"woocommerce_thumbnail":["https:\/\/electrosphere.pl\/wp-content\/uploads\/2025\/11\/csPhotos_Photo_2F7C2CCD-2E7A-4A03-B9B9-465BA1967CB6_1-300x300.jpg",300,300,true],"woocommerce_single":["https:\/\/electrosphere.pl\/wp-content\/uploads\/2025\/11\/csPhotos_Photo_2F7C2CCD-2E7A-4A03-B9B9-465BA1967CB6_1-600x366.jpg",600,366,true],"woocommerce_gallery_thumbnail":["https:\/\/electrosphere.pl\/wp-content\/uploads\/2025\/11\/csPhotos_Photo_2F7C2CCD-2E7A-4A03-B9B9-465BA1967CB6_1-100x100.jpg",100,100,true],"dgwt-wcas-product-suggestion":["https:\/\/electrosphere.pl\/wp-content\/uploads\/2025\/11\/csPhotos_Photo_2F7C2CCD-2E7A-4A03-B9B9-465BA1967CB6_1-64x39.jpg",64,39,true]},"uagb_author_info":{"display_name":"filipm","author_link":"https:\/\/electrosphere.pl\/en\/author\/"},"uagb_comment_info":0,"uagb_excerpt":"05A UNIVERSAL RIDGE BRACKET Roof brackets are fastening elements for securing lightning rods to the surfaces of flat and sloped [&hellip;]","_links":{"self":[{"href":"https:\/\/electrosphere.pl\/en\/wp-json\/wp\/v2\/product\/86282","targetHints":{"allow":["GET"]}}],"collection":[{"href":"https:\/\/electrosphere.pl\/en\/wp-json\/wp\/v2\/product"}],"about":[{"href":"https:\/\/electrosphere.pl\/en\/wp-json\/wp\/v2\/types\/product"}],"wp:featuredmedia":[{"embeddable":true,"href":"https:\/\/electrosphere.pl\/en\/wp-json\/wp\/v2\/media\/55322"}],"wp:attachment":[{"href":"https:\/\/electrosphere.pl\/en\/wp-json\/wp\/v2\/media?parent=86282"}],"wp:term":[{"taxonomy":"product_brand","embeddable":true,"href":"https:\/\/electrosphere.pl\/en\/wp-json\/wp\/v2\/product_brand?post=86282"},{"taxonomy":"product_cat","embeddable":true,"href":"https:\/\/electrosphere.pl\/en\/wp-json\/wp\/v2\/product_cat?post=86282"},{"taxonomy":"product_tag","embeddable":true,"href":"https:\/\/electrosphere.pl\/en\/wp-json\/wp\/v2\/product_tag?post=86282"}],"curies":[{"name":"wp","href":"https:\/\/api.w.org\/{rel}","templated":true}]}}