{"id":85825,"date":"2025-11-25T22:39:03","date_gmt":"2025-11-25T22:39:03","guid":{"rendered":"https:\/\/electrosphere.pl\/przk-4063w02-power-source-switch-63a-4-pole\/"},"modified":"2026-04-03T07:40:50","modified_gmt":"2026-04-03T07:40:50","slug":"przk-4063w02-power-source-switch-63a-4-pole","status":"publish","type":"product","link":"https:\/\/electrosphere.pl\/en\/przk-4063w02-power-source-switch-63a-4-pole\/","title":{"rendered":"PRZK-4063W02 POWER SOURCE SWITCH 63A 4-POLE"},"content":{"rendered":"<h2>PRZK-4063W02 POWER SOURCE SWITCH 63A 4-POLE<\/h2>\n<p>Power switches are essential devices that ensure the continuity of operation and safety of electrical installations.<\/p>\n<h3>Application<\/h3>\n<p>Power switches belong to the category of Circuit Breakers, Disconnectors, and are used for manual or automatic switching of power sources. They are used in emergency and industrial systems, allowing for quick disconnection or change of power and optimal energy management.<\/p>\n<h3>Technical Data<\/h3>\n<ul>\n<li>Type: 4-pole<\/li>\n<li>Rated current: 63A<\/li>\n<li>Manufacturer: Sp\u00f3\u0142dzielnia Inwalid\u00f3w Spamel<\/li>\n<\/ul>\n","protected":false},"excerpt":{"rendered":"<p>PRZK-4063W02 POWER SOURCE SWITCH 63A 4-POLE Power switches are essential devices that ensure the continuity of operation and safety of [&hellip;]<\/p>\n","protected":false},"featured_media":55999,"template":"","meta":{"_uag_custom_page_level_css":"","site-sidebar-layout":"default","site-content-layout":"","ast-site-content-layout":"default","site-content-style":"default","site-sidebar-style":"default","ast-global-header-display":"","ast-banner-title-visibility":"","ast-main-header-display":"","ast-hfb-above-header-display":"","ast-hfb-below-header-display":"","ast-hfb-mobile-header-display":"","site-post-title":"","ast-breadcrumbs-content":"","ast-featured-img":"","footer-sml-layout":"","ast-disable-related-posts":"","theme-transparent-header-meta":"","adv-header-id-meta":"","stick-header-meta":"","header-above-stick-meta":"","header-main-stick-meta":"","header-below-stick-meta":"","astra-migrate-meta-layouts":"default","ast-page-background-enabled":"default","ast-page-background-meta":{"desktop":{"background-color":"var(--ast-global-color-5)","background-image":"","background-repeat":"repeat","background-position":"center center","background-size":"auto","background-attachment":"scroll","background-type":"","background-media":"","overlay-type":"","overlay-color":"","overlay-opacity":"","overlay-gradient":""},"tablet":{"background-color":"","background-image":"","background-repeat":"repeat","background-position":"center center","background-size":"auto","background-attachment":"scroll","background-type":"","background-media":"","overlay-type":"","overlay-color":"","overlay-opacity":"","overlay-gradient":""},"mobile":{"background-color":"","background-image":"","background-repeat":"repeat","background-position":"center center","background-size":"auto","background-attachment":"scroll","background-type":"","background-media":"","overlay-type":"","overlay-color":"","overlay-opacity":"","overlay-gradient":""}},"ast-content-background-meta":{"desktop":{"background-color":"var(--ast-global-color-4)","background-image":"","background-repeat":"repeat","background-position":"center center","background-size":"auto","background-attachment":"scroll","background-type":"","background-media":"","overlay-type":"","overlay-color":"","overlay-opacity":"","overlay-gradient":""},"tablet":{"background-color":"var(--ast-global-color-4)","background-image":"","background-repeat":"repeat","background-position":"center center","background-size":"auto","background-attachment":"scroll","background-type":"","background-media":"","overlay-type":"","overlay-color":"","overlay-opacity":"","overlay-gradient":""},"mobile":{"background-color":"var(--ast-global-color-4)","background-image":"","background-repeat":"repeat","background-position":"center center","background-size":"auto","background-attachment":"scroll","background-type":"","background-media":"","overlay-type":"","overlay-color":"","overlay-opacity":"","overlay-gradient":""}}},"product_brand":[],"product_cat":[406,2116,1152,473],"product_tag":[],"class_list":{"0":"post-85825","1":"product","2":"type-product","3":"status-publish","4":"has-post-thumbnail","6":"product_cat-aparatura-i-automatyka","7":"product_cat-power-switches","8":"product_cat-przelaczniki-zasilania","9":"product_cat-wylaczniki-rozlaczniki","10":"desktop-align-left","11":"tablet-align-left","12":"mobile-align-left","14":"first","15":"instock","16":"purchasable","17":"product-type-simple"},"uagb_featured_image_src":{"full":["https:\/\/electrosphere.pl\/wp-content\/uploads\/2025\/11\/csPhotos_Photo_7ACA401A-51A2-46D4-A4E2-225DFD662A37_1.jpg",225,225,false],"thumbnail":["https:\/\/electrosphere.pl\/wp-content\/uploads\/2025\/11\/csPhotos_Photo_7ACA401A-51A2-46D4-A4E2-225DFD662A37_1-150x150.jpg",150,150,true],"medium":["https:\/\/electrosphere.pl\/wp-content\/uploads\/2025\/11\/csPhotos_Photo_7ACA401A-51A2-46D4-A4E2-225DFD662A37_1.jpg",225,225,false],"medium_large":["https:\/\/electrosphere.pl\/wp-content\/uploads\/2025\/11\/csPhotos_Photo_7ACA401A-51A2-46D4-A4E2-225DFD662A37_1.jpg",225,225,false],"large":["https:\/\/electrosphere.pl\/wp-content\/uploads\/2025\/11\/csPhotos_Photo_7ACA401A-51A2-46D4-A4E2-225DFD662A37_1.jpg",225,225,false],"1536x1536":["https:\/\/electrosphere.pl\/wp-content\/uploads\/2025\/11\/csPhotos_Photo_7ACA401A-51A2-46D4-A4E2-225DFD662A37_1.jpg",225,225,false],"2048x2048":["https:\/\/electrosphere.pl\/wp-content\/uploads\/2025\/11\/csPhotos_Photo_7ACA401A-51A2-46D4-A4E2-225DFD662A37_1.jpg",225,225,false],"woocommerce_thumbnail":["https:\/\/electrosphere.pl\/wp-content\/uploads\/2025\/11\/csPhotos_Photo_7ACA401A-51A2-46D4-A4E2-225DFD662A37_1.jpg",225,225,false],"woocommerce_single":["https:\/\/electrosphere.pl\/wp-content\/uploads\/2025\/11\/csPhotos_Photo_7ACA401A-51A2-46D4-A4E2-225DFD662A37_1.jpg",225,225,false],"woocommerce_gallery_thumbnail":["https:\/\/electrosphere.pl\/wp-content\/uploads\/2025\/11\/csPhotos_Photo_7ACA401A-51A2-46D4-A4E2-225DFD662A37_1-100x100.jpg",100,100,true],"dgwt-wcas-product-suggestion":["https:\/\/electrosphere.pl\/wp-content\/uploads\/2025\/11\/csPhotos_Photo_7ACA401A-51A2-46D4-A4E2-225DFD662A37_1-64x64.jpg",64,64,true]},"uagb_author_info":{"display_name":"filipm","author_link":"https:\/\/electrosphere.pl\/en\/author\/"},"uagb_comment_info":0,"uagb_excerpt":"PRZK-4063W02 POWER SOURCE SWITCH 63A 4-POLE Power switches are essential devices that ensure the continuity of operation and safety of [&hellip;]","_links":{"self":[{"href":"https:\/\/electrosphere.pl\/en\/wp-json\/wp\/v2\/product\/85825","targetHints":{"allow":["GET"]}}],"collection":[{"href":"https:\/\/electrosphere.pl\/en\/wp-json\/wp\/v2\/product"}],"about":[{"href":"https:\/\/electrosphere.pl\/en\/wp-json\/wp\/v2\/types\/product"}],"wp:featuredmedia":[{"embeddable":true,"href":"https:\/\/electrosphere.pl\/en\/wp-json\/wp\/v2\/media\/55999"}],"wp:attachment":[{"href":"https:\/\/electrosphere.pl\/en\/wp-json\/wp\/v2\/media?parent=85825"}],"wp:term":[{"taxonomy":"product_brand","embeddable":true,"href":"https:\/\/electrosphere.pl\/en\/wp-json\/wp\/v2\/product_brand?post=85825"},{"taxonomy":"product_cat","embeddable":true,"href":"https:\/\/electrosphere.pl\/en\/wp-json\/wp\/v2\/product_cat?post=85825"},{"taxonomy":"product_tag","embeddable":true,"href":"https:\/\/electrosphere.pl\/en\/wp-json\/wp\/v2\/product_tag?post=85825"}],"curies":[{"name":"wp","href":"https:\/\/api.w.org\/{rel}","templated":true}]}}