{"id":85344,"date":"2025-11-25T22:50:55","date_gmt":"2025-11-25T22:50:55","guid":{"rendered":"https:\/\/electrosphere.pl\/zi05r442-installation-set-0-1-2x-230v-32-5-ip44\/"},"modified":"2026-03-31T11:59:11","modified_gmt":"2026-03-31T11:59:11","slug":"zi05r442-installation-set-0-1-2x-230v-32-5-ip44","status":"publish","type":"product","link":"https:\/\/electrosphere.pl\/en\/zi05r442-installation-set-0-1-2x-230v-32-5-ip44\/","title":{"rendered":"ZI05R442 INSTALLATION SET 0-1 2X 230V 32\/5 IP44"},"content":{"rendered":"<h2>ZI05R442 Installation Set 0-1 2X 230V 32\/5 IP44<\/h2>\n<p>The ZI05R442 installation set is a product designed for easy and safe electrical installation in various applications.<\/p>\n<h3>Application<\/h3>\n<p>The set is ideal for use in conditions where a high level of resistance to moisture and dust is required, making it suitable for both indoor and outdoor applications.<\/p>\n<h3>Technical Data<\/h3>\n<ul>\n<li>Type: Installation set<\/li>\n<li>Input: 2 x 230V<\/li>\n<li>Rated current: 32\/5 A<\/li>\n<li>Protection class: IP44<\/li>\n<li>Manufacturer: Sp\u00f3\u0142dzielnia Inwalid\u00f3w Spamel<\/li>\n<\/ul>\n","protected":false},"excerpt":{"rendered":"<p>ZI05R442 Installation Set 0-1 2X 230V 32\/5 IP44 The ZI05R442 installation set is a product designed for easy and safe [&hellip;]<\/p>\n","protected":false},"featured_media":56723,"template":"","meta":{"_uag_custom_page_level_css":"","site-sidebar-layout":"default","site-content-layout":"","ast-site-content-layout":"default","site-content-style":"default","site-sidebar-style":"default","ast-global-header-display":"","ast-banner-title-visibility":"","ast-main-header-display":"","ast-hfb-above-header-display":"","ast-hfb-below-header-display":"","ast-hfb-mobile-header-display":"","site-post-title":"","ast-breadcrumbs-content":"","ast-featured-img":"","footer-sml-layout":"","ast-disable-related-posts":"","theme-transparent-header-meta":"","adv-header-id-meta":"","stick-header-meta":"","header-above-stick-meta":"","header-main-stick-meta":"","header-below-stick-meta":"","astra-migrate-meta-layouts":"default","ast-page-background-enabled":"default","ast-page-background-meta":{"desktop":{"background-color":"var(--ast-global-color-5)","background-image":"","background-repeat":"repeat","background-position":"center center","background-size":"auto","background-attachment":"scroll","background-type":"","background-media":"","overlay-type":"","overlay-color":"","overlay-opacity":"","overlay-gradient":""},"tablet":{"background-color":"","background-image":"","background-repeat":"repeat","background-position":"center center","background-size":"auto","background-attachment":"scroll","background-type":"","background-media":"","overlay-type":"","overlay-color":"","overlay-opacity":"","overlay-gradient":""},"mobile":{"background-color":"","background-image":"","background-repeat":"repeat","background-position":"center center","background-size":"auto","background-attachment":"scroll","background-type":"","background-media":"","overlay-type":"","overlay-color":"","overlay-opacity":"","overlay-gradient":""}},"ast-content-background-meta":{"desktop":{"background-color":"var(--ast-global-color-4)","background-image":"","background-repeat":"repeat","background-position":"center center","background-size":"auto","background-attachment":"scroll","background-type":"","background-media":"","overlay-type":"","overlay-color":"","overlay-opacity":"","overlay-gradient":""},"tablet":{"background-color":"var(--ast-global-color-4)","background-image":"","background-repeat":"repeat","background-position":"center center","background-size":"auto","background-attachment":"scroll","background-type":"","background-media":"","overlay-type":"","overlay-color":"","overlay-opacity":"","overlay-gradient":""},"mobile":{"background-color":"var(--ast-global-color-4)","background-image":"","background-repeat":"repeat","background-position":"center center","background-size":"auto","background-attachment":"scroll","background-type":"","background-media":"","overlay-type":"","overlay-color":"","overlay-opacity":"","overlay-gradient":""}}},"product_brand":[],"product_cat":[2520,417,416,573,786],"product_tag":[],"class_list":{"0":"post-85344","1":"product","2":"type-product","3":"status-publish","4":"has-post-thumbnail","6":"product_cat-installation-sets","7":"product_cat-obudowy","8":"product_cat-rozdzielnice-i-obudowy","9":"product_cat-rozdzielnice-i-zestawy-budowlane","10":"product_cat-zestawy-instalacyjne","11":"desktop-align-left","12":"tablet-align-left","13":"mobile-align-left","15":"first","16":"instock","17":"purchasable","18":"product-type-simple"},"uagb_featured_image_src":{"full":["https:\/\/electrosphere.pl\/wp-content\/uploads\/2025\/11\/csPhotos_Photo_0E79D298-B16E-455D-BB81-7B1E127C34F7_1.jpg",196,258,false],"thumbnail":["https:\/\/electrosphere.pl\/wp-content\/uploads\/2025\/11\/csPhotos_Photo_0E79D298-B16E-455D-BB81-7B1E127C34F7_1-150x150.jpg",150,150,true],"medium":["https:\/\/electrosphere.pl\/wp-content\/uploads\/2025\/11\/csPhotos_Photo_0E79D298-B16E-455D-BB81-7B1E127C34F7_1.jpg",196,258,false],"medium_large":["https:\/\/electrosphere.pl\/wp-content\/uploads\/2025\/11\/csPhotos_Photo_0E79D298-B16E-455D-BB81-7B1E127C34F7_1.jpg",196,258,false],"large":["https:\/\/electrosphere.pl\/wp-content\/uploads\/2025\/11\/csPhotos_Photo_0E79D298-B16E-455D-BB81-7B1E127C34F7_1.jpg",196,258,false],"1536x1536":["https:\/\/electrosphere.pl\/wp-content\/uploads\/2025\/11\/csPhotos_Photo_0E79D298-B16E-455D-BB81-7B1E127C34F7_1.jpg",196,258,false],"2048x2048":["https:\/\/electrosphere.pl\/wp-content\/uploads\/2025\/11\/csPhotos_Photo_0E79D298-B16E-455D-BB81-7B1E127C34F7_1.jpg",196,258,false],"woocommerce_thumbnail":["https:\/\/electrosphere.pl\/wp-content\/uploads\/2025\/11\/csPhotos_Photo_0E79D298-B16E-455D-BB81-7B1E127C34F7_1.jpg",196,258,false],"woocommerce_single":["https:\/\/electrosphere.pl\/wp-content\/uploads\/2025\/11\/csPhotos_Photo_0E79D298-B16E-455D-BB81-7B1E127C34F7_1.jpg",196,258,false],"woocommerce_gallery_thumbnail":["https:\/\/electrosphere.pl\/wp-content\/uploads\/2025\/11\/csPhotos_Photo_0E79D298-B16E-455D-BB81-7B1E127C34F7_1-100x100.jpg",100,100,true],"dgwt-wcas-product-suggestion":["https:\/\/electrosphere.pl\/wp-content\/uploads\/2025\/11\/csPhotos_Photo_0E79D298-B16E-455D-BB81-7B1E127C34F7_1-64x84.jpg",64,84,true]},"uagb_author_info":{"display_name":"filipm","author_link":"https:\/\/electrosphere.pl\/en\/author\/"},"uagb_comment_info":0,"uagb_excerpt":"ZI05R442 Installation Set 0-1 2X 230V 32\/5 IP44 The ZI05R442 installation set is a product designed for easy and safe [&hellip;]","_links":{"self":[{"href":"https:\/\/electrosphere.pl\/en\/wp-json\/wp\/v2\/product\/85344","targetHints":{"allow":["GET"]}}],"collection":[{"href":"https:\/\/electrosphere.pl\/en\/wp-json\/wp\/v2\/product"}],"about":[{"href":"https:\/\/electrosphere.pl\/en\/wp-json\/wp\/v2\/types\/product"}],"wp:featuredmedia":[{"embeddable":true,"href":"https:\/\/electrosphere.pl\/en\/wp-json\/wp\/v2\/media\/56723"}],"wp:attachment":[{"href":"https:\/\/electrosphere.pl\/en\/wp-json\/wp\/v2\/media?parent=85344"}],"wp:term":[{"taxonomy":"product_brand","embeddable":true,"href":"https:\/\/electrosphere.pl\/en\/wp-json\/wp\/v2\/product_brand?post=85344"},{"taxonomy":"product_cat","embeddable":true,"href":"https:\/\/electrosphere.pl\/en\/wp-json\/wp\/v2\/product_cat?post=85344"},{"taxonomy":"product_tag","embeddable":true,"href":"https:\/\/electrosphere.pl\/en\/wp-json\/wp\/v2\/product_tag?post=85344"}],"curies":[{"name":"wp","href":"https:\/\/api.w.org\/{rel}","templated":true}]}}