{"id":85334,"date":"2025-11-25T22:51:14","date_gmt":"2025-11-25T22:51:14","guid":{"rendered":"https:\/\/electrosphere.pl\/lk63-2-8211ob2-63a-0-1-3p-curved-switch-63a-3p-ob-ip65-black-drive\/"},"modified":"2026-03-23T11:53:37","modified_gmt":"2026-03-23T11:53:37","slug":"lk63-2-8211ob2-63a-0-1-3p-curved-switch-63a-3p-ob-ip65-black-drive","status":"publish","type":"product","link":"https:\/\/electrosphere.pl\/en\/lk63-2-8211ob2-63a-0-1-3p-curved-switch-63a-3p-ob-ip65-black-drive\/","title":{"rendered":"LK63-2.8211OB2 63A 0-1 3P CURVED SWITCH 63A 3P OB IP65 BLACK DRIVE"},"content":{"rendered":"<h2>\u0141K63-2.8211\/OB2 63A 0-1 3P Rotary Switch 63A 3P OB IP65 Black Drive<\/h2>\n<p>The rotary switch \u0141K63-2.8211\/OB2 with a current rating of 63A and an IP65 protection degree is a reliable solution for demanding applications.<\/p>\n<h3>Application<\/h3>\n<p>The 63A rotary switch is used in electrical switchboards and various industrial installations where reliability and moisture protection are essential.<\/p>\n<h3>Technical Data<\/h3>\n<ul>\n<li>Manufacturer: Sp\u00f3\u0142dzielnia Inwalid\u00f3w Spamel<\/li>\n<li>Type: Rotary switch<\/li>\n<li>Current: 63A<\/li>\n<li>Protection degree: IP65<\/li>\n<li>Drive color: Black<\/li>\n<li>Catalog number: 06197\/P<\/li>\n<\/ul>\n","protected":false},"excerpt":{"rendered":"<p>\u0141K63-2.8211\/OB2 63A 0-1 3P Rotary Switch 63A 3P OB IP65 Black Drive The rotary switch \u0141K63-2.8211\/OB2 with a current rating [&hellip;]<\/p>\n","protected":false},"featured_media":56738,"template":"","meta":{"_uag_custom_page_level_css":"","site-sidebar-layout":"default","site-content-layout":"","ast-site-content-layout":"default","site-content-style":"default","site-sidebar-style":"default","ast-global-header-display":"","ast-banner-title-visibility":"","ast-main-header-display":"","ast-hfb-above-header-display":"","ast-hfb-below-header-display":"","ast-hfb-mobile-header-display":"","site-post-title":"","ast-breadcrumbs-content":"","ast-featured-img":"","footer-sml-layout":"","ast-disable-related-posts":"","theme-transparent-header-meta":"","adv-header-id-meta":"","stick-header-meta":"","header-above-stick-meta":"","header-main-stick-meta":"","header-below-stick-meta":"","astra-migrate-meta-layouts":"default","ast-page-background-enabled":"default","ast-page-background-meta":{"desktop":{"background-color":"var(--ast-global-color-5)","background-image":"","background-repeat":"repeat","background-position":"center center","background-size":"auto","background-attachment":"scroll","background-type":"","background-media":"","overlay-type":"","overlay-color":"","overlay-opacity":"","overlay-gradient":""},"tablet":{"background-color":"","background-image":"","background-repeat":"repeat","background-position":"center center","background-size":"auto","background-attachment":"scroll","background-type":"","background-media":"","overlay-type":"","overlay-color":"","overlay-opacity":"","overlay-gradient":""},"mobile":{"background-color":"","background-image":"","background-repeat":"repeat","background-position":"center center","background-size":"auto","background-attachment":"scroll","background-type":"","background-media":"","overlay-type":"","overlay-color":"","overlay-opacity":"","overlay-gradient":""}},"ast-content-background-meta":{"desktop":{"background-color":"var(--ast-global-color-4)","background-image":"","background-repeat":"repeat","background-position":"center center","background-size":"auto","background-attachment":"scroll","background-type":"","background-media":"","overlay-type":"","overlay-color":"","overlay-opacity":"","overlay-gradient":""},"tablet":{"background-color":"var(--ast-global-color-4)","background-image":"","background-repeat":"repeat","background-position":"center center","background-size":"auto","background-attachment":"scroll","background-type":"","background-media":"","overlay-type":"","overlay-color":"","overlay-opacity":"","overlay-gradient":""},"mobile":{"background-color":"var(--ast-global-color-4)","background-image":"","background-repeat":"repeat","background-position":"center center","background-size":"auto","background-attachment":"scroll","background-type":"","background-media":"","overlay-type":"","overlay-color":"","overlay-opacity":"","overlay-gradient":""}}},"product_brand":[],"product_cat":[406,474,2112,473],"product_tag":[],"class_list":{"0":"post-85334","1":"product","2":"type-product","3":"status-publish","4":"has-post-thumbnail","6":"product_cat-aparatura-i-automatyka","7":"product_cat-przelaczniki-i-laczniki-krzywkowe","8":"product_cat-switches-and-rotary-switches","9":"product_cat-wylaczniki-rozlaczniki","10":"desktop-align-left","11":"tablet-align-left","12":"mobile-align-left","14":"first","15":"instock","16":"purchasable","17":"product-type-simple"},"uagb_featured_image_src":{"full":["https:\/\/electrosphere.pl\/wp-content\/uploads\/2025\/11\/csPhotos_Photo_7A2479BB-C99B-44F4-862A-7CA3AD96F197_1.jpg",243,208,false],"thumbnail":["https:\/\/electrosphere.pl\/wp-content\/uploads\/2025\/11\/csPhotos_Photo_7A2479BB-C99B-44F4-862A-7CA3AD96F197_1-150x150.jpg",150,150,true],"medium":["https:\/\/electrosphere.pl\/wp-content\/uploads\/2025\/11\/csPhotos_Photo_7A2479BB-C99B-44F4-862A-7CA3AD96F197_1.jpg",243,208,false],"medium_large":["https:\/\/electrosphere.pl\/wp-content\/uploads\/2025\/11\/csPhotos_Photo_7A2479BB-C99B-44F4-862A-7CA3AD96F197_1.jpg",243,208,false],"large":["https:\/\/electrosphere.pl\/wp-content\/uploads\/2025\/11\/csPhotos_Photo_7A2479BB-C99B-44F4-862A-7CA3AD96F197_1.jpg",243,208,false],"1536x1536":["https:\/\/electrosphere.pl\/wp-content\/uploads\/2025\/11\/csPhotos_Photo_7A2479BB-C99B-44F4-862A-7CA3AD96F197_1.jpg",243,208,false],"2048x2048":["https:\/\/electrosphere.pl\/wp-content\/uploads\/2025\/11\/csPhotos_Photo_7A2479BB-C99B-44F4-862A-7CA3AD96F197_1.jpg",243,208,false],"woocommerce_thumbnail":["https:\/\/electrosphere.pl\/wp-content\/uploads\/2025\/11\/csPhotos_Photo_7A2479BB-C99B-44F4-862A-7CA3AD96F197_1.jpg",243,208,false],"woocommerce_single":["https:\/\/electrosphere.pl\/wp-content\/uploads\/2025\/11\/csPhotos_Photo_7A2479BB-C99B-44F4-862A-7CA3AD96F197_1.jpg",243,208,false],"woocommerce_gallery_thumbnail":["https:\/\/electrosphere.pl\/wp-content\/uploads\/2025\/11\/csPhotos_Photo_7A2479BB-C99B-44F4-862A-7CA3AD96F197_1-100x100.jpg",100,100,true],"dgwt-wcas-product-suggestion":["https:\/\/electrosphere.pl\/wp-content\/uploads\/2025\/11\/csPhotos_Photo_7A2479BB-C99B-44F4-862A-7CA3AD96F197_1-64x55.jpg",64,55,true]},"uagb_author_info":{"display_name":"filipm","author_link":"https:\/\/electrosphere.pl\/en\/author\/"},"uagb_comment_info":0,"uagb_excerpt":"\u0141K63-2.8211\/OB2 63A 0-1 3P Rotary Switch 63A 3P OB IP65 Black Drive The rotary switch \u0141K63-2.8211\/OB2 with a current rating [&hellip;]","_links":{"self":[{"href":"https:\/\/electrosphere.pl\/en\/wp-json\/wp\/v2\/product\/85334","targetHints":{"allow":["GET"]}}],"collection":[{"href":"https:\/\/electrosphere.pl\/en\/wp-json\/wp\/v2\/product"}],"about":[{"href":"https:\/\/electrosphere.pl\/en\/wp-json\/wp\/v2\/types\/product"}],"wp:featuredmedia":[{"embeddable":true,"href":"https:\/\/electrosphere.pl\/en\/wp-json\/wp\/v2\/media\/56738"}],"wp:attachment":[{"href":"https:\/\/electrosphere.pl\/en\/wp-json\/wp\/v2\/media?parent=85334"}],"wp:term":[{"taxonomy":"product_brand","embeddable":true,"href":"https:\/\/electrosphere.pl\/en\/wp-json\/wp\/v2\/product_brand?post=85334"},{"taxonomy":"product_cat","embeddable":true,"href":"https:\/\/electrosphere.pl\/en\/wp-json\/wp\/v2\/product_cat?post=85334"},{"taxonomy":"product_tag","embeddable":true,"href":"https:\/\/electrosphere.pl\/en\/wp-json\/wp\/v2\/product_tag?post=85334"}],"curies":[{"name":"wp","href":"https:\/\/api.w.org\/{rel}","templated":true}]}}