{"id":84613,"date":"2025-11-25T23:05:03","date_gmt":"2025-11-25T23:05:03","guid":{"rendered":"https:\/\/electrosphere.pl\/dehnguard-modular-dg-m-surge-protector-t2-c-4p-4m-20-40ka-1-5kv-tns-275\/"},"modified":"2026-04-03T07:39:27","modified_gmt":"2026-04-03T07:39:27","slug":"dehnguard-modular-dg-m-surge-protector-t2-c-4p-4m-20-40ka-1-5kv-tns-275","status":"publish","type":"product","link":"https:\/\/electrosphere.pl\/en\/dehnguard-modular-dg-m-surge-protector-t2-c-4p-4m-20-40ka-1-5kv-tns-275\/","title":{"rendered":"DEHNGUARD MODULAR DG M SURGE PROTECTOR T2 C 4P 4M 20\/40KA 1.5KV TNS 275"},"content":{"rendered":"<h2>DEHNGUARD MODULAR DG M SURGE PROTECTOR T2 C 4P 20\/40KA 1.5KV TNS 275<\/h2>\n<p>Class C surge protectors are second-stage protectors designed to protect electrical installations from switching surges.<\/p>\n<h3>Application<\/h3>\n<p>They are most commonly installed in multi-storey distribution boards or sub-distribution boards. They protect against the effects of sudden voltage changes. They complement the protection provided by class B protectors.<\/p>\n<h3>Technical Data<\/h3>\n<ul>\n<li>Manufacturer: DEHN POLSKA SP\u00d3\u0141KA Z OGRANICZON\u0104 ODPOWIEDZIALNO\u015aCI\u0104<\/li>\n<li>Class: C<\/li>\n<li>Type: Surge Protector T2<\/li>\n<li>Number of Poles: 4P<\/li>\n<li>Protection Rating: 20\/40KA<\/li>\n<li>Voltage: 1.5KV<\/li>\n<li>Installation Type: TNS<\/li>\n<li>Model: DG M<\/li>\n<\/ul>\n","protected":false},"excerpt":{"rendered":"<p>DEHNGUARD MODULAR DG M SURGE PROTECTOR T2 C 4P 20\/40KA 1.5KV TNS 275 Class C surge protectors are second-stage protectors [&hellip;]<\/p>\n","protected":false},"featured_media":57736,"template":"","meta":{"_uag_custom_page_level_css":"","site-sidebar-layout":"default","site-content-layout":"","ast-site-content-layout":"default","site-content-style":"default","site-sidebar-style":"default","ast-global-header-display":"","ast-banner-title-visibility":"","ast-main-header-display":"","ast-hfb-above-header-display":"","ast-hfb-below-header-display":"","ast-hfb-mobile-header-display":"","site-post-title":"","ast-breadcrumbs-content":"","ast-featured-img":"","footer-sml-layout":"","ast-disable-related-posts":"","theme-transparent-header-meta":"","adv-header-id-meta":"","stick-header-meta":"","header-above-stick-meta":"","header-main-stick-meta":"","header-below-stick-meta":"","astra-migrate-meta-layouts":"default","ast-page-background-enabled":"default","ast-page-background-meta":{"desktop":{"background-color":"var(--ast-global-color-5)","background-image":"","background-repeat":"repeat","background-position":"center center","background-size":"auto","background-attachment":"scroll","background-type":"","background-media":"","overlay-type":"","overlay-color":"","overlay-opacity":"","overlay-gradient":""},"tablet":{"background-color":"","background-image":"","background-repeat":"repeat","background-position":"center center","background-size":"auto","background-attachment":"scroll","background-type":"","background-media":"","overlay-type":"","overlay-color":"","overlay-opacity":"","overlay-gradient":""},"mobile":{"background-color":"","background-image":"","background-repeat":"repeat","background-position":"center center","background-size":"auto","background-attachment":"scroll","background-type":"","background-media":"","overlay-type":"","overlay-color":"","overlay-opacity":"","overlay-gradient":""}},"ast-content-background-meta":{"desktop":{"background-color":"var(--ast-global-color-4)","background-image":"","background-repeat":"repeat","background-position":"center center","background-size":"auto","background-attachment":"scroll","background-type":"","background-media":"","overlay-type":"","overlay-color":"","overlay-opacity":"","overlay-gradient":""},"tablet":{"background-color":"var(--ast-global-color-4)","background-image":"","background-repeat":"repeat","background-position":"center center","background-size":"auto","background-attachment":"scroll","background-type":"","background-media":"","overlay-type":"","overlay-color":"","overlay-opacity":"","overlay-gradient":""},"mobile":{"background-color":"var(--ast-global-color-4)","background-image":"","background-repeat":"repeat","background-position":"center center","background-size":"auto","background-attachment":"scroll","background-type":"","background-media":"","overlay-type":"","overlay-color":"","overlay-opacity":"","overlay-gradient":""}}},"product_brand":[],"product_cat":[1884,608,628,998],"product_tag":[],"class_list":{"0":"post-84613","1":"product","2":"type-product","3":"status-publish","4":"has-post-thumbnail","6":"product_cat-class-c-surge-protectors","7":"product_cat-ochrona-odgromowa","8":"product_cat-ograniczniki-przepiec","9":"product_cat-ograniczniki-przepiec-klasy-c","10":"desktop-align-left","11":"tablet-align-left","12":"mobile-align-left","14":"first","15":"instock","16":"purchasable","17":"product-type-simple"},"uagb_featured_image_src":{"full":["https:\/\/electrosphere.pl\/wp-content\/uploads\/2025\/11\/csPhotos_Photo_CAF8130E-5503-46C1-A86C-DFA928FD6BF2_1.png",216,157,false],"thumbnail":["https:\/\/electrosphere.pl\/wp-content\/uploads\/2025\/11\/csPhotos_Photo_CAF8130E-5503-46C1-A86C-DFA928FD6BF2_1-150x150.png",150,150,true],"medium":["https:\/\/electrosphere.pl\/wp-content\/uploads\/2025\/11\/csPhotos_Photo_CAF8130E-5503-46C1-A86C-DFA928FD6BF2_1.png",216,157,false],"medium_large":["https:\/\/electrosphere.pl\/wp-content\/uploads\/2025\/11\/csPhotos_Photo_CAF8130E-5503-46C1-A86C-DFA928FD6BF2_1.png",216,157,false],"large":["https:\/\/electrosphere.pl\/wp-content\/uploads\/2025\/11\/csPhotos_Photo_CAF8130E-5503-46C1-A86C-DFA928FD6BF2_1.png",216,157,false],"1536x1536":["https:\/\/electrosphere.pl\/wp-content\/uploads\/2025\/11\/csPhotos_Photo_CAF8130E-5503-46C1-A86C-DFA928FD6BF2_1.png",216,157,false],"2048x2048":["https:\/\/electrosphere.pl\/wp-content\/uploads\/2025\/11\/csPhotos_Photo_CAF8130E-5503-46C1-A86C-DFA928FD6BF2_1.png",216,157,false],"woocommerce_thumbnail":["https:\/\/electrosphere.pl\/wp-content\/uploads\/2025\/11\/csPhotos_Photo_CAF8130E-5503-46C1-A86C-DFA928FD6BF2_1.png",216,157,false],"woocommerce_single":["https:\/\/electrosphere.pl\/wp-content\/uploads\/2025\/11\/csPhotos_Photo_CAF8130E-5503-46C1-A86C-DFA928FD6BF2_1.png",216,157,false],"woocommerce_gallery_thumbnail":["https:\/\/electrosphere.pl\/wp-content\/uploads\/2025\/11\/csPhotos_Photo_CAF8130E-5503-46C1-A86C-DFA928FD6BF2_1-100x100.png",100,100,true],"dgwt-wcas-product-suggestion":["https:\/\/electrosphere.pl\/wp-content\/uploads\/2025\/11\/csPhotos_Photo_CAF8130E-5503-46C1-A86C-DFA928FD6BF2_1-64x47.png",64,47,true]},"uagb_author_info":{"display_name":"filipm","author_link":"https:\/\/electrosphere.pl\/en\/author\/"},"uagb_comment_info":0,"uagb_excerpt":"DEHNGUARD MODULAR DG M SURGE PROTECTOR T2 C 4P 20\/40KA 1.5KV TNS 275 Class C surge protectors are second-stage protectors [&hellip;]","_links":{"self":[{"href":"https:\/\/electrosphere.pl\/en\/wp-json\/wp\/v2\/product\/84613","targetHints":{"allow":["GET"]}}],"collection":[{"href":"https:\/\/electrosphere.pl\/en\/wp-json\/wp\/v2\/product"}],"about":[{"href":"https:\/\/electrosphere.pl\/en\/wp-json\/wp\/v2\/types\/product"}],"wp:featuredmedia":[{"embeddable":true,"href":"https:\/\/electrosphere.pl\/en\/wp-json\/wp\/v2\/media\/57736"}],"wp:attachment":[{"href":"https:\/\/electrosphere.pl\/en\/wp-json\/wp\/v2\/media?parent=84613"}],"wp:term":[{"taxonomy":"product_brand","embeddable":true,"href":"https:\/\/electrosphere.pl\/en\/wp-json\/wp\/v2\/product_brand?post=84613"},{"taxonomy":"product_cat","embeddable":true,"href":"https:\/\/electrosphere.pl\/en\/wp-json\/wp\/v2\/product_cat?post=84613"},{"taxonomy":"product_tag","embeddable":true,"href":"https:\/\/electrosphere.pl\/en\/wp-json\/wp\/v2\/product_tag?post=84613"}],"curies":[{"name":"wp","href":"https:\/\/api.w.org\/{rel}","templated":true}]}}