{"id":84609,"date":"2025-11-25T23:05:07","date_gmt":"2025-11-25T23:05:07","guid":{"rendered":"https:\/\/electrosphere.pl\/01h-angled-roof-bracket-h-70-screwed-zz\/"},"modified":"2026-04-03T07:39:27","modified_gmt":"2026-04-03T07:39:27","slug":"01h-angled-roof-bracket-h-70-screwed-zz","status":"publish","type":"product","link":"https:\/\/electrosphere.pl\/en\/01h-angled-roof-bracket-h-70-screwed-zz\/","title":{"rendered":"01H ANGLED ROOF BRACKET H-70 SCREWED ZZ"},"content":{"rendered":"<h2>Roof Bracket Angle H-70 Twisted ZZ<\/h2>\n<p>Roof brackets are fastening elements for securing lightning protection cables to flat and sloped roof surfaces.<\/p>\n<h3>Application<\/h3>\n<p>They ensure safe and durable installation on the roof. Roof brackets are resistant to external factors and do not damage the roofing material. They are an important component of any lightning protection system on buildings.<\/p>\n<h3>Technical Data<\/h3>\n<ul>\n<li>Manufacturer: W.O.O. &#8220;B\u0141YSKAWICA&#8221; M.K.S. \u0141ABU\u0143SCY SP.J.<\/li>\n<li>Type: Roof brackets<\/li>\n<li>Model: H-70 Twisted ZZ<\/li>\n<li>Material: Weather-resistant<\/li>\n<li>Purpose: Lightning protection systems<\/li>\n<\/ul>\n","protected":false},"excerpt":{"rendered":"<p>Roof Bracket Angle H-70 Twisted ZZ Roof brackets are fastening elements for securing lightning protection cables to flat and sloped [&hellip;]<\/p>\n","protected":false},"featured_media":57742,"template":"","meta":{"_uag_custom_page_level_css":"","site-sidebar-layout":"default","site-content-layout":"","ast-site-content-layout":"default","site-content-style":"default","site-sidebar-style":"default","ast-global-header-display":"","ast-banner-title-visibility":"","ast-main-header-display":"","ast-hfb-above-header-display":"","ast-hfb-below-header-display":"","ast-hfb-mobile-header-display":"","site-post-title":"","ast-breadcrumbs-content":"","ast-featured-img":"","footer-sml-layout":"","ast-disable-related-posts":"","theme-transparent-header-meta":"","adv-header-id-meta":"","stick-header-meta":"","header-above-stick-meta":"","header-main-stick-meta":"","header-below-stick-meta":"","astra-migrate-meta-layouts":"default","ast-page-background-enabled":"default","ast-page-background-meta":{"desktop":{"background-color":"var(--ast-global-color-5)","background-image":"","background-repeat":"repeat","background-position":"center center","background-size":"auto","background-attachment":"scroll","background-type":"","background-media":"","overlay-type":"","overlay-color":"","overlay-opacity":"","overlay-gradient":""},"tablet":{"background-color":"","background-image":"","background-repeat":"repeat","background-position":"center center","background-size":"auto","background-attachment":"scroll","background-type":"","background-media":"","overlay-type":"","overlay-color":"","overlay-opacity":"","overlay-gradient":""},"mobile":{"background-color":"","background-image":"","background-repeat":"repeat","background-position":"center center","background-size":"auto","background-attachment":"scroll","background-type":"","background-media":"","overlay-type":"","overlay-color":"","overlay-opacity":"","overlay-gradient":""}},"ast-content-background-meta":{"desktop":{"background-color":"var(--ast-global-color-4)","background-image":"","background-repeat":"repeat","background-position":"center center","background-size":"auto","background-attachment":"scroll","background-type":"","background-media":"","overlay-type":"","overlay-color":"","overlay-opacity":"","overlay-gradient":""},"tablet":{"background-color":"var(--ast-global-color-4)","background-image":"","background-repeat":"repeat","background-position":"center center","background-size":"auto","background-attachment":"scroll","background-type":"","background-media":"","overlay-type":"","overlay-color":"","overlay-opacity":"","overlay-gradient":""},"mobile":{"background-color":"var(--ast-global-color-4)","background-image":"","background-repeat":"repeat","background-position":"center center","background-size":"auto","background-attachment":"scroll","background-type":"","background-media":"","overlay-type":"","overlay-color":"","overlay-opacity":"","overlay-gradient":""}}},"product_brand":[],"product_cat":[609,608,2365,862],"product_tag":[],"class_list":{"0":"post-84609","1":"product","2":"type-product","3":"status-publish","4":"has-post-thumbnail","6":"product_cat-elementy-instalacji-odgromowej","7":"product_cat-ochrona-odgromowa","8":"product_cat-roof-brackets","9":"product_cat-uchwyty-dachowe","10":"desktop-align-left","11":"tablet-align-left","12":"mobile-align-left","14":"first","15":"instock","16":"purchasable","17":"product-type-simple"},"uagb_featured_image_src":{"full":["https:\/\/electrosphere.pl\/wp-content\/uploads\/2025\/11\/csPhotos_Photo_27E9299D-8272-4E35-9416-4FA950643E24_1.jpg",900,549,false],"thumbnail":["https:\/\/electrosphere.pl\/wp-content\/uploads\/2025\/11\/csPhotos_Photo_27E9299D-8272-4E35-9416-4FA950643E24_1-150x150.jpg",150,150,true],"medium":["https:\/\/electrosphere.pl\/wp-content\/uploads\/2025\/11\/csPhotos_Photo_27E9299D-8272-4E35-9416-4FA950643E24_1-300x183.jpg",300,183,true],"medium_large":["https:\/\/electrosphere.pl\/wp-content\/uploads\/2025\/11\/csPhotos_Photo_27E9299D-8272-4E35-9416-4FA950643E24_1-768x468.jpg",768,468,true],"large":["https:\/\/electrosphere.pl\/wp-content\/uploads\/2025\/11\/csPhotos_Photo_27E9299D-8272-4E35-9416-4FA950643E24_1.jpg",900,549,false],"1536x1536":["https:\/\/electrosphere.pl\/wp-content\/uploads\/2025\/11\/csPhotos_Photo_27E9299D-8272-4E35-9416-4FA950643E24_1.jpg",900,549,false],"2048x2048":["https:\/\/electrosphere.pl\/wp-content\/uploads\/2025\/11\/csPhotos_Photo_27E9299D-8272-4E35-9416-4FA950643E24_1.jpg",900,549,false],"woocommerce_thumbnail":["https:\/\/electrosphere.pl\/wp-content\/uploads\/2025\/11\/csPhotos_Photo_27E9299D-8272-4E35-9416-4FA950643E24_1-300x300.jpg",300,300,true],"woocommerce_single":["https:\/\/electrosphere.pl\/wp-content\/uploads\/2025\/11\/csPhotos_Photo_27E9299D-8272-4E35-9416-4FA950643E24_1-600x366.jpg",600,366,true],"woocommerce_gallery_thumbnail":["https:\/\/electrosphere.pl\/wp-content\/uploads\/2025\/11\/csPhotos_Photo_27E9299D-8272-4E35-9416-4FA950643E24_1-100x100.jpg",100,100,true],"dgwt-wcas-product-suggestion":["https:\/\/electrosphere.pl\/wp-content\/uploads\/2025\/11\/csPhotos_Photo_27E9299D-8272-4E35-9416-4FA950643E24_1-64x39.jpg",64,39,true]},"uagb_author_info":{"display_name":"filipm","author_link":"https:\/\/electrosphere.pl\/en\/author\/"},"uagb_comment_info":0,"uagb_excerpt":"Roof Bracket Angle H-70 Twisted ZZ Roof brackets are fastening elements for securing lightning protection cables to flat and sloped [&hellip;]","_links":{"self":[{"href":"https:\/\/electrosphere.pl\/en\/wp-json\/wp\/v2\/product\/84609","targetHints":{"allow":["GET"]}}],"collection":[{"href":"https:\/\/electrosphere.pl\/en\/wp-json\/wp\/v2\/product"}],"about":[{"href":"https:\/\/electrosphere.pl\/en\/wp-json\/wp\/v2\/types\/product"}],"wp:featuredmedia":[{"embeddable":true,"href":"https:\/\/electrosphere.pl\/en\/wp-json\/wp\/v2\/media\/57742"}],"wp:attachment":[{"href":"https:\/\/electrosphere.pl\/en\/wp-json\/wp\/v2\/media?parent=84609"}],"wp:term":[{"taxonomy":"product_brand","embeddable":true,"href":"https:\/\/electrosphere.pl\/en\/wp-json\/wp\/v2\/product_brand?post=84609"},{"taxonomy":"product_cat","embeddable":true,"href":"https:\/\/electrosphere.pl\/en\/wp-json\/wp\/v2\/product_cat?post=84609"},{"taxonomy":"product_tag","embeddable":true,"href":"https:\/\/electrosphere.pl\/en\/wp-json\/wp\/v2\/product_tag?post=84609"}],"curies":[{"name":"wp","href":"https:\/\/api.w.org\/{rel}","templated":true}]}}