{"id":84607,"date":"2025-11-25T23:05:10","date_gmt":"2025-11-25T23:05:10","guid":{"rendered":"https:\/\/electrosphere.pl\/01b-roof-angle-bracket-h-70mm-zs\/"},"modified":"2026-03-31T12:01:44","modified_gmt":"2026-03-31T12:01:44","slug":"01b-roof-angle-bracket-h-70mm-zs","status":"publish","type":"product","link":"https:\/\/electrosphere.pl\/en\/01b-roof-angle-bracket-h-70mm-zs\/","title":{"rendered":"01B ROOF ANGLE BRACKET H-70MM. ZS"},"content":{"rendered":"<h2>01B ROOF ANGLE BRACKET H-70MM. ZS<\/h2>\n<p>Roof brackets are elements used to secure lightning rods to the surfaces of flat and sloped roofs.<\/p>\n<h3>Application<\/h3>\n<p>They ensure safe and durable installation on the roof. Resistant to external factors, they do not damage the roofing material. They are an important component of any lightning protection system on buildings.<\/p>\n<h3>Technical Data<\/h3>\n<ul>\n<li>Manufacturer: W.O.O. &#8220;B\u0141YSKAWICA&#8221; M.K.S. \u0141ABU\u0143SCY SP.J.<\/li>\n<li>Dimensions: H-70MM<\/li>\n<li>Type: Roof brackets<\/li>\n<li>Material: Resistant to external factors<\/li>\n<\/ul>\n","protected":false},"excerpt":{"rendered":"<p>01B ROOF ANGLE BRACKET H-70MM. ZS Roof brackets are elements used to secure lightning rods to the surfaces of flat [&hellip;]<\/p>\n","protected":false},"featured_media":57745,"template":"","meta":{"_uag_custom_page_level_css":"","site-sidebar-layout":"default","site-content-layout":"","ast-site-content-layout":"default","site-content-style":"default","site-sidebar-style":"default","ast-global-header-display":"","ast-banner-title-visibility":"","ast-main-header-display":"","ast-hfb-above-header-display":"","ast-hfb-below-header-display":"","ast-hfb-mobile-header-display":"","site-post-title":"","ast-breadcrumbs-content":"","ast-featured-img":"","footer-sml-layout":"","ast-disable-related-posts":"","theme-transparent-header-meta":"","adv-header-id-meta":"","stick-header-meta":"","header-above-stick-meta":"","header-main-stick-meta":"","header-below-stick-meta":"","astra-migrate-meta-layouts":"default","ast-page-background-enabled":"default","ast-page-background-meta":{"desktop":{"background-color":"var(--ast-global-color-5)","background-image":"","background-repeat":"repeat","background-position":"center center","background-size":"auto","background-attachment":"scroll","background-type":"","background-media":"","overlay-type":"","overlay-color":"","overlay-opacity":"","overlay-gradient":""},"tablet":{"background-color":"","background-image":"","background-repeat":"repeat","background-position":"center center","background-size":"auto","background-attachment":"scroll","background-type":"","background-media":"","overlay-type":"","overlay-color":"","overlay-opacity":"","overlay-gradient":""},"mobile":{"background-color":"","background-image":"","background-repeat":"repeat","background-position":"center center","background-size":"auto","background-attachment":"scroll","background-type":"","background-media":"","overlay-type":"","overlay-color":"","overlay-opacity":"","overlay-gradient":""}},"ast-content-background-meta":{"desktop":{"background-color":"var(--ast-global-color-4)","background-image":"","background-repeat":"repeat","background-position":"center center","background-size":"auto","background-attachment":"scroll","background-type":"","background-media":"","overlay-type":"","overlay-color":"","overlay-opacity":"","overlay-gradient":""},"tablet":{"background-color":"var(--ast-global-color-4)","background-image":"","background-repeat":"repeat","background-position":"center center","background-size":"auto","background-attachment":"scroll","background-type":"","background-media":"","overlay-type":"","overlay-color":"","overlay-opacity":"","overlay-gradient":""},"mobile":{"background-color":"var(--ast-global-color-4)","background-image":"","background-repeat":"repeat","background-position":"center center","background-size":"auto","background-attachment":"scroll","background-type":"","background-media":"","overlay-type":"","overlay-color":"","overlay-opacity":"","overlay-gradient":""}}},"product_brand":[],"product_cat":[609,608,2365,862],"product_tag":[],"class_list":{"0":"post-84607","1":"product","2":"type-product","3":"status-publish","4":"has-post-thumbnail","6":"product_cat-elementy-instalacji-odgromowej","7":"product_cat-ochrona-odgromowa","8":"product_cat-roof-brackets","9":"product_cat-uchwyty-dachowe","10":"desktop-align-left","11":"tablet-align-left","12":"mobile-align-left","14":"first","15":"instock","16":"purchasable","17":"product-type-simple"},"uagb_featured_image_src":{"full":["https:\/\/electrosphere.pl\/wp-content\/uploads\/2025\/11\/csPhotos_Photo_4335C9F8-B58C-4611-8242-770D927FF9EA_1.jpg",200,122,false],"thumbnail":["https:\/\/electrosphere.pl\/wp-content\/uploads\/2025\/11\/csPhotos_Photo_4335C9F8-B58C-4611-8242-770D927FF9EA_1-150x122.jpg",150,122,true],"medium":["https:\/\/electrosphere.pl\/wp-content\/uploads\/2025\/11\/csPhotos_Photo_4335C9F8-B58C-4611-8242-770D927FF9EA_1.jpg",200,122,false],"medium_large":["https:\/\/electrosphere.pl\/wp-content\/uploads\/2025\/11\/csPhotos_Photo_4335C9F8-B58C-4611-8242-770D927FF9EA_1.jpg",200,122,false],"large":["https:\/\/electrosphere.pl\/wp-content\/uploads\/2025\/11\/csPhotos_Photo_4335C9F8-B58C-4611-8242-770D927FF9EA_1.jpg",200,122,false],"1536x1536":["https:\/\/electrosphere.pl\/wp-content\/uploads\/2025\/11\/csPhotos_Photo_4335C9F8-B58C-4611-8242-770D927FF9EA_1.jpg",200,122,false],"2048x2048":["https:\/\/electrosphere.pl\/wp-content\/uploads\/2025\/11\/csPhotos_Photo_4335C9F8-B58C-4611-8242-770D927FF9EA_1.jpg",200,122,false],"woocommerce_thumbnail":["https:\/\/electrosphere.pl\/wp-content\/uploads\/2025\/11\/csPhotos_Photo_4335C9F8-B58C-4611-8242-770D927FF9EA_1.jpg",200,122,false],"woocommerce_single":["https:\/\/electrosphere.pl\/wp-content\/uploads\/2025\/11\/csPhotos_Photo_4335C9F8-B58C-4611-8242-770D927FF9EA_1.jpg",200,122,false],"woocommerce_gallery_thumbnail":["https:\/\/electrosphere.pl\/wp-content\/uploads\/2025\/11\/csPhotos_Photo_4335C9F8-B58C-4611-8242-770D927FF9EA_1-100x100.jpg",100,100,true],"dgwt-wcas-product-suggestion":["https:\/\/electrosphere.pl\/wp-content\/uploads\/2025\/11\/csPhotos_Photo_4335C9F8-B58C-4611-8242-770D927FF9EA_1-64x39.jpg",64,39,true]},"uagb_author_info":{"display_name":"filipm","author_link":"https:\/\/electrosphere.pl\/en\/author\/"},"uagb_comment_info":0,"uagb_excerpt":"01B ROOF ANGLE BRACKET H-70MM. ZS Roof brackets are elements used to secure lightning rods to the surfaces of flat [&hellip;]","_links":{"self":[{"href":"https:\/\/electrosphere.pl\/en\/wp-json\/wp\/v2\/product\/84607","targetHints":{"allow":["GET"]}}],"collection":[{"href":"https:\/\/electrosphere.pl\/en\/wp-json\/wp\/v2\/product"}],"about":[{"href":"https:\/\/electrosphere.pl\/en\/wp-json\/wp\/v2\/types\/product"}],"wp:featuredmedia":[{"embeddable":true,"href":"https:\/\/electrosphere.pl\/en\/wp-json\/wp\/v2\/media\/57745"}],"wp:attachment":[{"href":"https:\/\/electrosphere.pl\/en\/wp-json\/wp\/v2\/media?parent=84607"}],"wp:term":[{"taxonomy":"product_brand","embeddable":true,"href":"https:\/\/electrosphere.pl\/en\/wp-json\/wp\/v2\/product_brand?post=84607"},{"taxonomy":"product_cat","embeddable":true,"href":"https:\/\/electrosphere.pl\/en\/wp-json\/wp\/v2\/product_cat?post=84607"},{"taxonomy":"product_tag","embeddable":true,"href":"https:\/\/electrosphere.pl\/en\/wp-json\/wp\/v2\/product_tag?post=84607"}],"curies":[{"name":"wp","href":"https:\/\/api.w.org\/{rel}","templated":true}]}}