{"id":83162,"date":"2025-11-25T23:38:40","date_gmt":"2025-11-25T23:38:40","guid":{"rendered":"https:\/\/electrosphere.pl\/dr-08-white-ceiling-motion-sensor-360-2m-3-2000lx-1200w-300w-150w-ip20-230v-ac-pt-mounting\/"},"modified":"2026-03-31T11:59:22","modified_gmt":"2026-03-31T11:59:22","slug":"dr-08-white-ceiling-motion-sensor-360-2m-3-2000lx-1200w-300w-150w-ip20-230v-ac-pt-mounting","status":"publish","type":"product","link":"https:\/\/electrosphere.pl\/en\/dr-08-white-ceiling-motion-sensor-360-2m-3-2000lx-1200w-300w-150w-ip20-230v-ac-pt-mounting\/","title":{"rendered":"DR-08 WHITE CEILING MOTION SENSOR 360\u00b0 2M 3-2000LX 1200W\/300W\/150W IP20 230V AC PT MOUNTING"},"content":{"rendered":"<h2>DR-08 WHITE CEILING MOTION SENSOR 360\u00b0<\/h2>\n<p>The DR-08 motion sensor is an innovative solution for automatically turning on lighting in various spaces, offering wide detection and easy installation.<\/p>\n<h3>Application<\/h3>\n<p>Ideal for hallways, yards, approaches and driveways, garages, and other places where automatic lighting is needed upon detecting motion. The product is suitable for both private homes and public utility buildings.<\/p>\n<h3>Technical Specifications<\/h3>\n<ul>\n<li>Power supply voltage: 230 V AC<\/li>\n<li>Maximum load current AC-1: 5 A<\/li>\n<li>Turn-off time: 3s\u00f79min. (\u00b12 min.)<\/li>\n<li>Dusk activation threshold: 3\u00f72000 Lx<\/li>\n<li>Motion detection: 0.6\u00f71.5 m\/s<\/li>\n<li>Horizontal detection field: 360\u00b0<\/li>\n<li>Max adjustable detection radius: 2 m (at h: 2.5 m)<\/li>\n<li>Mounting height: 2.0\u00f73.0 m<\/li>\n<li>Type of detection: infrared radiation<\/li>\n<li>Connection: terminals 1mm\u00b2<\/li>\n<li>Tightening torque: 0.25 Nm<\/li>\n<li>Power consumption in standby\/operating mode: 0.10 W\/0.45 W<\/li>\n<li>Operating temperature: -10\u00f740\u00b0C<\/li>\n<li>External dimensions: \u00d8:105 mm, h:71.5 mm; recess: \u00d8:50 mm, h:43 mm; mounting hole: \u00d8:51 mm<\/li>\n<li>Installation: two screws to the substrate or in a \u00d860 flush-mounted box<\/li>\n<li>Protection rating: IP20<\/li>\n<\/ul>\n","protected":false},"excerpt":{"rendered":"<p>DR-08 WHITE CEILING MOTION SENSOR 360\u00b0 The DR-08 motion sensor is an innovative solution for automatically turning on lighting in [&hellip;]<\/p>\n","protected":false},"featured_media":59942,"template":"","meta":{"_uag_custom_page_level_css":"","site-sidebar-layout":"default","site-content-layout":"","ast-site-content-layout":"default","site-content-style":"default","site-sidebar-style":"default","ast-global-header-display":"","ast-banner-title-visibility":"","ast-main-header-display":"","ast-hfb-above-header-display":"","ast-hfb-below-header-display":"","ast-hfb-mobile-header-display":"","site-post-title":"","ast-breadcrumbs-content":"","ast-featured-img":"","footer-sml-layout":"","ast-disable-related-posts":"","theme-transparent-header-meta":"","adv-header-id-meta":"","stick-header-meta":"","header-above-stick-meta":"","header-main-stick-meta":"","header-below-stick-meta":"","astra-migrate-meta-layouts":"default","ast-page-background-enabled":"default","ast-page-background-meta":{"desktop":{"background-color":"var(--ast-global-color-5)","background-image":"","background-repeat":"repeat","background-position":"center center","background-size":"auto","background-attachment":"scroll","background-type":"","background-media":"","overlay-type":"","overlay-color":"","overlay-opacity":"","overlay-gradient":""},"tablet":{"background-color":"","background-image":"","background-repeat":"repeat","background-position":"center center","background-size":"auto","background-attachment":"scroll","background-type":"","background-media":"","overlay-type":"","overlay-color":"","overlay-opacity":"","overlay-gradient":""},"mobile":{"background-color":"","background-image":"","background-repeat":"repeat","background-position":"center center","background-size":"auto","background-attachment":"scroll","background-type":"","background-media":"","overlay-type":"","overlay-color":"","overlay-opacity":"","overlay-gradient":""}},"ast-content-background-meta":{"desktop":{"background-color":"var(--ast-global-color-4)","background-image":"","background-repeat":"repeat","background-position":"center center","background-size":"auto","background-attachment":"scroll","background-type":"","background-media":"","overlay-type":"","overlay-color":"","overlay-opacity":"","overlay-gradient":""},"tablet":{"background-color":"var(--ast-global-color-4)","background-image":"","background-repeat":"repeat","background-position":"center center","background-size":"auto","background-attachment":"scroll","background-type":"","background-media":"","overlay-type":"","overlay-color":"","overlay-opacity":"","overlay-gradient":""},"mobile":{"background-color":"var(--ast-global-color-4)","background-image":"","background-repeat":"repeat","background-position":"center center","background-size":"auto","background-attachment":"scroll","background-type":"","background-media":"","overlay-type":"","overlay-color":"","overlay-opacity":"","overlay-gradient":""}}},"product_brand":[],"product_cat":[471,469,470,450],"product_tag":[],"class_list":{"0":"post-83162","1":"product","2":"type-product","3":"status-publish","4":"has-post-thumbnail","6":"product_cat-czujniki-ruchu-osprzet-do-opraw-oswietleniowych","7":"product_cat-oprawy-oswietleniowe","8":"product_cat-osprzet-do-opraw-oswietleniowych","9":"product_cat-oswietlenie","10":"desktop-align-left","11":"tablet-align-left","12":"mobile-align-left","14":"first","15":"instock","16":"purchasable","17":"product-type-simple"},"uagb_featured_image_src":{"full":["https:\/\/electrosphere.pl\/wp-content\/uploads\/2025\/11\/csPhotos_Photo_7D9EABB3-5418-4B57-A4AB-BF09C3732387_1.jpg",1773,1565,false],"thumbnail":["https:\/\/electrosphere.pl\/wp-content\/uploads\/2025\/11\/csPhotos_Photo_7D9EABB3-5418-4B57-A4AB-BF09C3732387_1-150x150.jpg",150,150,true],"medium":["https:\/\/electrosphere.pl\/wp-content\/uploads\/2025\/11\/csPhotos_Photo_7D9EABB3-5418-4B57-A4AB-BF09C3732387_1-300x265.jpg",300,265,true],"medium_large":["https:\/\/electrosphere.pl\/wp-content\/uploads\/2025\/11\/csPhotos_Photo_7D9EABB3-5418-4B57-A4AB-BF09C3732387_1-768x678.jpg",768,678,true],"large":["https:\/\/electrosphere.pl\/wp-content\/uploads\/2025\/11\/csPhotos_Photo_7D9EABB3-5418-4B57-A4AB-BF09C3732387_1-1024x904.jpg",1024,904,true],"1536x1536":["https:\/\/electrosphere.pl\/wp-content\/uploads\/2025\/11\/csPhotos_Photo_7D9EABB3-5418-4B57-A4AB-BF09C3732387_1-1536x1356.jpg",1536,1356,true],"2048x2048":["https:\/\/electrosphere.pl\/wp-content\/uploads\/2025\/11\/csPhotos_Photo_7D9EABB3-5418-4B57-A4AB-BF09C3732387_1.jpg",1773,1565,false],"woocommerce_thumbnail":["https:\/\/electrosphere.pl\/wp-content\/uploads\/2025\/11\/csPhotos_Photo_7D9EABB3-5418-4B57-A4AB-BF09C3732387_1-300x300.jpg",300,300,true],"woocommerce_single":["https:\/\/electrosphere.pl\/wp-content\/uploads\/2025\/11\/csPhotos_Photo_7D9EABB3-5418-4B57-A4AB-BF09C3732387_1-600x530.jpg",600,530,true],"woocommerce_gallery_thumbnail":["https:\/\/electrosphere.pl\/wp-content\/uploads\/2025\/11\/csPhotos_Photo_7D9EABB3-5418-4B57-A4AB-BF09C3732387_1-100x100.jpg",100,100,true],"dgwt-wcas-product-suggestion":["https:\/\/electrosphere.pl\/wp-content\/uploads\/2025\/11\/csPhotos_Photo_7D9EABB3-5418-4B57-A4AB-BF09C3732387_1-64x56.jpg",64,56,true]},"uagb_author_info":{"display_name":"filipm","author_link":"https:\/\/electrosphere.pl\/en\/author\/"},"uagb_comment_info":0,"uagb_excerpt":"DR-08 WHITE CEILING MOTION SENSOR 360\u00b0 The DR-08 motion sensor is an innovative solution for automatically turning on lighting in [&hellip;]","_links":{"self":[{"href":"https:\/\/electrosphere.pl\/en\/wp-json\/wp\/v2\/product\/83162","targetHints":{"allow":["GET"]}}],"collection":[{"href":"https:\/\/electrosphere.pl\/en\/wp-json\/wp\/v2\/product"}],"about":[{"href":"https:\/\/electrosphere.pl\/en\/wp-json\/wp\/v2\/types\/product"}],"wp:featuredmedia":[{"embeddable":true,"href":"https:\/\/electrosphere.pl\/en\/wp-json\/wp\/v2\/media\/59942"}],"wp:attachment":[{"href":"https:\/\/electrosphere.pl\/en\/wp-json\/wp\/v2\/media?parent=83162"}],"wp:term":[{"taxonomy":"product_brand","embeddable":true,"href":"https:\/\/electrosphere.pl\/en\/wp-json\/wp\/v2\/product_brand?post=83162"},{"taxonomy":"product_cat","embeddable":true,"href":"https:\/\/electrosphere.pl\/en\/wp-json\/wp\/v2\/product_cat?post=83162"},{"taxonomy":"product_tag","embeddable":true,"href":"https:\/\/electrosphere.pl\/en\/wp-json\/wp\/v2\/product_tag?post=83162"}],"curies":[{"name":"wp","href":"https:\/\/api.w.org\/{rel}","templated":true}]}}