{"id":80859,"date":"2025-11-26T08:07:40","date_gmt":"2025-11-26T08:07:40","guid":{"rendered":"https:\/\/electrosphere.pl\/galvanized-nails-papowe-3x35-pack-5-kg\/"},"modified":"2026-04-03T07:39:14","modified_gmt":"2026-04-03T07:39:14","slug":"galvanized-nails-papowe-3x35-pack-5-kg","status":"publish","type":"product","link":"https:\/\/electrosphere.pl\/en\/galvanized-nails-papowe-3x35-pack-5-kg\/","title":{"rendered":"GALVANIZED NAILS PAPOWE 3X35 (PACK-5 KG)"},"content":{"rendered":"<h2>Galvanized roofing nails 3&#215;35 (OPK-5 KG)<\/h2>\n<p>Galvanized roofing nails 3&#215;35 are a high-quality product that ensures durability and efficiency in various construction applications.<\/p>\n<h3>Application<\/h3>\n<p>These nails are ideal for roofing work and other construction projects where a secure and strong structure is required.<\/p>\n<h3>Technical data<\/h3>\n<ul>\n<li>Manufacturer: Koelner Polska Sp\u00f3\u0142ka z Ograniczon\u0105 Odpowiedzialno\u015bci\u0105<\/li>\n<li>Type: Roofing nail<\/li>\n<li>Dimensions: 3&#215;35 mm<\/li>\n<li>Package weight: 5 kg<\/li>\n<li>Material: Cold drawn steel wire<\/li>\n<li>Coating: Galvanic zinc<\/li>\n<li>Standard: DIN 1160A<\/li>\n<\/ul>\n","protected":false},"excerpt":{"rendered":"<p>Galvanized roofing nails 3&#215;35 (OPK-5 KG) Galvanized roofing nails 3&#215;35 are a high-quality product that ensures durability and efficiency in [&hellip;]<\/p>\n","protected":false},"featured_media":63556,"template":"","meta":{"_uag_custom_page_level_css":"","site-sidebar-layout":"default","site-content-layout":"","ast-site-content-layout":"default","site-content-style":"default","site-sidebar-style":"default","ast-global-header-display":"","ast-banner-title-visibility":"","ast-main-header-display":"","ast-hfb-above-header-display":"","ast-hfb-below-header-display":"","ast-hfb-mobile-header-display":"","site-post-title":"","ast-breadcrumbs-content":"","ast-featured-img":"","footer-sml-layout":"","ast-disable-related-posts":"","theme-transparent-header-meta":"","adv-header-id-meta":"","stick-header-meta":"","header-above-stick-meta":"","header-main-stick-meta":"","header-below-stick-meta":"","astra-migrate-meta-layouts":"default","ast-page-background-enabled":"default","ast-page-background-meta":{"desktop":{"background-color":"var(--ast-global-color-5)","background-image":"","background-repeat":"repeat","background-position":"center center","background-size":"auto","background-attachment":"scroll","background-type":"","background-media":"","overlay-type":"","overlay-color":"","overlay-opacity":"","overlay-gradient":""},"tablet":{"background-color":"","background-image":"","background-repeat":"repeat","background-position":"center center","background-size":"auto","background-attachment":"scroll","background-type":"","background-media":"","overlay-type":"","overlay-color":"","overlay-opacity":"","overlay-gradient":""},"mobile":{"background-color":"","background-image":"","background-repeat":"repeat","background-position":"center center","background-size":"auto","background-attachment":"scroll","background-type":"","background-media":"","overlay-type":"","overlay-color":"","overlay-opacity":"","overlay-gradient":""}},"ast-content-background-meta":{"desktop":{"background-color":"var(--ast-global-color-4)","background-image":"","background-repeat":"repeat","background-position":"center center","background-size":"auto","background-attachment":"scroll","background-type":"","background-media":"","overlay-type":"","overlay-color":"","overlay-opacity":"","overlay-gradient":""},"tablet":{"background-color":"var(--ast-global-color-4)","background-image":"","background-repeat":"repeat","background-position":"center center","background-size":"auto","background-attachment":"scroll","background-type":"","background-media":"","overlay-type":"","overlay-color":"","overlay-opacity":"","overlay-gradient":""},"mobile":{"background-color":"var(--ast-global-color-4)","background-image":"","background-repeat":"repeat","background-position":"center center","background-size":"auto","background-attachment":"scroll","background-type":"","background-media":"","overlay-type":"","overlay-color":"","overlay-opacity":"","overlay-gradient":""}}},"product_brand":[],"product_cat":[410,1132,458,1632],"product_tag":[],"class_list":{"0":"post-80859","1":"product","2":"type-product","3":"status-publish","4":"has-post-thumbnail","6":"product_cat-akcesoria-montazowe","7":"product_cat-gwozdzie","8":"product_cat-kolki-haki-sruby-tuleje-rozporowe","9":"product_cat-nails","10":"desktop-align-left","11":"tablet-align-left","12":"mobile-align-left","14":"first","15":"instock","16":"purchasable","17":"product-type-simple"},"uagb_featured_image_src":{"full":["https:\/\/electrosphere.pl\/wp-content\/uploads\/2025\/11\/csPhotos_Photo_D619BB13-E72C-429B-6440-75B0CCAD430D_1.png",656,130,false],"thumbnail":["https:\/\/electrosphere.pl\/wp-content\/uploads\/2025\/11\/csPhotos_Photo_D619BB13-E72C-429B-6440-75B0CCAD430D_1-150x130.png",150,130,true],"medium":["https:\/\/electrosphere.pl\/wp-content\/uploads\/2025\/11\/csPhotos_Photo_D619BB13-E72C-429B-6440-75B0CCAD430D_1-300x59.png",300,59,true],"medium_large":["https:\/\/electrosphere.pl\/wp-content\/uploads\/2025\/11\/csPhotos_Photo_D619BB13-E72C-429B-6440-75B0CCAD430D_1.png",656,130,false],"large":["https:\/\/electrosphere.pl\/wp-content\/uploads\/2025\/11\/csPhotos_Photo_D619BB13-E72C-429B-6440-75B0CCAD430D_1.png",656,130,false],"1536x1536":["https:\/\/electrosphere.pl\/wp-content\/uploads\/2025\/11\/csPhotos_Photo_D619BB13-E72C-429B-6440-75B0CCAD430D_1.png",656,130,false],"2048x2048":["https:\/\/electrosphere.pl\/wp-content\/uploads\/2025\/11\/csPhotos_Photo_D619BB13-E72C-429B-6440-75B0CCAD430D_1.png",656,130,false],"woocommerce_thumbnail":["https:\/\/electrosphere.pl\/wp-content\/uploads\/2025\/11\/csPhotos_Photo_D619BB13-E72C-429B-6440-75B0CCAD430D_1-300x130.png",300,130,true],"woocommerce_single":["https:\/\/electrosphere.pl\/wp-content\/uploads\/2025\/11\/csPhotos_Photo_D619BB13-E72C-429B-6440-75B0CCAD430D_1-600x119.png",600,119,true],"woocommerce_gallery_thumbnail":["https:\/\/electrosphere.pl\/wp-content\/uploads\/2025\/11\/csPhotos_Photo_D619BB13-E72C-429B-6440-75B0CCAD430D_1-100x100.png",100,100,true],"dgwt-wcas-product-suggestion":["https:\/\/electrosphere.pl\/wp-content\/uploads\/2025\/11\/csPhotos_Photo_D619BB13-E72C-429B-6440-75B0CCAD430D_1-64x13.png",64,13,true]},"uagb_author_info":{"display_name":"filipm","author_link":"https:\/\/electrosphere.pl\/en\/author\/"},"uagb_comment_info":0,"uagb_excerpt":"Galvanized roofing nails 3&#215;35 (OPK-5 KG) Galvanized roofing nails 3&#215;35 are a high-quality product that ensures durability and efficiency in [&hellip;]","_links":{"self":[{"href":"https:\/\/electrosphere.pl\/en\/wp-json\/wp\/v2\/product\/80859","targetHints":{"allow":["GET"]}}],"collection":[{"href":"https:\/\/electrosphere.pl\/en\/wp-json\/wp\/v2\/product"}],"about":[{"href":"https:\/\/electrosphere.pl\/en\/wp-json\/wp\/v2\/types\/product"}],"wp:featuredmedia":[{"embeddable":true,"href":"https:\/\/electrosphere.pl\/en\/wp-json\/wp\/v2\/media\/63556"}],"wp:attachment":[{"href":"https:\/\/electrosphere.pl\/en\/wp-json\/wp\/v2\/media?parent=80859"}],"wp:term":[{"taxonomy":"product_brand","embeddable":true,"href":"https:\/\/electrosphere.pl\/en\/wp-json\/wp\/v2\/product_brand?post=80859"},{"taxonomy":"product_cat","embeddable":true,"href":"https:\/\/electrosphere.pl\/en\/wp-json\/wp\/v2\/product_cat?post=80859"},{"taxonomy":"product_tag","embeddable":true,"href":"https:\/\/electrosphere.pl\/en\/wp-json\/wp\/v2\/product_tag?post=80859"}],"curies":[{"name":"wp","href":"https:\/\/api.w.org\/{rel}","templated":true}]}}