{"id":80401,"date":"2025-11-26T08:16:14","date_gmt":"2025-11-26T08:16:14","guid":{"rendered":"https:\/\/electrosphere.pl\/paper-nails-3-0x20-mm\/"},"modified":"2026-04-03T07:41:47","modified_gmt":"2026-04-03T07:41:47","slug":"paper-nails-3-0x20-mm","status":"publish","type":"product","link":"https:\/\/electrosphere.pl\/en\/paper-nails-3-0x20-mm\/","title":{"rendered":"PAPER NAILS 3.0X20 MM"},"content":{"rendered":"<h2>Paper Nails 3.0&#215;20 mm<\/h2>\n<p>Paper nails measuring 3.0&#215;20 mm produced by Koelner Polska Sp\u00f3\u0142ka z Ograniczon\u0105 Odpowiedzialno\u015bci\u0105 are an excellent choice for various applications in construction and craftsmanship.<\/p>\n<h3>Application<\/h3>\n<p>Paper nails are ideal for joining wooden elements and are used in constructions requiring a solid connection. Thanks to their design, they are versatile and work well in various construction projects.<\/p>\n<h3>Technical Data<\/h3>\n<ul>\n<li>Manufacturer: Koelner Polska<\/li>\n<li>Type: Paper nails<\/li>\n<li>Dimensions: 3.0 mm x 20 mm<\/li>\n<li>Material: cold drawn steel wire<\/li>\n<li>Standard: DIN 1160A<\/li>\n<li>Head type: flat<\/li>\n<li>Coating: optional galvanic zinc<\/li>\n<li>Blade geometry: diamond<\/li>\n<\/ul>\n","protected":false},"excerpt":{"rendered":"<p>Paper Nails 3.0&#215;20 mm Paper nails measuring 3.0&#215;20 mm produced by Koelner Polska Sp\u00f3\u0142ka z Ograniczon\u0105 Odpowiedzialno\u015bci\u0105 are an excellent [&hellip;]<\/p>\n","protected":false},"featured_media":64275,"template":"","meta":{"_uag_custom_page_level_css":"","site-sidebar-layout":"default","site-content-layout":"","ast-site-content-layout":"default","site-content-style":"default","site-sidebar-style":"default","ast-global-header-display":"","ast-banner-title-visibility":"","ast-main-header-display":"","ast-hfb-above-header-display":"","ast-hfb-below-header-display":"","ast-hfb-mobile-header-display":"","site-post-title":"","ast-breadcrumbs-content":"","ast-featured-img":"","footer-sml-layout":"","ast-disable-related-posts":"","theme-transparent-header-meta":"","adv-header-id-meta":"","stick-header-meta":"","header-above-stick-meta":"","header-main-stick-meta":"","header-below-stick-meta":"","astra-migrate-meta-layouts":"default","ast-page-background-enabled":"default","ast-page-background-meta":{"desktop":{"background-color":"var(--ast-global-color-5)","background-image":"","background-repeat":"repeat","background-position":"center center","background-size":"auto","background-attachment":"scroll","background-type":"","background-media":"","overlay-type":"","overlay-color":"","overlay-opacity":"","overlay-gradient":""},"tablet":{"background-color":"","background-image":"","background-repeat":"repeat","background-position":"center center","background-size":"auto","background-attachment":"scroll","background-type":"","background-media":"","overlay-type":"","overlay-color":"","overlay-opacity":"","overlay-gradient":""},"mobile":{"background-color":"","background-image":"","background-repeat":"repeat","background-position":"center center","background-size":"auto","background-attachment":"scroll","background-type":"","background-media":"","overlay-type":"","overlay-color":"","overlay-opacity":"","overlay-gradient":""}},"ast-content-background-meta":{"desktop":{"background-color":"var(--ast-global-color-4)","background-image":"","background-repeat":"repeat","background-position":"center center","background-size":"auto","background-attachment":"scroll","background-type":"","background-media":"","overlay-type":"","overlay-color":"","overlay-opacity":"","overlay-gradient":""},"tablet":{"background-color":"var(--ast-global-color-4)","background-image":"","background-repeat":"repeat","background-position":"center center","background-size":"auto","background-attachment":"scroll","background-type":"","background-media":"","overlay-type":"","overlay-color":"","overlay-opacity":"","overlay-gradient":""},"mobile":{"background-color":"var(--ast-global-color-4)","background-image":"","background-repeat":"repeat","background-position":"center center","background-size":"auto","background-attachment":"scroll","background-type":"","background-media":"","overlay-type":"","overlay-color":"","overlay-opacity":"","overlay-gradient":""}}},"product_brand":[],"product_cat":[410,1132,458,1632],"product_tag":[],"class_list":{"0":"post-80401","1":"product","2":"type-product","3":"status-publish","4":"has-post-thumbnail","6":"product_cat-akcesoria-montazowe","7":"product_cat-gwozdzie","8":"product_cat-kolki-haki-sruby-tuleje-rozporowe","9":"product_cat-nails","10":"desktop-align-left","11":"tablet-align-left","12":"mobile-align-left","14":"first","15":"instock","16":"purchasable","17":"product-type-simple"},"uagb_featured_image_src":{"full":["https:\/\/electrosphere.pl\/wp-content\/uploads\/2025\/11\/csPhotos_Photo_F0D783E7-437B-44BD-D7F2-6765383414C2_1.png",656,130,false],"thumbnail":["https:\/\/electrosphere.pl\/wp-content\/uploads\/2025\/11\/csPhotos_Photo_F0D783E7-437B-44BD-D7F2-6765383414C2_1-150x130.png",150,130,true],"medium":["https:\/\/electrosphere.pl\/wp-content\/uploads\/2025\/11\/csPhotos_Photo_F0D783E7-437B-44BD-D7F2-6765383414C2_1-300x59.png",300,59,true],"medium_large":["https:\/\/electrosphere.pl\/wp-content\/uploads\/2025\/11\/csPhotos_Photo_F0D783E7-437B-44BD-D7F2-6765383414C2_1.png",656,130,false],"large":["https:\/\/electrosphere.pl\/wp-content\/uploads\/2025\/11\/csPhotos_Photo_F0D783E7-437B-44BD-D7F2-6765383414C2_1.png",656,130,false],"1536x1536":["https:\/\/electrosphere.pl\/wp-content\/uploads\/2025\/11\/csPhotos_Photo_F0D783E7-437B-44BD-D7F2-6765383414C2_1.png",656,130,false],"2048x2048":["https:\/\/electrosphere.pl\/wp-content\/uploads\/2025\/11\/csPhotos_Photo_F0D783E7-437B-44BD-D7F2-6765383414C2_1.png",656,130,false],"woocommerce_thumbnail":["https:\/\/electrosphere.pl\/wp-content\/uploads\/2025\/11\/csPhotos_Photo_F0D783E7-437B-44BD-D7F2-6765383414C2_1-300x130.png",300,130,true],"woocommerce_single":["https:\/\/electrosphere.pl\/wp-content\/uploads\/2025\/11\/csPhotos_Photo_F0D783E7-437B-44BD-D7F2-6765383414C2_1-600x119.png",600,119,true],"woocommerce_gallery_thumbnail":["https:\/\/electrosphere.pl\/wp-content\/uploads\/2025\/11\/csPhotos_Photo_F0D783E7-437B-44BD-D7F2-6765383414C2_1-100x100.png",100,100,true],"dgwt-wcas-product-suggestion":["https:\/\/electrosphere.pl\/wp-content\/uploads\/2025\/11\/csPhotos_Photo_F0D783E7-437B-44BD-D7F2-6765383414C2_1-64x13.png",64,13,true]},"uagb_author_info":{"display_name":"filipm","author_link":"https:\/\/electrosphere.pl\/en\/author\/"},"uagb_comment_info":0,"uagb_excerpt":"Paper Nails 3.0&#215;20 mm Paper nails measuring 3.0&#215;20 mm produced by Koelner Polska Sp\u00f3\u0142ka z Ograniczon\u0105 Odpowiedzialno\u015bci\u0105 are an excellent [&hellip;]","_links":{"self":[{"href":"https:\/\/electrosphere.pl\/en\/wp-json\/wp\/v2\/product\/80401","targetHints":{"allow":["GET"]}}],"collection":[{"href":"https:\/\/electrosphere.pl\/en\/wp-json\/wp\/v2\/product"}],"about":[{"href":"https:\/\/electrosphere.pl\/en\/wp-json\/wp\/v2\/types\/product"}],"wp:featuredmedia":[{"embeddable":true,"href":"https:\/\/electrosphere.pl\/en\/wp-json\/wp\/v2\/media\/64275"}],"wp:attachment":[{"href":"https:\/\/electrosphere.pl\/en\/wp-json\/wp\/v2\/media?parent=80401"}],"wp:term":[{"taxonomy":"product_brand","embeddable":true,"href":"https:\/\/electrosphere.pl\/en\/wp-json\/wp\/v2\/product_brand?post=80401"},{"taxonomy":"product_cat","embeddable":true,"href":"https:\/\/electrosphere.pl\/en\/wp-json\/wp\/v2\/product_cat?post=80401"},{"taxonomy":"product_tag","embeddable":true,"href":"https:\/\/electrosphere.pl\/en\/wp-json\/wp\/v2\/product_tag?post=80401"}],"curies":[{"name":"wp","href":"https:\/\/api.w.org\/{rel}","templated":true}]}}