{"id":79957,"date":"2025-11-26T08:26:22","date_gmt":"2025-11-26T08:26:22","guid":{"rendered":"https:\/\/electrosphere.pl\/phosphated-self-tapping-screws-for-screwing-profiles-ws-3-5x25-mm\/"},"modified":"2026-04-03T07:40:32","modified_gmt":"2026-04-03T07:40:32","slug":"phosphated-self-tapping-screws-for-screwing-profiles-ws-3-5x25-mm","status":"publish","type":"product","link":"https:\/\/electrosphere.pl\/en\/phosphated-self-tapping-screws-for-screwing-profiles-ws-3-5x25-mm\/","title":{"rendered":"PHOSPHATED SELF-TAPPING SCREWS FOR SCREWING PROFILES WS 3.5X25 MM"},"content":{"rendered":"<h2>Self-drilling phosphated screws for fastening profiles WS 3.5&#215;25 mm<\/h2>\n<p>The precise tip of the screw ensures high-quality fastening.<\/p>\n<h3>Application<\/h3>\n<p>WS 3.5&#215;25 mm self-drilling screws are ideal for fastening various metal profiles, providing quick and efficient connections without the need for pre-drilling.<\/p>\n<h3>Technical data<\/h3>\n<ul>\n<li>Manufacturer: KOELNER POLSKA SP\u00d3\u0141KA Z OGRANICZON\u0104 ODPOWIEDZIALNO\u015aCI\u0104<\/li>\n<li>Dimensions: 3.5&#215;25 mm<\/li>\n<li>Drilling capacity: up to 2.0 mm<\/li>\n<li>Material: low-carbon steel, galvanically phosphated<\/li>\n<\/ul>\n","protected":false},"excerpt":{"rendered":"<p>Self-drilling phosphated screws for fastening profiles WS 3.5&#215;25 mm The precise tip of the screw ensures high-quality fastening. Application WS [&hellip;]<\/p>\n","protected":false},"featured_media":64951,"template":"","meta":{"_uag_custom_page_level_css":"","site-sidebar-layout":"default","site-content-layout":"","ast-site-content-layout":"default","site-content-style":"default","site-sidebar-style":"default","ast-global-header-display":"","ast-banner-title-visibility":"","ast-main-header-display":"","ast-hfb-above-header-display":"","ast-hfb-below-header-display":"","ast-hfb-mobile-header-display":"","site-post-title":"","ast-breadcrumbs-content":"","ast-featured-img":"","footer-sml-layout":"","ast-disable-related-posts":"","theme-transparent-header-meta":"","adv-header-id-meta":"","stick-header-meta":"","header-above-stick-meta":"","header-main-stick-meta":"","header-below-stick-meta":"","astra-migrate-meta-layouts":"default","ast-page-background-enabled":"default","ast-page-background-meta":{"desktop":{"background-color":"var(--ast-global-color-5)","background-image":"","background-repeat":"repeat","background-position":"center center","background-size":"auto","background-attachment":"scroll","background-type":"","background-media":"","overlay-type":"","overlay-color":"","overlay-opacity":"","overlay-gradient":""},"tablet":{"background-color":"","background-image":"","background-repeat":"repeat","background-position":"center center","background-size":"auto","background-attachment":"scroll","background-type":"","background-media":"","overlay-type":"","overlay-color":"","overlay-opacity":"","overlay-gradient":""},"mobile":{"background-color":"","background-image":"","background-repeat":"repeat","background-position":"center center","background-size":"auto","background-attachment":"scroll","background-type":"","background-media":"","overlay-type":"","overlay-color":"","overlay-opacity":"","overlay-gradient":""}},"ast-content-background-meta":{"desktop":{"background-color":"var(--ast-global-color-4)","background-image":"","background-repeat":"repeat","background-position":"center center","background-size":"auto","background-attachment":"scroll","background-type":"","background-media":"","overlay-type":"","overlay-color":"","overlay-opacity":"","overlay-gradient":""},"tablet":{"background-color":"var(--ast-global-color-4)","background-image":"","background-repeat":"repeat","background-position":"center center","background-size":"auto","background-attachment":"scroll","background-type":"","background-media":"","overlay-type":"","overlay-color":"","overlay-opacity":"","overlay-gradient":""},"mobile":{"background-color":"var(--ast-global-color-4)","background-image":"","background-repeat":"repeat","background-position":"center center","background-size":"auto","background-attachment":"scroll","background-type":"","background-media":"","overlay-type":"","overlay-color":"","overlay-opacity":"","overlay-gradient":""}}},"product_brand":[],"product_cat":[410,458,2415,542],"product_tag":[],"class_list":{"0":"post-79957","1":"product","2":"type-product","3":"status-publish","4":"has-post-thumbnail","6":"product_cat-akcesoria-montazowe","7":"product_cat-kolki-haki-sruby-tuleje-rozporowe","8":"product_cat-screws","9":"product_cat-wkrety","10":"desktop-align-left","11":"tablet-align-left","12":"mobile-align-left","14":"first","15":"onbackorder","16":"purchasable","17":"product-type-simple"},"uagb_featured_image_src":{"full":["https:\/\/electrosphere.pl\/wp-content\/uploads\/2025\/11\/csPhotos_Photo_69F05BAC-81FA-44D2-6B60-E915AF038EA8_1.jpg",935,736,false],"thumbnail":["https:\/\/electrosphere.pl\/wp-content\/uploads\/2025\/11\/csPhotos_Photo_69F05BAC-81FA-44D2-6B60-E915AF038EA8_1-150x150.jpg",150,150,true],"medium":["https:\/\/electrosphere.pl\/wp-content\/uploads\/2025\/11\/csPhotos_Photo_69F05BAC-81FA-44D2-6B60-E915AF038EA8_1-300x236.jpg",300,236,true],"medium_large":["https:\/\/electrosphere.pl\/wp-content\/uploads\/2025\/11\/csPhotos_Photo_69F05BAC-81FA-44D2-6B60-E915AF038EA8_1-768x605.jpg",768,605,true],"large":["https:\/\/electrosphere.pl\/wp-content\/uploads\/2025\/11\/csPhotos_Photo_69F05BAC-81FA-44D2-6B60-E915AF038EA8_1.jpg",935,736,false],"1536x1536":["https:\/\/electrosphere.pl\/wp-content\/uploads\/2025\/11\/csPhotos_Photo_69F05BAC-81FA-44D2-6B60-E915AF038EA8_1.jpg",935,736,false],"2048x2048":["https:\/\/electrosphere.pl\/wp-content\/uploads\/2025\/11\/csPhotos_Photo_69F05BAC-81FA-44D2-6B60-E915AF038EA8_1.jpg",935,736,false],"woocommerce_thumbnail":["https:\/\/electrosphere.pl\/wp-content\/uploads\/2025\/11\/csPhotos_Photo_69F05BAC-81FA-44D2-6B60-E915AF038EA8_1-300x300.jpg",300,300,true],"woocommerce_single":["https:\/\/electrosphere.pl\/wp-content\/uploads\/2025\/11\/csPhotos_Photo_69F05BAC-81FA-44D2-6B60-E915AF038EA8_1-600x472.jpg",600,472,true],"woocommerce_gallery_thumbnail":["https:\/\/electrosphere.pl\/wp-content\/uploads\/2025\/11\/csPhotos_Photo_69F05BAC-81FA-44D2-6B60-E915AF038EA8_1-100x100.jpg",100,100,true],"dgwt-wcas-product-suggestion":["https:\/\/electrosphere.pl\/wp-content\/uploads\/2025\/11\/csPhotos_Photo_69F05BAC-81FA-44D2-6B60-E915AF038EA8_1-64x50.jpg",64,50,true]},"uagb_author_info":{"display_name":"filipm","author_link":"https:\/\/electrosphere.pl\/en\/author\/"},"uagb_comment_info":0,"uagb_excerpt":"Self-drilling phosphated screws for fastening profiles WS 3.5&#215;25 mm The precise tip of the screw ensures high-quality fastening. Application WS [&hellip;]","_links":{"self":[{"href":"https:\/\/electrosphere.pl\/en\/wp-json\/wp\/v2\/product\/79957","targetHints":{"allow":["GET"]}}],"collection":[{"href":"https:\/\/electrosphere.pl\/en\/wp-json\/wp\/v2\/product"}],"about":[{"href":"https:\/\/electrosphere.pl\/en\/wp-json\/wp\/v2\/types\/product"}],"wp:featuredmedia":[{"embeddable":true,"href":"https:\/\/electrosphere.pl\/en\/wp-json\/wp\/v2\/media\/64951"}],"wp:attachment":[{"href":"https:\/\/electrosphere.pl\/en\/wp-json\/wp\/v2\/media?parent=79957"}],"wp:term":[{"taxonomy":"product_brand","embeddable":true,"href":"https:\/\/electrosphere.pl\/en\/wp-json\/wp\/v2\/product_brand?post=79957"},{"taxonomy":"product_cat","embeddable":true,"href":"https:\/\/electrosphere.pl\/en\/wp-json\/wp\/v2\/product_cat?post=79957"},{"taxonomy":"product_tag","embeddable":true,"href":"https:\/\/electrosphere.pl\/en\/wp-json\/wp\/v2\/product_tag?post=79957"}],"curies":[{"name":"wp","href":"https:\/\/api.w.org\/{rel}","templated":true}]}}