{"id":78719,"date":"2025-11-26T08:55:54","date_gmt":"2025-11-26T08:55:54","guid":{"rendered":"https:\/\/electrosphere.pl\/drl-60-230-9-black-laser-distance-sensor-for-o60-box-motion-sensor-for-control\/"},"modified":"2026-03-11T13:48:10","modified_gmt":"2026-03-11T13:48:10","slug":"drl-60-230-9-black-laser-distance-sensor-for-o60-box-motion-sensor-for-control","status":"publish","type":"product","link":"https:\/\/electrosphere.pl\/en\/drl-60-230-9-black-laser-distance-sensor-for-o60-box-motion-sensor-for-control\/","title":{"rendered":"DRL-60-230-9 BLACK LASER DISTANCE SENSOR FOR \u00d860 BOX MOTION SENSOR FOR CONTROL"},"content":{"rendered":"<h2>DRL-60-230-9 Black Laser Distance Sensor for \u00d860 Box<\/h2>\n<p>Laser distance sensor for direct control of 230V AC lighting circuits.<\/p>\n<h3>Application<\/h3>\n<p>DRL-60 is a ToF laser distance sensor that automatically turns on the lighting in corridors and staircases, installed in a box with a diameter of 60 mm.<\/p>\n<h3>Technical Data<\/h3>\n<ul>\n<li>Supply voltage: 165\u00f7265 V AC<\/li>\n<li>Maximum load current: 8 A<\/li>\n<li>Trigger threshold: adjustable 2\u00f7500 lx<\/li>\n<li>Detection range: 0.1\u00f72.0 m adjustable<\/li>\n<li>Receiver turn-on time: adjustable 0\u00f710 min.<\/li>\n<li>Detection angle: \u00b118\u00b0<\/li>\n<li>Detection type: ToF laser sensor<\/li>\n<li>Wavelength: 940 nm<\/li>\n<li>Safety: class 1<\/li>\n<li>Connection: screw terminals 2.5 mm\u00b2<\/li>\n<li>Tightening torque: 0.4 Nm<\/li>\n<li>Power consumption: 0.5 W<\/li>\n<li>Operating temperature: -10\u00f745\u00b0C<\/li>\n<li>External dimensions: 80\u00d780\u00d76.5 mm; internal (box) \u00f860 mm, depth 25 mm<\/li>\n<li>Installation: flush-mounted<\/li>\n<li>Protection class: IP30<\/li>\n<\/ul>\n","protected":false},"excerpt":{"rendered":"<p>DRL-60-230-9 Black Laser Distance Sensor for \u00d860 Box Laser distance sensor for direct control of 230V AC lighting circuits. Application [&hellip;]<\/p>\n","protected":false},"featured_media":66856,"template":"","meta":{"_uag_custom_page_level_css":"","site-sidebar-layout":"default","site-content-layout":"","ast-site-content-layout":"default","site-content-style":"default","site-sidebar-style":"default","ast-global-header-display":"","ast-banner-title-visibility":"","ast-main-header-display":"","ast-hfb-above-header-display":"","ast-hfb-below-header-display":"","ast-hfb-mobile-header-display":"","site-post-title":"","ast-breadcrumbs-content":"","ast-featured-img":"","footer-sml-layout":"","ast-disable-related-posts":"","theme-transparent-header-meta":"","adv-header-id-meta":"","stick-header-meta":"","header-above-stick-meta":"","header-main-stick-meta":"","header-below-stick-meta":"","astra-migrate-meta-layouts":"default","ast-page-background-enabled":"default","ast-page-background-meta":{"desktop":{"background-color":"var(--ast-global-color-5)","background-image":"","background-repeat":"repeat","background-position":"center center","background-size":"auto","background-attachment":"scroll","background-type":"","background-media":"","overlay-type":"","overlay-color":"","overlay-opacity":"","overlay-gradient":""},"tablet":{"background-color":"","background-image":"","background-repeat":"repeat","background-position":"center center","background-size":"auto","background-attachment":"scroll","background-type":"","background-media":"","overlay-type":"","overlay-color":"","overlay-opacity":"","overlay-gradient":""},"mobile":{"background-color":"","background-image":"","background-repeat":"repeat","background-position":"center center","background-size":"auto","background-attachment":"scroll","background-type":"","background-media":"","overlay-type":"","overlay-color":"","overlay-opacity":"","overlay-gradient":""}},"ast-content-background-meta":{"desktop":{"background-color":"var(--ast-global-color-4)","background-image":"","background-repeat":"repeat","background-position":"center center","background-size":"auto","background-attachment":"scroll","background-type":"","background-media":"","overlay-type":"","overlay-color":"","overlay-opacity":"","overlay-gradient":""},"tablet":{"background-color":"var(--ast-global-color-4)","background-image":"","background-repeat":"repeat","background-position":"center center","background-size":"auto","background-attachment":"scroll","background-type":"","background-media":"","overlay-type":"","overlay-color":"","overlay-opacity":"","overlay-gradient":""},"mobile":{"background-color":"var(--ast-global-color-4)","background-image":"","background-repeat":"repeat","background-position":"center center","background-size":"auto","background-attachment":"scroll","background-type":"","background-media":"","overlay-type":"","overlay-color":"","overlay-opacity":"","overlay-gradient":""}}},"product_brand":[],"product_cat":[461,927],"product_tag":[],"class_list":{"0":"post-78719","1":"product","2":"type-product","3":"status-publish","4":"has-post-thumbnail","6":"product_cat-automatyka-budynkowa","7":"product_cat-czujniki-automatyka-budynkowa","8":"desktop-align-left","9":"tablet-align-left","10":"mobile-align-left","12":"first","13":"onbackorder","14":"purchasable","15":"product-type-simple"},"uagb_featured_image_src":{"full":["https:\/\/electrosphere.pl\/wp-content\/uploads\/2025\/11\/laserowy-czujnik-odleglosci-drl-60-230-czarny.jpg",800,800,false],"thumbnail":["https:\/\/electrosphere.pl\/wp-content\/uploads\/2025\/11\/laserowy-czujnik-odleglosci-drl-60-230-czarny-150x150.jpg",150,150,true],"medium":["https:\/\/electrosphere.pl\/wp-content\/uploads\/2025\/11\/laserowy-czujnik-odleglosci-drl-60-230-czarny-300x300.jpg",300,300,true],"medium_large":["https:\/\/electrosphere.pl\/wp-content\/uploads\/2025\/11\/laserowy-czujnik-odleglosci-drl-60-230-czarny-768x768.jpg",768,768,true],"large":["https:\/\/electrosphere.pl\/wp-content\/uploads\/2025\/11\/laserowy-czujnik-odleglosci-drl-60-230-czarny.jpg",800,800,false],"1536x1536":["https:\/\/electrosphere.pl\/wp-content\/uploads\/2025\/11\/laserowy-czujnik-odleglosci-drl-60-230-czarny.jpg",800,800,false],"2048x2048":["https:\/\/electrosphere.pl\/wp-content\/uploads\/2025\/11\/laserowy-czujnik-odleglosci-drl-60-230-czarny.jpg",800,800,false],"woocommerce_thumbnail":["https:\/\/electrosphere.pl\/wp-content\/uploads\/2025\/11\/laserowy-czujnik-odleglosci-drl-60-230-czarny-300x300.jpg",300,300,true],"woocommerce_single":["https:\/\/electrosphere.pl\/wp-content\/uploads\/2025\/11\/laserowy-czujnik-odleglosci-drl-60-230-czarny-600x600.jpg",600,600,true],"woocommerce_gallery_thumbnail":["https:\/\/electrosphere.pl\/wp-content\/uploads\/2025\/11\/laserowy-czujnik-odleglosci-drl-60-230-czarny-100x100.jpg",100,100,true],"dgwt-wcas-product-suggestion":["https:\/\/electrosphere.pl\/wp-content\/uploads\/2025\/11\/laserowy-czujnik-odleglosci-drl-60-230-czarny-64x64.jpg",64,64,true]},"uagb_author_info":{"display_name":"filipm","author_link":"https:\/\/electrosphere.pl\/en\/author\/"},"uagb_comment_info":0,"uagb_excerpt":"DRL-60-230-9 Black Laser Distance Sensor for \u00d860 Box Laser distance sensor for direct control of 230V AC lighting circuits. Application [&hellip;]","_links":{"self":[{"href":"https:\/\/electrosphere.pl\/en\/wp-json\/wp\/v2\/product\/78719","targetHints":{"allow":["GET"]}}],"collection":[{"href":"https:\/\/electrosphere.pl\/en\/wp-json\/wp\/v2\/product"}],"about":[{"href":"https:\/\/electrosphere.pl\/en\/wp-json\/wp\/v2\/types\/product"}],"wp:featuredmedia":[{"embeddable":true,"href":"https:\/\/electrosphere.pl\/en\/wp-json\/wp\/v2\/media\/66856"}],"wp:attachment":[{"href":"https:\/\/electrosphere.pl\/en\/wp-json\/wp\/v2\/media?parent=78719"}],"wp:term":[{"taxonomy":"product_brand","embeddable":true,"href":"https:\/\/electrosphere.pl\/en\/wp-json\/wp\/v2\/product_brand?post=78719"},{"taxonomy":"product_cat","embeddable":true,"href":"https:\/\/electrosphere.pl\/en\/wp-json\/wp\/v2\/product_cat?post=78719"},{"taxonomy":"product_tag","embeddable":true,"href":"https:\/\/electrosphere.pl\/en\/wp-json\/wp\/v2\/product_tag?post=78719"}],"curies":[{"name":"wp","href":"https:\/\/api.w.org\/{rel}","templated":true}]}}