{"id":78605,"date":"2025-11-26T08:58:14","date_gmt":"2025-11-26T08:58:14","guid":{"rendered":"https:\/\/electrosphere.pl\/h05vv-f-owy-5x10-0-yellow-white-round-soft-cable-300-500v-for-movable-devices-reel-2\/"},"modified":"2026-01-25T19:12:57","modified_gmt":"2026-01-25T19:12:57","slug":"h05vv-f-owy-5x10-0-yellow-white-round-soft-cable-300-500v-for-movable-devices-reel-2","status":"publish","type":"product","link":"https:\/\/electrosphere.pl\/en\/h05vv-f-owy-5x10-0-yellow-white-round-soft-cable-300-500v-for-movable-devices-reel-2\/","title":{"rendered":"H05VV-F OWY 5X10.0 YELLOW WHITE ROUND SOFT CABLE 300\/500V FOR MOVABLE DEVICES REEL"},"content":{"rendered":"<h2>H05VV-F OWY 5X10.0 WHITE SOFT ROUND CABLE 300\/500V<\/h2>\n<p>Economical cables for portable devices and temporary installations. Lightweight, easy to install and use. They are characterized by high flexibility. They are used in households, factories, and all kinds of installations where such properties can be utilized.<\/p>\n<h3>Application<\/h3>\n<p>The H05VV-F OWY cables are ideal for use in various environments, such as households and workplaces, where flexibility and mobility are required.<\/p>\n<h3>Technical Data<\/h3>\n<ul>\n<li>Type: H05VV-F OWY<\/li>\n<li>Cross-section: 5&#215;10.0 mm\u00b2<\/li>\n<li>Voltage: 300\/500V<\/li>\n<li>Color: White<\/li>\n<li>Cable type: Soft round<\/li>\n<li>Manufacturer: EK ELEKTROKABEL FABRYKA KABLI KAROLAK I SYNOWIE SP\u00d3\u0141KA Z OGRANICZON\u0104 ODPOWIEDZIALNO\u015aCI\u0104<\/li>\n<\/ul>\n","protected":false},"excerpt":{"rendered":"<p>H05VV-F OWY 5X10.0 WHITE SOFT ROUND CABLE 300\/500V Economical cables for portable devices and temporary installations. Lightweight, easy to install [&hellip;]<\/p>\n","protected":false},"featured_media":67031,"template":"","meta":{"_uag_custom_page_level_css":"","site-sidebar-layout":"default","site-content-layout":"","ast-site-content-layout":"default","site-content-style":"default","site-sidebar-style":"default","ast-global-header-display":"","ast-banner-title-visibility":"","ast-main-header-display":"","ast-hfb-above-header-display":"","ast-hfb-below-header-display":"","ast-hfb-mobile-header-display":"","site-post-title":"","ast-breadcrumbs-content":"","ast-featured-img":"","footer-sml-layout":"","ast-disable-related-posts":"","theme-transparent-header-meta":"","adv-header-id-meta":"","stick-header-meta":"","header-above-stick-meta":"","header-main-stick-meta":"","header-below-stick-meta":"","astra-migrate-meta-layouts":"default","ast-page-background-enabled":"default","ast-page-background-meta":{"desktop":{"background-color":"var(--ast-global-color-5)","background-image":"","background-repeat":"repeat","background-position":"center center","background-size":"auto","background-attachment":"scroll","background-type":"","background-media":"","overlay-type":"","overlay-color":"","overlay-opacity":"","overlay-gradient":""},"tablet":{"background-color":"","background-image":"","background-repeat":"repeat","background-position":"center center","background-size":"auto","background-attachment":"scroll","background-type":"","background-media":"","overlay-type":"","overlay-color":"","overlay-opacity":"","overlay-gradient":""},"mobile":{"background-color":"","background-image":"","background-repeat":"repeat","background-position":"center center","background-size":"auto","background-attachment":"scroll","background-type":"","background-media":"","overlay-type":"","overlay-color":"","overlay-opacity":"","overlay-gradient":""}},"ast-content-background-meta":{"desktop":{"background-color":"var(--ast-global-color-4)","background-image":"","background-repeat":"repeat","background-position":"center center","background-size":"auto","background-attachment":"scroll","background-type":"","background-media":"","overlay-type":"","overlay-color":"","overlay-opacity":"","overlay-gradient":""},"tablet":{"background-color":"var(--ast-global-color-4)","background-image":"","background-repeat":"repeat","background-position":"center center","background-size":"auto","background-attachment":"scroll","background-type":"","background-media":"","overlay-type":"","overlay-color":"","overlay-opacity":"","overlay-gradient":""},"mobile":{"background-color":"var(--ast-global-color-4)","background-image":"","background-repeat":"repeat","background-position":"center center","background-size":"auto","background-attachment":"scroll","background-type":"","background-media":"","overlay-type":"","overlay-color":"","overlay-opacity":"","overlay-gradient":""}}},"product_brand":[],"product_cat":[512,1601,803,420],"product_tag":[],"class_list":{"0":"post-78605","1":"product","2":"type-product","3":"status-publish","4":"has-post-thumbnail","6":"product_cat-do-odbiornikow-ruchomych-i-przenosnych","7":"product_cat-flexible-pvc-insulated-cables","8":"product_cat-gietkie-w-izolacji-polwinitowej-pvc","9":"product_cat-kable-i-przewody","10":"desktop-align-left","11":"tablet-align-left","12":"mobile-align-left","14":"first","15":"onbackorder","16":"purchasable","17":"product-type-simple"},"uagb_featured_image_src":{"full":["https:\/\/electrosphere.pl\/wp-content\/uploads\/2025\/11\/csPhotos_Photo_4677EDEE-AE7F-4EE9-2088-A4FD9F26F89C_1.jpg",800,800,false],"thumbnail":["https:\/\/electrosphere.pl\/wp-content\/uploads\/2025\/11\/csPhotos_Photo_4677EDEE-AE7F-4EE9-2088-A4FD9F26F89C_1-150x150.jpg",150,150,true],"medium":["https:\/\/electrosphere.pl\/wp-content\/uploads\/2025\/11\/csPhotos_Photo_4677EDEE-AE7F-4EE9-2088-A4FD9F26F89C_1-300x300.jpg",300,300,true],"medium_large":["https:\/\/electrosphere.pl\/wp-content\/uploads\/2025\/11\/csPhotos_Photo_4677EDEE-AE7F-4EE9-2088-A4FD9F26F89C_1-768x768.jpg",768,768,true],"large":["https:\/\/electrosphere.pl\/wp-content\/uploads\/2025\/11\/csPhotos_Photo_4677EDEE-AE7F-4EE9-2088-A4FD9F26F89C_1.jpg",800,800,false],"1536x1536":["https:\/\/electrosphere.pl\/wp-content\/uploads\/2025\/11\/csPhotos_Photo_4677EDEE-AE7F-4EE9-2088-A4FD9F26F89C_1.jpg",800,800,false],"2048x2048":["https:\/\/electrosphere.pl\/wp-content\/uploads\/2025\/11\/csPhotos_Photo_4677EDEE-AE7F-4EE9-2088-A4FD9F26F89C_1.jpg",800,800,false],"woocommerce_thumbnail":["https:\/\/electrosphere.pl\/wp-content\/uploads\/2025\/11\/csPhotos_Photo_4677EDEE-AE7F-4EE9-2088-A4FD9F26F89C_1-300x300.jpg",300,300,true],"woocommerce_single":["https:\/\/electrosphere.pl\/wp-content\/uploads\/2025\/11\/csPhotos_Photo_4677EDEE-AE7F-4EE9-2088-A4FD9F26F89C_1-600x600.jpg",600,600,true],"woocommerce_gallery_thumbnail":["https:\/\/electrosphere.pl\/wp-content\/uploads\/2025\/11\/csPhotos_Photo_4677EDEE-AE7F-4EE9-2088-A4FD9F26F89C_1-100x100.jpg",100,100,true],"dgwt-wcas-product-suggestion":["https:\/\/electrosphere.pl\/wp-content\/uploads\/2025\/11\/csPhotos_Photo_4677EDEE-AE7F-4EE9-2088-A4FD9F26F89C_1-64x64.jpg",64,64,true]},"uagb_author_info":{"display_name":"filipm","author_link":"https:\/\/electrosphere.pl\/en\/author\/"},"uagb_comment_info":0,"uagb_excerpt":"H05VV-F OWY 5X10.0 WHITE SOFT ROUND CABLE 300\/500V Economical cables for portable devices and temporary installations. Lightweight, easy to install [&hellip;]","_links":{"self":[{"href":"https:\/\/electrosphere.pl\/en\/wp-json\/wp\/v2\/product\/78605","targetHints":{"allow":["GET"]}}],"collection":[{"href":"https:\/\/electrosphere.pl\/en\/wp-json\/wp\/v2\/product"}],"about":[{"href":"https:\/\/electrosphere.pl\/en\/wp-json\/wp\/v2\/types\/product"}],"wp:featuredmedia":[{"embeddable":true,"href":"https:\/\/electrosphere.pl\/en\/wp-json\/wp\/v2\/media\/67031"}],"wp:attachment":[{"href":"https:\/\/electrosphere.pl\/en\/wp-json\/wp\/v2\/media?parent=78605"}],"wp:term":[{"taxonomy":"product_brand","embeddable":true,"href":"https:\/\/electrosphere.pl\/en\/wp-json\/wp\/v2\/product_brand?post=78605"},{"taxonomy":"product_cat","embeddable":true,"href":"https:\/\/electrosphere.pl\/en\/wp-json\/wp\/v2\/product_cat?post=78605"},{"taxonomy":"product_tag","embeddable":true,"href":"https:\/\/electrosphere.pl\/en\/wp-json\/wp\/v2\/product_tag?post=78605"}],"curies":[{"name":"wp","href":"https:\/\/api.w.org\/{rel}","templated":true}]}}