{"id":77997,"date":"2025-11-26T09:11:16","date_gmt":"2025-11-26T09:11:16","guid":{"rendered":"https:\/\/electrosphere.pl\/op1-w01-a11-op1-wer-nadtyn-push-button-release-self-1-normally-closed-1-normally-open\/"},"modified":"2026-03-23T11:53:41","modified_gmt":"2026-03-23T11:53:41","slug":"op1-w01-a11-op1-wer-nadtyn-push-button-release-self-1-normally-closed-1-normally-open","status":"publish","type":"product","link":"https:\/\/electrosphere.pl\/en\/op1-w01-a11-op1-wer-nadtyn-push-button-release-self-1-normally-closed-1-normally-open\/","title":{"rendered":"OP1-W01-A11 OP1-WER.NADTYN.PUSH BUTTON RELEASE SELF 1 NORMALLY CLOSED 1 NORMALLY OPEN."},"content":{"rendered":"<h2>OP1-W01-A11 OP1-WER.NADTYN.MANUAL ALARM BUTTON<\/h2>\n<p>Manual alert devices are used to manually activate an alarm in case of detecting a threat, such as a fire or an intruder.<\/p>\n<h3>Application<\/h3>\n<p>Used in public buildings, offices, and other facilities where quick response to a threat is crucial. Manual alert devices can also be utilized in emergency evacuation systems.<\/p>\n<h3>Technical Data<\/h3>\n<ul>\n<li>Manufacturer: SP\u00d3\u0141DZIELNIA INWALID\u00d3W SPAMEL<\/li>\n<li>Type: Alert buttons<\/li>\n<li>Function: Manual alarm activation<\/li>\n<li>Contact: 1 normally closed, 1 normally open<\/li>\n<\/ul>\n","protected":false},"excerpt":{"rendered":"<p>OP1-W01-A11 OP1-WER.NADTYN.MANUAL ALARM BUTTON Manual alert devices are used to manually activate an alarm in case of detecting a threat, [&hellip;]<\/p>\n","protected":false},"featured_media":67940,"template":"","meta":{"_uag_custom_page_level_css":"","site-sidebar-layout":"default","site-content-layout":"","ast-site-content-layout":"default","site-content-style":"default","site-sidebar-style":"default","ast-global-header-display":"","ast-banner-title-visibility":"","ast-main-header-display":"","ast-hfb-above-header-display":"","ast-hfb-below-header-display":"","ast-hfb-mobile-header-display":"","site-post-title":"","ast-breadcrumbs-content":"","ast-featured-img":"","footer-sml-layout":"","ast-disable-related-posts":"","theme-transparent-header-meta":"","adv-header-id-meta":"","stick-header-meta":"","header-above-stick-meta":"","header-main-stick-meta":"","header-below-stick-meta":"","astra-migrate-meta-layouts":"default","ast-page-background-enabled":"default","ast-page-background-meta":{"desktop":{"background-color":"var(--ast-global-color-5)","background-image":"","background-repeat":"repeat","background-position":"center center","background-size":"auto","background-attachment":"scroll","background-type":"","background-media":"","overlay-type":"","overlay-color":"","overlay-opacity":"","overlay-gradient":""},"tablet":{"background-color":"","background-image":"","background-repeat":"repeat","background-position":"center center","background-size":"auto","background-attachment":"scroll","background-type":"","background-media":"","overlay-type":"","overlay-color":"","overlay-opacity":"","overlay-gradient":""},"mobile":{"background-color":"","background-image":"","background-repeat":"repeat","background-position":"center center","background-size":"auto","background-attachment":"scroll","background-type":"","background-media":"","overlay-type":"","overlay-color":"","overlay-opacity":"","overlay-gradient":""}},"ast-content-background-meta":{"desktop":{"background-color":"var(--ast-global-color-4)","background-image":"","background-repeat":"repeat","background-position":"center center","background-size":"auto","background-attachment":"scroll","background-type":"","background-media":"","overlay-type":"","overlay-color":"","overlay-opacity":"","overlay-gradient":""},"tablet":{"background-color":"var(--ast-global-color-4)","background-image":"","background-repeat":"repeat","background-position":"center center","background-size":"auto","background-attachment":"scroll","background-type":"","background-media":"","overlay-type":"","overlay-color":"","overlay-opacity":"","overlay-gradient":""},"mobile":{"background-color":"var(--ast-global-color-4)","background-image":"","background-repeat":"repeat","background-position":"center center","background-size":"auto","background-attachment":"scroll","background-type":"","background-media":"","overlay-type":"","overlay-color":"","overlay-opacity":"","overlay-gradient":""}}},"product_brand":[],"product_cat":[1930,520,487,519],"product_tag":[],"class_list":{"0":"post-77997","1":"product","2":"type-product","3":"status-publish","4":"has-post-thumbnail","6":"product_cat-handheld-warning-devices","7":"product_cat-ostrzegacze-reczne","8":"product_cat-systemy-bezpieczenstwa","9":"product_cat-systemy-ochrony-przeciwpozarowej","10":"desktop-align-left","11":"tablet-align-left","12":"mobile-align-left","14":"first","15":"instock","16":"purchasable","17":"product-type-simple"},"uagb_featured_image_src":{"full":["https:\/\/electrosphere.pl\/wp-content\/uploads\/2025\/11\/csProducersItemsImportBufforImages_photo_09CE6909-9A92-4C3F-B040-4E53671EB094_.png",600,600,false],"thumbnail":["https:\/\/electrosphere.pl\/wp-content\/uploads\/2025\/11\/csProducersItemsImportBufforImages_photo_09CE6909-9A92-4C3F-B040-4E53671EB094_-150x150.png",150,150,true],"medium":["https:\/\/electrosphere.pl\/wp-content\/uploads\/2025\/11\/csProducersItemsImportBufforImages_photo_09CE6909-9A92-4C3F-B040-4E53671EB094_-300x300.png",300,300,true],"medium_large":["https:\/\/electrosphere.pl\/wp-content\/uploads\/2025\/11\/csProducersItemsImportBufforImages_photo_09CE6909-9A92-4C3F-B040-4E53671EB094_.png",600,600,false],"large":["https:\/\/electrosphere.pl\/wp-content\/uploads\/2025\/11\/csProducersItemsImportBufforImages_photo_09CE6909-9A92-4C3F-B040-4E53671EB094_.png",600,600,false],"1536x1536":["https:\/\/electrosphere.pl\/wp-content\/uploads\/2025\/11\/csProducersItemsImportBufforImages_photo_09CE6909-9A92-4C3F-B040-4E53671EB094_.png",600,600,false],"2048x2048":["https:\/\/electrosphere.pl\/wp-content\/uploads\/2025\/11\/csProducersItemsImportBufforImages_photo_09CE6909-9A92-4C3F-B040-4E53671EB094_.png",600,600,false],"woocommerce_thumbnail":["https:\/\/electrosphere.pl\/wp-content\/uploads\/2025\/11\/csProducersItemsImportBufforImages_photo_09CE6909-9A92-4C3F-B040-4E53671EB094_-300x300.png",300,300,true],"woocommerce_single":["https:\/\/electrosphere.pl\/wp-content\/uploads\/2025\/11\/csProducersItemsImportBufforImages_photo_09CE6909-9A92-4C3F-B040-4E53671EB094_.png",600,600,false],"woocommerce_gallery_thumbnail":["https:\/\/electrosphere.pl\/wp-content\/uploads\/2025\/11\/csProducersItemsImportBufforImages_photo_09CE6909-9A92-4C3F-B040-4E53671EB094_-100x100.png",100,100,true],"dgwt-wcas-product-suggestion":["https:\/\/electrosphere.pl\/wp-content\/uploads\/2025\/11\/csProducersItemsImportBufforImages_photo_09CE6909-9A92-4C3F-B040-4E53671EB094_-64x64.png",64,64,true]},"uagb_author_info":{"display_name":"filipm","author_link":"https:\/\/electrosphere.pl\/en\/author\/"},"uagb_comment_info":0,"uagb_excerpt":"OP1-W01-A11 OP1-WER.NADTYN.MANUAL ALARM BUTTON Manual alert devices are used to manually activate an alarm in case of detecting a threat, [&hellip;]","_links":{"self":[{"href":"https:\/\/electrosphere.pl\/en\/wp-json\/wp\/v2\/product\/77997","targetHints":{"allow":["GET"]}}],"collection":[{"href":"https:\/\/electrosphere.pl\/en\/wp-json\/wp\/v2\/product"}],"about":[{"href":"https:\/\/electrosphere.pl\/en\/wp-json\/wp\/v2\/types\/product"}],"wp:featuredmedia":[{"embeddable":true,"href":"https:\/\/electrosphere.pl\/en\/wp-json\/wp\/v2\/media\/67940"}],"wp:attachment":[{"href":"https:\/\/electrosphere.pl\/en\/wp-json\/wp\/v2\/media?parent=77997"}],"wp:term":[{"taxonomy":"product_brand","embeddable":true,"href":"https:\/\/electrosphere.pl\/en\/wp-json\/wp\/v2\/product_brand?post=77997"},{"taxonomy":"product_cat","embeddable":true,"href":"https:\/\/electrosphere.pl\/en\/wp-json\/wp\/v2\/product_cat?post=77997"},{"taxonomy":"product_tag","embeddable":true,"href":"https:\/\/electrosphere.pl\/en\/wp-json\/wp\/v2\/product_tag?post=77997"}],"curies":[{"name":"wp","href":"https:\/\/api.w.org\/{rel}","templated":true}]}}