{"id":77133,"date":"2025-11-26T09:28:41","date_gmt":"2025-11-26T09:28:41","guid":{"rendered":"https:\/\/electrosphere.pl\/fire-5701p01-glass-for-op1\/"},"modified":"2026-04-03T07:43:39","modified_gmt":"2026-04-03T07:43:39","slug":"fire-5701p01-glass-for-op1","status":"publish","type":"product","link":"https:\/\/electrosphere.pl\/en\/fire-5701p01-glass-for-op1\/","title":{"rendered":"FIRE-5701P01 GLASS FOR OP1"},"content":{"rendered":"<h2>PPO\u017b-5701P01 QUICK RELEASE FOR OP1<\/h2>\n<p>Additional accessories for monitoring and alarm systems are elements that enhance the functionality and ease of use of the system.<\/p>\n<h3>Application<\/h3>\n<p>These include cables, mounts, remotes, power supplies, signal converters, as well as other installation and expansion components for the system. Thanks to additional accessories, easy expansion and modification of the existing monitoring system is possible.<\/p>\n<h3>Technical Data<\/h3>\n<ul>\n<li>Manufacturer: SP\u00d3\u0141DZIELNIA INWALID\u00d3W SPAMEL<\/li>\n<li>Type: Quick Release for OP1<\/li>\n<li>Purpose: Accessories for monitoring and alarm systems<\/li>\n<\/ul>\n","protected":false},"excerpt":{"rendered":"<p>PPO\u017b-5701P01 QUICK RELEASE FOR OP1 Additional accessories for monitoring and alarm systems are elements that enhance the functionality and ease [&hellip;]<\/p>\n","protected":false},"featured_media":69271,"template":"","meta":{"_uag_custom_page_level_css":"","site-sidebar-layout":"default","site-content-layout":"","ast-site-content-layout":"default","site-content-style":"default","site-sidebar-style":"default","ast-global-header-display":"","ast-banner-title-visibility":"","ast-main-header-display":"","ast-hfb-above-header-display":"","ast-hfb-below-header-display":"","ast-hfb-mobile-header-display":"","site-post-title":"","ast-breadcrumbs-content":"","ast-featured-img":"","footer-sml-layout":"","ast-disable-related-posts":"","theme-transparent-header-meta":"","adv-header-id-meta":"","stick-header-meta":"","header-above-stick-meta":"","header-main-stick-meta":"","header-below-stick-meta":"","astra-migrate-meta-layouts":"default","ast-page-background-enabled":"default","ast-page-background-meta":{"desktop":{"background-color":"var(--ast-global-color-5)","background-image":"","background-repeat":"repeat","background-position":"center center","background-size":"auto","background-attachment":"scroll","background-type":"","background-media":"","overlay-type":"","overlay-color":"","overlay-opacity":"","overlay-gradient":""},"tablet":{"background-color":"","background-image":"","background-repeat":"repeat","background-position":"center center","background-size":"auto","background-attachment":"scroll","background-type":"","background-media":"","overlay-type":"","overlay-color":"","overlay-opacity":"","overlay-gradient":""},"mobile":{"background-color":"","background-image":"","background-repeat":"repeat","background-position":"center center","background-size":"auto","background-attachment":"scroll","background-type":"","background-media":"","overlay-type":"","overlay-color":"","overlay-opacity":"","overlay-gradient":""}},"ast-content-background-meta":{"desktop":{"background-color":"var(--ast-global-color-4)","background-image":"","background-repeat":"repeat","background-position":"center center","background-size":"auto","background-attachment":"scroll","background-type":"","background-media":"","overlay-type":"","overlay-color":"","overlay-opacity":"","overlay-gradient":""},"tablet":{"background-color":"var(--ast-global-color-4)","background-image":"","background-repeat":"repeat","background-position":"center center","background-size":"auto","background-attachment":"scroll","background-type":"","background-media":"","overlay-type":"","overlay-color":"","overlay-opacity":"","overlay-gradient":""},"mobile":{"background-color":"var(--ast-global-color-4)","background-image":"","background-repeat":"repeat","background-position":"center center","background-size":"auto","background-attachment":"scroll","background-type":"","background-media":"","overlay-type":"","overlay-color":"","overlay-opacity":"","overlay-gradient":""}}},"product_brand":[],"product_cat":[1465,1361,487,519],"product_tag":[],"class_list":{"0":"post-77133","1":"product","2":"type-product","3":"status-publish","4":"has-post-thumbnail","6":"product_cat-additional-accessories","7":"product_cat-akcesoria-dodatkowe-systemy-ochrony-przeciwpozarowej","8":"product_cat-systemy-bezpieczenstwa","9":"product_cat-systemy-ochrony-przeciwpozarowej","10":"desktop-align-left","11":"tablet-align-left","12":"mobile-align-left","14":"first","15":"instock","16":"purchasable","17":"product-type-simple"},"uagb_featured_image_src":{"full":["https:\/\/electrosphere.pl\/wp-content\/uploads\/2025\/11\/csPhotos_Photo_15E6F0D7-20CC-4AA9-AA5F-69719631EEDB_1.jpg",225,225,false],"thumbnail":["https:\/\/electrosphere.pl\/wp-content\/uploads\/2025\/11\/csPhotos_Photo_15E6F0D7-20CC-4AA9-AA5F-69719631EEDB_1-150x150.jpg",150,150,true],"medium":["https:\/\/electrosphere.pl\/wp-content\/uploads\/2025\/11\/csPhotos_Photo_15E6F0D7-20CC-4AA9-AA5F-69719631EEDB_1.jpg",225,225,false],"medium_large":["https:\/\/electrosphere.pl\/wp-content\/uploads\/2025\/11\/csPhotos_Photo_15E6F0D7-20CC-4AA9-AA5F-69719631EEDB_1.jpg",225,225,false],"large":["https:\/\/electrosphere.pl\/wp-content\/uploads\/2025\/11\/csPhotos_Photo_15E6F0D7-20CC-4AA9-AA5F-69719631EEDB_1.jpg",225,225,false],"1536x1536":["https:\/\/electrosphere.pl\/wp-content\/uploads\/2025\/11\/csPhotos_Photo_15E6F0D7-20CC-4AA9-AA5F-69719631EEDB_1.jpg",225,225,false],"2048x2048":["https:\/\/electrosphere.pl\/wp-content\/uploads\/2025\/11\/csPhotos_Photo_15E6F0D7-20CC-4AA9-AA5F-69719631EEDB_1.jpg",225,225,false],"woocommerce_thumbnail":["https:\/\/electrosphere.pl\/wp-content\/uploads\/2025\/11\/csPhotos_Photo_15E6F0D7-20CC-4AA9-AA5F-69719631EEDB_1.jpg",225,225,false],"woocommerce_single":["https:\/\/electrosphere.pl\/wp-content\/uploads\/2025\/11\/csPhotos_Photo_15E6F0D7-20CC-4AA9-AA5F-69719631EEDB_1.jpg",225,225,false],"woocommerce_gallery_thumbnail":["https:\/\/electrosphere.pl\/wp-content\/uploads\/2025\/11\/csPhotos_Photo_15E6F0D7-20CC-4AA9-AA5F-69719631EEDB_1-100x100.jpg",100,100,true],"dgwt-wcas-product-suggestion":["https:\/\/electrosphere.pl\/wp-content\/uploads\/2025\/11\/csPhotos_Photo_15E6F0D7-20CC-4AA9-AA5F-69719631EEDB_1-64x64.jpg",64,64,true]},"uagb_author_info":{"display_name":"filipm","author_link":"https:\/\/electrosphere.pl\/en\/author\/"},"uagb_comment_info":0,"uagb_excerpt":"PPO\u017b-5701P01 QUICK RELEASE FOR OP1 Additional accessories for monitoring and alarm systems are elements that enhance the functionality and ease [&hellip;]","_links":{"self":[{"href":"https:\/\/electrosphere.pl\/en\/wp-json\/wp\/v2\/product\/77133","targetHints":{"allow":["GET"]}}],"collection":[{"href":"https:\/\/electrosphere.pl\/en\/wp-json\/wp\/v2\/product"}],"about":[{"href":"https:\/\/electrosphere.pl\/en\/wp-json\/wp\/v2\/types\/product"}],"wp:featuredmedia":[{"embeddable":true,"href":"https:\/\/electrosphere.pl\/en\/wp-json\/wp\/v2\/media\/69271"}],"wp:attachment":[{"href":"https:\/\/electrosphere.pl\/en\/wp-json\/wp\/v2\/media?parent=77133"}],"wp:term":[{"taxonomy":"product_brand","embeddable":true,"href":"https:\/\/electrosphere.pl\/en\/wp-json\/wp\/v2\/product_brand?post=77133"},{"taxonomy":"product_cat","embeddable":true,"href":"https:\/\/electrosphere.pl\/en\/wp-json\/wp\/v2\/product_cat?post=77133"},{"taxonomy":"product_tag","embeddable":true,"href":"https:\/\/electrosphere.pl\/en\/wp-json\/wp\/v2\/product_tag?post=77133"}],"curies":[{"name":"wp","href":"https:\/\/api.w.org\/{rel}","templated":true}]}}