{"id":76317,"date":"2025-11-26T09:53:47","date_gmt":"2025-11-26T09:53:47","guid":{"rendered":"https:\/\/electrosphere.pl\/fibaro-single-switch-fgs-213-zw5-868-4-mhz\/"},"modified":"2025-11-29T03:34:47","modified_gmt":"2025-11-29T03:34:47","slug":"fibaro-single-switch-fgs-213-zw5-868-4-mhz","status":"publish","type":"product","link":"https:\/\/electrosphere.pl\/en\/fibaro-single-switch-fgs-213-zw5-868-4-mhz\/","title":{"rendered":"FIBARO SINGLE SWITCH FGS-213 ZW5 868.4 MHZ"},"content":{"rendered":"<h2>FIBARO SINGLE SWITCH FGS-213 ZW5 868.4 MHZ<\/h2>\n<p>In-wall control modules are installed in junction boxes and are used for remote control of various elements of the building.<\/p>\n<h3>Application<\/h3>\n<p>Thanks to their compact dimensions, they are invisible after installation. They allow for the integration of traditional switches with the automation system. This is an aesthetic and functional solution for modern interiors.<\/p>\n<h3>Technical Data<\/h3>\n<ul>\n<li>Manufacturer: NICE &#8211; POLSKA SP\u00d3\u0141KA Z OGRANICZON\u0104 ODPOWIEDZIALNO\u015aCI\u0104<\/li>\n<li>Type: In-wall control module<\/li>\n<li>Connectivity: Z-Wave 868.4 MHz<\/li>\n<li>Dimensions: Compact and invisible after installation<\/li>\n<\/ul>\n","protected":false},"excerpt":{"rendered":"<p>FIBARO SINGLE SWITCH FGS-213 ZW5 868.4 MHZ In-wall control modules are installed in junction boxes and are used for remote [&hellip;]<\/p>\n","protected":false},"featured_media":70544,"template":"","meta":{"_uag_custom_page_level_css":"","site-sidebar-layout":"default","site-content-layout":"","ast-site-content-layout":"default","site-content-style":"default","site-sidebar-style":"default","ast-global-header-display":"","ast-banner-title-visibility":"","ast-main-header-display":"","ast-hfb-above-header-display":"","ast-hfb-below-header-display":"","ast-hfb-mobile-header-display":"","site-post-title":"","ast-breadcrumbs-content":"","ast-featured-img":"","footer-sml-layout":"","ast-disable-related-posts":"","theme-transparent-header-meta":"","adv-header-id-meta":"","stick-header-meta":"","header-above-stick-meta":"","header-main-stick-meta":"","header-below-stick-meta":"","astra-migrate-meta-layouts":"default","ast-page-background-enabled":"default","ast-page-background-meta":{"desktop":{"background-color":"var(--ast-global-color-5)","background-image":"","background-repeat":"repeat","background-position":"center center","background-size":"auto","background-attachment":"scroll","background-type":"","background-media":"","overlay-type":"","overlay-color":"","overlay-opacity":"","overlay-gradient":""},"tablet":{"background-color":"","background-image":"","background-repeat":"repeat","background-position":"center center","background-size":"auto","background-attachment":"scroll","background-type":"","background-media":"","overlay-type":"","overlay-color":"","overlay-opacity":"","overlay-gradient":""},"mobile":{"background-color":"","background-image":"","background-repeat":"repeat","background-position":"center center","background-size":"auto","background-attachment":"scroll","background-type":"","background-media":"","overlay-type":"","overlay-color":"","overlay-opacity":"","overlay-gradient":""}},"ast-content-background-meta":{"desktop":{"background-color":"var(--ast-global-color-4)","background-image":"","background-repeat":"repeat","background-position":"center center","background-size":"auto","background-attachment":"scroll","background-type":"","background-media":"","overlay-type":"","overlay-color":"","overlay-opacity":"","overlay-gradient":""},"tablet":{"background-color":"var(--ast-global-color-4)","background-image":"","background-repeat":"repeat","background-position":"center center","background-size":"auto","background-attachment":"scroll","background-type":"","background-media":"","overlay-type":"","overlay-color":"","overlay-opacity":"","overlay-gradient":""},"mobile":{"background-color":"var(--ast-global-color-4)","background-image":"","background-repeat":"repeat","background-position":"center center","background-size":"auto","background-attachment":"scroll","background-type":"","background-media":"","overlay-type":"","overlay-color":"","overlay-opacity":"","overlay-gradient":""}}},"product_brand":[],"product_cat":[461,775],"product_tag":[],"class_list":{"0":"post-76317","1":"product","2":"type-product","3":"status-publish","4":"has-post-thumbnail","6":"product_cat-automatyka-budynkowa","7":"product_cat-moduly-sterujace-podtynkowe","8":"desktop-align-left","9":"tablet-align-left","10":"mobile-align-left","12":"first","13":"instock","14":"purchasable","15":"product-type-simple"},"uagb_featured_image_src":{"full":["https:\/\/electrosphere.pl\/wp-content\/uploads\/2025\/11\/csPhotos_Photo_A42813A1-F5D7-43F1-F548-6EF2F12FBA5B_1.jpg",315,254,false],"thumbnail":["https:\/\/electrosphere.pl\/wp-content\/uploads\/2025\/11\/csPhotos_Photo_A42813A1-F5D7-43F1-F548-6EF2F12FBA5B_1-150x150.jpg",150,150,true],"medium":["https:\/\/electrosphere.pl\/wp-content\/uploads\/2025\/11\/csPhotos_Photo_A42813A1-F5D7-43F1-F548-6EF2F12FBA5B_1-300x242.jpg",300,242,true],"medium_large":["https:\/\/electrosphere.pl\/wp-content\/uploads\/2025\/11\/csPhotos_Photo_A42813A1-F5D7-43F1-F548-6EF2F12FBA5B_1.jpg",315,254,false],"large":["https:\/\/electrosphere.pl\/wp-content\/uploads\/2025\/11\/csPhotos_Photo_A42813A1-F5D7-43F1-F548-6EF2F12FBA5B_1.jpg",315,254,false],"1536x1536":["https:\/\/electrosphere.pl\/wp-content\/uploads\/2025\/11\/csPhotos_Photo_A42813A1-F5D7-43F1-F548-6EF2F12FBA5B_1.jpg",315,254,false],"2048x2048":["https:\/\/electrosphere.pl\/wp-content\/uploads\/2025\/11\/csPhotos_Photo_A42813A1-F5D7-43F1-F548-6EF2F12FBA5B_1.jpg",315,254,false],"woocommerce_thumbnail":["https:\/\/electrosphere.pl\/wp-content\/uploads\/2025\/11\/csPhotos_Photo_A42813A1-F5D7-43F1-F548-6EF2F12FBA5B_1-300x254.jpg",300,254,true],"woocommerce_single":["https:\/\/electrosphere.pl\/wp-content\/uploads\/2025\/11\/csPhotos_Photo_A42813A1-F5D7-43F1-F548-6EF2F12FBA5B_1.jpg",315,254,false],"woocommerce_gallery_thumbnail":["https:\/\/electrosphere.pl\/wp-content\/uploads\/2025\/11\/csPhotos_Photo_A42813A1-F5D7-43F1-F548-6EF2F12FBA5B_1-100x100.jpg",100,100,true],"dgwt-wcas-product-suggestion":["https:\/\/electrosphere.pl\/wp-content\/uploads\/2025\/11\/csPhotos_Photo_A42813A1-F5D7-43F1-F548-6EF2F12FBA5B_1-64x52.jpg",64,52,true]},"uagb_author_info":{"display_name":"filipm","author_link":"https:\/\/electrosphere.pl\/en\/author\/"},"uagb_comment_info":0,"uagb_excerpt":"FIBARO SINGLE SWITCH FGS-213 ZW5 868.4 MHZ In-wall control modules are installed in junction boxes and are used for remote [&hellip;]","_links":{"self":[{"href":"https:\/\/electrosphere.pl\/en\/wp-json\/wp\/v2\/product\/76317","targetHints":{"allow":["GET"]}}],"collection":[{"href":"https:\/\/electrosphere.pl\/en\/wp-json\/wp\/v2\/product"}],"about":[{"href":"https:\/\/electrosphere.pl\/en\/wp-json\/wp\/v2\/types\/product"}],"wp:featuredmedia":[{"embeddable":true,"href":"https:\/\/electrosphere.pl\/en\/wp-json\/wp\/v2\/media\/70544"}],"wp:attachment":[{"href":"https:\/\/electrosphere.pl\/en\/wp-json\/wp\/v2\/media?parent=76317"}],"wp:term":[{"taxonomy":"product_brand","embeddable":true,"href":"https:\/\/electrosphere.pl\/en\/wp-json\/wp\/v2\/product_brand?post=76317"},{"taxonomy":"product_cat","embeddable":true,"href":"https:\/\/electrosphere.pl\/en\/wp-json\/wp\/v2\/product_cat?post=76317"},{"taxonomy":"product_tag","embeddable":true,"href":"https:\/\/electrosphere.pl\/en\/wp-json\/wp\/v2\/product_tag?post=76317"}],"curies":[{"name":"wp","href":"https:\/\/api.w.org\/{rel}","templated":true}]}}