{"id":75799,"date":"2025-11-26T10:03:35","date_gmt":"2025-11-26T10:03:35","guid":{"rendered":"https:\/\/electrosphere.pl\/pwp1-w01-a-11-2led7-handheld-fire-alarm-switch-button\/"},"modified":"2026-04-03T07:43:25","modified_gmt":"2026-04-03T07:43:25","slug":"pwp1-w01-a-11-2led7-handheld-fire-alarm-switch-button","status":"publish","type":"product","link":"https:\/\/electrosphere.pl\/en\/pwp1-w01-a-11-2led7-handheld-fire-alarm-switch-button\/","title":{"rendered":"PWP1-W01-A-11-2LED7 HANDHELD FIRE ALARM SWITCH BUTTON"},"content":{"rendered":"<h2>PWP1-W01-A-11-2LED7 MANUAL FIRE ALARM SWITCH BUTTON<\/h2>\n<p>Manual alert devices are used to manually activate an alarm in the event of a detected threat, such as a fire or intruder.<\/p>\n<h3>Application<\/h3>\n<p>Used in public buildings, offices, and other facilities where a quick response to a threat is crucial. Manual alert devices can also be utilized in emergency evacuation systems.<\/p>\n<h3>Technical Specifications<\/h3>\n<ul>\n<li>Manufacturer: SP\u00d3\u0141DZIELNIA INWALID\u00d3W SPAMEL<\/li>\n<li>Type: Manual fire alarm button<\/li>\n<li>Model: PWP1-W01-A-11-2LED7<\/li>\n<\/ul>\n","protected":false},"excerpt":{"rendered":"<p>PWP1-W01-A-11-2LED7 MANUAL FIRE ALARM SWITCH BUTTON Manual alert devices are used to manually activate an alarm in the event of [&hellip;]<\/p>\n","protected":false},"featured_media":71346,"template":"","meta":{"_uag_custom_page_level_css":"","site-sidebar-layout":"default","site-content-layout":"","ast-site-content-layout":"default","site-content-style":"default","site-sidebar-style":"default","ast-global-header-display":"","ast-banner-title-visibility":"","ast-main-header-display":"","ast-hfb-above-header-display":"","ast-hfb-below-header-display":"","ast-hfb-mobile-header-display":"","site-post-title":"","ast-breadcrumbs-content":"","ast-featured-img":"","footer-sml-layout":"","ast-disable-related-posts":"","theme-transparent-header-meta":"","adv-header-id-meta":"","stick-header-meta":"","header-above-stick-meta":"","header-main-stick-meta":"","header-below-stick-meta":"","astra-migrate-meta-layouts":"default","ast-page-background-enabled":"default","ast-page-background-meta":{"desktop":{"background-color":"var(--ast-global-color-5)","background-image":"","background-repeat":"repeat","background-position":"center center","background-size":"auto","background-attachment":"scroll","background-type":"","background-media":"","overlay-type":"","overlay-color":"","overlay-opacity":"","overlay-gradient":""},"tablet":{"background-color":"","background-image":"","background-repeat":"repeat","background-position":"center center","background-size":"auto","background-attachment":"scroll","background-type":"","background-media":"","overlay-type":"","overlay-color":"","overlay-opacity":"","overlay-gradient":""},"mobile":{"background-color":"","background-image":"","background-repeat":"repeat","background-position":"center center","background-size":"auto","background-attachment":"scroll","background-type":"","background-media":"","overlay-type":"","overlay-color":"","overlay-opacity":"","overlay-gradient":""}},"ast-content-background-meta":{"desktop":{"background-color":"var(--ast-global-color-4)","background-image":"","background-repeat":"repeat","background-position":"center center","background-size":"auto","background-attachment":"scroll","background-type":"","background-media":"","overlay-type":"","overlay-color":"","overlay-opacity":"","overlay-gradient":""},"tablet":{"background-color":"var(--ast-global-color-4)","background-image":"","background-repeat":"repeat","background-position":"center center","background-size":"auto","background-attachment":"scroll","background-type":"","background-media":"","overlay-type":"","overlay-color":"","overlay-opacity":"","overlay-gradient":""},"mobile":{"background-color":"var(--ast-global-color-4)","background-image":"","background-repeat":"repeat","background-position":"center center","background-size":"auto","background-attachment":"scroll","background-type":"","background-media":"","overlay-type":"","overlay-color":"","overlay-opacity":"","overlay-gradient":""}}},"product_brand":[],"product_cat":[1930,520,487,519],"product_tag":[],"class_list":{"0":"post-75799","1":"product","2":"type-product","3":"status-publish","4":"has-post-thumbnail","6":"product_cat-handheld-warning-devices","7":"product_cat-ostrzegacze-reczne","8":"product_cat-systemy-bezpieczenstwa","9":"product_cat-systemy-ochrony-przeciwpozarowej","10":"desktop-align-left","11":"tablet-align-left","12":"mobile-align-left","14":"first","15":"instock","16":"purchasable","17":"product-type-simple"},"uagb_featured_image_src":{"full":["https:\/\/electrosphere.pl\/wp-content\/uploads\/2025\/11\/csPhotos_Photo_F4E95CCD-7BEA-4634-339B-02DAC7CB9B6D_1.jpg",600,600,false],"thumbnail":["https:\/\/electrosphere.pl\/wp-content\/uploads\/2025\/11\/csPhotos_Photo_F4E95CCD-7BEA-4634-339B-02DAC7CB9B6D_1-150x150.jpg",150,150,true],"medium":["https:\/\/electrosphere.pl\/wp-content\/uploads\/2025\/11\/csPhotos_Photo_F4E95CCD-7BEA-4634-339B-02DAC7CB9B6D_1-300x300.jpg",300,300,true],"medium_large":["https:\/\/electrosphere.pl\/wp-content\/uploads\/2025\/11\/csPhotos_Photo_F4E95CCD-7BEA-4634-339B-02DAC7CB9B6D_1.jpg",600,600,false],"large":["https:\/\/electrosphere.pl\/wp-content\/uploads\/2025\/11\/csPhotos_Photo_F4E95CCD-7BEA-4634-339B-02DAC7CB9B6D_1.jpg",600,600,false],"1536x1536":["https:\/\/electrosphere.pl\/wp-content\/uploads\/2025\/11\/csPhotos_Photo_F4E95CCD-7BEA-4634-339B-02DAC7CB9B6D_1.jpg",600,600,false],"2048x2048":["https:\/\/electrosphere.pl\/wp-content\/uploads\/2025\/11\/csPhotos_Photo_F4E95CCD-7BEA-4634-339B-02DAC7CB9B6D_1.jpg",600,600,false],"woocommerce_thumbnail":["https:\/\/electrosphere.pl\/wp-content\/uploads\/2025\/11\/csPhotos_Photo_F4E95CCD-7BEA-4634-339B-02DAC7CB9B6D_1-300x300.jpg",300,300,true],"woocommerce_single":["https:\/\/electrosphere.pl\/wp-content\/uploads\/2025\/11\/csPhotos_Photo_F4E95CCD-7BEA-4634-339B-02DAC7CB9B6D_1.jpg",600,600,false],"woocommerce_gallery_thumbnail":["https:\/\/electrosphere.pl\/wp-content\/uploads\/2025\/11\/csPhotos_Photo_F4E95CCD-7BEA-4634-339B-02DAC7CB9B6D_1-100x100.jpg",100,100,true],"dgwt-wcas-product-suggestion":["https:\/\/electrosphere.pl\/wp-content\/uploads\/2025\/11\/csPhotos_Photo_F4E95CCD-7BEA-4634-339B-02DAC7CB9B6D_1-64x64.jpg",64,64,true]},"uagb_author_info":{"display_name":"filipm","author_link":"https:\/\/electrosphere.pl\/en\/author\/"},"uagb_comment_info":0,"uagb_excerpt":"PWP1-W01-A-11-2LED7 MANUAL FIRE ALARM SWITCH BUTTON Manual alert devices are used to manually activate an alarm in the event of [&hellip;]","_links":{"self":[{"href":"https:\/\/electrosphere.pl\/en\/wp-json\/wp\/v2\/product\/75799","targetHints":{"allow":["GET"]}}],"collection":[{"href":"https:\/\/electrosphere.pl\/en\/wp-json\/wp\/v2\/product"}],"about":[{"href":"https:\/\/electrosphere.pl\/en\/wp-json\/wp\/v2\/types\/product"}],"wp:featuredmedia":[{"embeddable":true,"href":"https:\/\/electrosphere.pl\/en\/wp-json\/wp\/v2\/media\/71346"}],"wp:attachment":[{"href":"https:\/\/electrosphere.pl\/en\/wp-json\/wp\/v2\/media?parent=75799"}],"wp:term":[{"taxonomy":"product_brand","embeddable":true,"href":"https:\/\/electrosphere.pl\/en\/wp-json\/wp\/v2\/product_brand?post=75799"},{"taxonomy":"product_cat","embeddable":true,"href":"https:\/\/electrosphere.pl\/en\/wp-json\/wp\/v2\/product_cat?post=75799"},{"taxonomy":"product_tag","embeddable":true,"href":"https:\/\/electrosphere.pl\/en\/wp-json\/wp\/v2\/product_tag?post=75799"}],"curies":[{"name":"wp","href":"https:\/\/api.w.org\/{rel}","templated":true}]}}