{"id":75165,"date":"2025-11-26T10:16:45","date_gmt":"2025-11-26T10:16:45","guid":{"rendered":"https:\/\/electrosphere.pl\/smh3-pb-rf-120-240-ms6-heat-shrink-transition-sleeve-3-6-6-kv-for-3-core-unshielded-cables-o\/"},"modified":"2025-11-29T01:42:14","modified_gmt":"2025-11-29T01:42:14","slug":"smh3-pb-rf-120-240-ms6-heat-shrink-transition-sleeve-3-6-6-kv-for-3-core-unshielded-cables-o","status":"publish","type":"product","link":"https:\/\/electrosphere.pl\/en\/smh3-pb-rf-120-240-ms6-heat-shrink-transition-sleeve-3-6-6-kv-for-3-core-unshielded-cables-o\/","title":{"rendered":"SMH3 PB-RF 120-240 MS6 HEAT SHRINK TRANSITION SLEEVE 3.6\/6 KV FOR 3-CORE UNSHIELDED CABLES O"},"content":{"rendered":"<h2>SMH3 PB-RF 120-240 HEAT SHRINK TRANSITION JOINT 3.6\/6 KV FOR 3-CORE UNSCREENED CABLES<\/h2>\n<p>Joint 6kV, does not include connectors.<\/p>\n<h3>Application<\/h3>\n<p>The SMH3 PB-RF heat shrink joint is designed for use in electrical installations where protection against adverse weather conditions and mechanical protection of cable connections is required. It is ideal for 3-core unscreened cables, ensuring durability and reliability in use.<\/p>\n<h3>Technical Data<\/h3>\n<ul>\n<li>Voltage: 3.6\/6 kV<\/li>\n<li>Cable type: 3-core, unscreened<\/li>\n<li>Manufacturer: BEHR BIRCHER CELLPACK BBC POLSKA SP\u00d3\u0141KA Z OGRANICZON\u0104 ODPOWIEDZIALNO\u015aCI\u0104<\/li>\n<li>Type: Heat shrink joint<\/li>\n<li>Dimensions: 120-240 mm<\/li>\n<\/ul>\n","protected":false},"excerpt":{"rendered":"<p>SMH3 PB-RF 120-240 HEAT SHRINK TRANSITION JOINT 3.6\/6 KV FOR 3-CORE UNSCREENED CABLES Joint 6kV, does not include connectors. Application [&hellip;]<\/p>\n","protected":false},"featured_media":72328,"template":"","meta":{"_uag_custom_page_level_css":"","site-sidebar-layout":"default","site-content-layout":"","ast-site-content-layout":"default","site-content-style":"default","site-sidebar-style":"default","ast-global-header-display":"","ast-banner-title-visibility":"","ast-main-header-display":"","ast-hfb-above-header-display":"","ast-hfb-below-header-display":"","ast-hfb-mobile-header-display":"","site-post-title":"","ast-breadcrumbs-content":"","ast-featured-img":"","footer-sml-layout":"","ast-disable-related-posts":"","theme-transparent-header-meta":"","adv-header-id-meta":"","stick-header-meta":"","header-above-stick-meta":"","header-main-stick-meta":"","header-below-stick-meta":"","astra-migrate-meta-layouts":"default","ast-page-background-enabled":"default","ast-page-background-meta":{"desktop":{"background-color":"var(--ast-global-color-5)","background-image":"","background-repeat":"repeat","background-position":"center center","background-size":"auto","background-attachment":"scroll","background-type":"","background-media":"","overlay-type":"","overlay-color":"","overlay-opacity":"","overlay-gradient":""},"tablet":{"background-color":"","background-image":"","background-repeat":"repeat","background-position":"center center","background-size":"auto","background-attachment":"scroll","background-type":"","background-media":"","overlay-type":"","overlay-color":"","overlay-opacity":"","overlay-gradient":""},"mobile":{"background-color":"","background-image":"","background-repeat":"repeat","background-position":"center center","background-size":"auto","background-attachment":"scroll","background-type":"","background-media":"","overlay-type":"","overlay-color":"","overlay-opacity":"","overlay-gradient":""}},"ast-content-background-meta":{"desktop":{"background-color":"var(--ast-global-color-4)","background-image":"","background-repeat":"repeat","background-position":"center center","background-size":"auto","background-attachment":"scroll","background-type":"","background-media":"","overlay-type":"","overlay-color":"","overlay-opacity":"","overlay-gradient":""},"tablet":{"background-color":"var(--ast-global-color-4)","background-image":"","background-repeat":"repeat","background-position":"center center","background-size":"auto","background-attachment":"scroll","background-type":"","background-media":"","overlay-type":"","overlay-color":"","overlay-opacity":"","overlay-gradient":""},"mobile":{"background-color":"var(--ast-global-color-4)","background-image":"","background-repeat":"repeat","background-position":"center center","background-size":"auto","background-attachment":"scroll","background-type":"","background-media":"","overlay-type":"","overlay-color":"","overlay-opacity":"","overlay-gradient":""}}},"product_brand":[],"product_cat":[410,737,892],"product_tag":[],"class_list":{"0":"post-75165","1":"product","2":"type-product","3":"status-publish","4":"has-post-thumbnail","6":"product_cat-akcesoria-montazowe","7":"product_cat-materialy-izolacyjne-i-naprawcze-mufy-kablowe","8":"product_cat-mufy-kablowe","9":"desktop-align-left","10":"tablet-align-left","11":"mobile-align-left","13":"first","14":"onbackorder","15":"purchasable","16":"product-type-simple"},"uagb_featured_image_src":{"full":["https:\/\/electrosphere.pl\/wp-content\/uploads\/2025\/11\/csProducersItemsImportBufforImages_photo_94490F10-4F66-434A-89BA-A8A313F6AB60_-scaled.jpg",2560,1969,false],"thumbnail":["https:\/\/electrosphere.pl\/wp-content\/uploads\/2025\/11\/csProducersItemsImportBufforImages_photo_94490F10-4F66-434A-89BA-A8A313F6AB60_-150x150.jpg",150,150,true],"medium":["https:\/\/electrosphere.pl\/wp-content\/uploads\/2025\/11\/csProducersItemsImportBufforImages_photo_94490F10-4F66-434A-89BA-A8A313F6AB60_-300x231.jpg",300,231,true],"medium_large":["https:\/\/electrosphere.pl\/wp-content\/uploads\/2025\/11\/csProducersItemsImportBufforImages_photo_94490F10-4F66-434A-89BA-A8A313F6AB60_-768x591.jpg",768,591,true],"large":["https:\/\/electrosphere.pl\/wp-content\/uploads\/2025\/11\/csProducersItemsImportBufforImages_photo_94490F10-4F66-434A-89BA-A8A313F6AB60_-1024x788.jpg",1024,788,true],"1536x1536":["https:\/\/electrosphere.pl\/wp-content\/uploads\/2025\/11\/csProducersItemsImportBufforImages_photo_94490F10-4F66-434A-89BA-A8A313F6AB60_-1536x1181.jpg",1536,1181,true],"2048x2048":["https:\/\/electrosphere.pl\/wp-content\/uploads\/2025\/11\/csProducersItemsImportBufforImages_photo_94490F10-4F66-434A-89BA-A8A313F6AB60_-2048x1575.jpg",2048,1575,true],"woocommerce_thumbnail":["https:\/\/electrosphere.pl\/wp-content\/uploads\/2025\/11\/csProducersItemsImportBufforImages_photo_94490F10-4F66-434A-89BA-A8A313F6AB60_-300x300.jpg",300,300,true],"woocommerce_single":["https:\/\/electrosphere.pl\/wp-content\/uploads\/2025\/11\/csProducersItemsImportBufforImages_photo_94490F10-4F66-434A-89BA-A8A313F6AB60_-600x462.jpg",600,462,true],"woocommerce_gallery_thumbnail":["https:\/\/electrosphere.pl\/wp-content\/uploads\/2025\/11\/csProducersItemsImportBufforImages_photo_94490F10-4F66-434A-89BA-A8A313F6AB60_-100x100.jpg",100,100,true],"dgwt-wcas-product-suggestion":["https:\/\/electrosphere.pl\/wp-content\/uploads\/2025\/11\/csProducersItemsImportBufforImages_photo_94490F10-4F66-434A-89BA-A8A313F6AB60_-64x49.jpg",64,49,true]},"uagb_author_info":{"display_name":"filipm","author_link":"https:\/\/electrosphere.pl\/en\/author\/"},"uagb_comment_info":0,"uagb_excerpt":"SMH3 PB-RF 120-240 HEAT SHRINK TRANSITION JOINT 3.6\/6 KV FOR 3-CORE UNSCREENED CABLES Joint 6kV, does not include connectors. Application [&hellip;]","_links":{"self":[{"href":"https:\/\/electrosphere.pl\/en\/wp-json\/wp\/v2\/product\/75165","targetHints":{"allow":["GET"]}}],"collection":[{"href":"https:\/\/electrosphere.pl\/en\/wp-json\/wp\/v2\/product"}],"about":[{"href":"https:\/\/electrosphere.pl\/en\/wp-json\/wp\/v2\/types\/product"}],"wp:featuredmedia":[{"embeddable":true,"href":"https:\/\/electrosphere.pl\/en\/wp-json\/wp\/v2\/media\/72328"}],"wp:attachment":[{"href":"https:\/\/electrosphere.pl\/en\/wp-json\/wp\/v2\/media?parent=75165"}],"wp:term":[{"taxonomy":"product_brand","embeddable":true,"href":"https:\/\/electrosphere.pl\/en\/wp-json\/wp\/v2\/product_brand?post=75165"},{"taxonomy":"product_cat","embeddable":true,"href":"https:\/\/electrosphere.pl\/en\/wp-json\/wp\/v2\/product_cat?post=75165"},{"taxonomy":"product_tag","embeddable":true,"href":"https:\/\/electrosphere.pl\/en\/wp-json\/wp\/v2\/product_tag?post=75165"}],"curies":[{"name":"wp","href":"https:\/\/api.w.org\/{rel}","templated":true}]}}