{"id":74375,"date":"2025-11-26T11:11:43","date_gmt":"2025-11-26T11:11:43","guid":{"rendered":"https:\/\/electrosphere.pl\/kz-30-30mm-1000-centering-element\/"},"modified":"2025-12-03T12:47:30","modified_gmt":"2025-12-03T12:47:30","slug":"kz-30-30mm-1000-centering-element","status":"publish","type":"product","link":"https:\/\/electrosphere.pl\/en\/kz-30-30mm-1000-centering-element\/","title":{"rendered":"KZ 30 30MM \/1000 CENTERING ELEMENT"},"content":{"rendered":"<h2>KZ 30 30MM \/1000 CENTERING ELEMENT<\/h2>\n<p>Sealing materials are used to protect cable connections from moisture, dust, and contaminants.<\/p>\n<h3>Application<\/h3>\n<p>They are used in the installation of joints, heads, and cable entries. They ensure the durability of insulation and extend the lifespan of the installation.<\/p>\n<h3>Technical Data<\/h3>\n<ul>\n<li>Manufacturer: BEHR BIRCHER CELLPACK BBC POLSKA SP\u00d3\u0141KA Z OGRANICZON\u0104 ODPOWIEDZIALNO\u015aCI\u0104<\/li>\n<li>Type of materials: sealing compounds, foams, and tapes<\/li>\n<\/ul>\n","protected":false},"excerpt":{"rendered":"<p>KZ 30 30MM \/1000 CENTERING ELEMENT Sealing materials are used to protect cable connections from moisture, dust, and contaminants. Application [&hellip;]<\/p>\n","protected":false},"featured_media":73576,"template":"","meta":{"_uag_custom_page_level_css":"","site-sidebar-layout":"default","site-content-layout":"","ast-site-content-layout":"default","site-content-style":"default","site-sidebar-style":"default","ast-global-header-display":"","ast-banner-title-visibility":"","ast-main-header-display":"","ast-hfb-above-header-display":"","ast-hfb-below-header-display":"","ast-hfb-mobile-header-display":"","site-post-title":"","ast-breadcrumbs-content":"","ast-featured-img":"","footer-sml-layout":"","ast-disable-related-posts":"","theme-transparent-header-meta":"","adv-header-id-meta":"","stick-header-meta":"","header-above-stick-meta":"","header-main-stick-meta":"","header-below-stick-meta":"","astra-migrate-meta-layouts":"default","ast-page-background-enabled":"default","ast-page-background-meta":{"desktop":{"background-color":"var(--ast-global-color-5)","background-image":"","background-repeat":"repeat","background-position":"center center","background-size":"auto","background-attachment":"scroll","background-type":"","background-media":"","overlay-type":"","overlay-color":"","overlay-opacity":"","overlay-gradient":""},"tablet":{"background-color":"","background-image":"","background-repeat":"repeat","background-position":"center center","background-size":"auto","background-attachment":"scroll","background-type":"","background-media":"","overlay-type":"","overlay-color":"","overlay-opacity":"","overlay-gradient":""},"mobile":{"background-color":"","background-image":"","background-repeat":"repeat","background-position":"center center","background-size":"auto","background-attachment":"scroll","background-type":"","background-media":"","overlay-type":"","overlay-color":"","overlay-opacity":"","overlay-gradient":""}},"ast-content-background-meta":{"desktop":{"background-color":"var(--ast-global-color-4)","background-image":"","background-repeat":"repeat","background-position":"center center","background-size":"auto","background-attachment":"scroll","background-type":"","background-media":"","overlay-type":"","overlay-color":"","overlay-opacity":"","overlay-gradient":""},"tablet":{"background-color":"var(--ast-global-color-4)","background-image":"","background-repeat":"repeat","background-position":"center center","background-size":"auto","background-attachment":"scroll","background-type":"","background-media":"","overlay-type":"","overlay-color":"","overlay-opacity":"","overlay-gradient":""},"mobile":{"background-color":"var(--ast-global-color-4)","background-image":"","background-repeat":"repeat","background-position":"center center","background-size":"auto","background-attachment":"scroll","background-type":"","background-media":"","overlay-type":"","overlay-color":"","overlay-opacity":"","overlay-gradient":""}}},"product_brand":[717],"product_cat":[1766,1467,1767],"product_tag":[],"class_list":{"0":"post-74375","1":"product","2":"type-product","3":"status-publish","4":"has-post-thumbnail","6":"product_brand-behr-bircher-cellpack-bbc-polska-spolka-z-ograniczona-odpowiedzialnoscia","7":"product_cat-insulation-and-repair-materials-cable-joints","8":"product_cat-mounting-accessories","9":"product_cat-sealing-materials","10":"desktop-align-left","11":"tablet-align-left","12":"mobile-align-left","14":"first","15":"onbackorder","16":"purchasable","17":"product-type-simple"},"uagb_featured_image_src":{"full":["https:\/\/electrosphere.pl\/wp-content\/uploads\/2025\/11\/csProducersItemsImportBufforImages_photo_66FAE1CC-DD47-42B7-ACDD-DCAE5F40BC56_-scaled.jpg",2560,1969,false],"thumbnail":["https:\/\/electrosphere.pl\/wp-content\/uploads\/2025\/11\/csProducersItemsImportBufforImages_photo_66FAE1CC-DD47-42B7-ACDD-DCAE5F40BC56_-150x150.jpg",150,150,true],"medium":["https:\/\/electrosphere.pl\/wp-content\/uploads\/2025\/11\/csProducersItemsImportBufforImages_photo_66FAE1CC-DD47-42B7-ACDD-DCAE5F40BC56_-300x231.jpg",300,231,true],"medium_large":["https:\/\/electrosphere.pl\/wp-content\/uploads\/2025\/11\/csProducersItemsImportBufforImages_photo_66FAE1CC-DD47-42B7-ACDD-DCAE5F40BC56_-768x591.jpg",768,591,true],"large":["https:\/\/electrosphere.pl\/wp-content\/uploads\/2025\/11\/csProducersItemsImportBufforImages_photo_66FAE1CC-DD47-42B7-ACDD-DCAE5F40BC56_-1024x788.jpg",1024,788,true],"1536x1536":["https:\/\/electrosphere.pl\/wp-content\/uploads\/2025\/11\/csProducersItemsImportBufforImages_photo_66FAE1CC-DD47-42B7-ACDD-DCAE5F40BC56_-1536x1181.jpg",1536,1181,true],"2048x2048":["https:\/\/electrosphere.pl\/wp-content\/uploads\/2025\/11\/csProducersItemsImportBufforImages_photo_66FAE1CC-DD47-42B7-ACDD-DCAE5F40BC56_-2048x1575.jpg",2048,1575,true],"woocommerce_thumbnail":["https:\/\/electrosphere.pl\/wp-content\/uploads\/2025\/11\/csProducersItemsImportBufforImages_photo_66FAE1CC-DD47-42B7-ACDD-DCAE5F40BC56_-300x300.jpg",300,300,true],"woocommerce_single":["https:\/\/electrosphere.pl\/wp-content\/uploads\/2025\/11\/csProducersItemsImportBufforImages_photo_66FAE1CC-DD47-42B7-ACDD-DCAE5F40BC56_-600x462.jpg",600,462,true],"woocommerce_gallery_thumbnail":["https:\/\/electrosphere.pl\/wp-content\/uploads\/2025\/11\/csProducersItemsImportBufforImages_photo_66FAE1CC-DD47-42B7-ACDD-DCAE5F40BC56_-100x100.jpg",100,100,true],"dgwt-wcas-product-suggestion":["https:\/\/electrosphere.pl\/wp-content\/uploads\/2025\/11\/csProducersItemsImportBufforImages_photo_66FAE1CC-DD47-42B7-ACDD-DCAE5F40BC56_-64x49.jpg",64,49,true]},"uagb_author_info":{"display_name":"filipm","author_link":"https:\/\/electrosphere.pl\/en\/author\/"},"uagb_comment_info":0,"uagb_excerpt":"KZ 30 30MM \/1000 CENTERING ELEMENT Sealing materials are used to protect cable connections from moisture, dust, and contaminants. Application [&hellip;]","_links":{"self":[{"href":"https:\/\/electrosphere.pl\/en\/wp-json\/wp\/v2\/product\/74375","targetHints":{"allow":["GET"]}}],"collection":[{"href":"https:\/\/electrosphere.pl\/en\/wp-json\/wp\/v2\/product"}],"about":[{"href":"https:\/\/electrosphere.pl\/en\/wp-json\/wp\/v2\/types\/product"}],"wp:featuredmedia":[{"embeddable":true,"href":"https:\/\/electrosphere.pl\/en\/wp-json\/wp\/v2\/media\/73576"}],"wp:attachment":[{"href":"https:\/\/electrosphere.pl\/en\/wp-json\/wp\/v2\/media?parent=74375"}],"wp:term":[{"taxonomy":"product_brand","embeddable":true,"href":"https:\/\/electrosphere.pl\/en\/wp-json\/wp\/v2\/product_brand?post=74375"},{"taxonomy":"product_cat","embeddable":true,"href":"https:\/\/electrosphere.pl\/en\/wp-json\/wp\/v2\/product_cat?post=74375"},{"taxonomy":"product_tag","embeddable":true,"href":"https:\/\/electrosphere.pl\/en\/wp-json\/wp\/v2\/product_tag?post=74375"}],"curies":[{"name":"wp","href":"https:\/\/api.w.org\/{rel}","templated":true}]}}