{"id":103175,"date":"2025-11-23T21:07:19","date_gmt":"2025-11-23T21:07:19","guid":{"rendered":"https:\/\/electrosphere.pl\/steinel-ir-quattro-micro-presence-and-twilight-sensor-6m-dali-2-ipd-recessed-ip65-round-white\/"},"modified":"2026-02-06T09:14:20","modified_gmt":"2026-02-06T09:14:20","slug":"steinel-ir-quattro-micro-presence-and-twilight-sensor-6m-dali-2-ipd-recessed-ip65-round-white","status":"publish","type":"product","link":"https:\/\/electrosphere.pl\/en\/steinel-ir-quattro-micro-presence-and-twilight-sensor-6m-dali-2-ipd-recessed-ip65-round-white\/","title":{"rendered":"Steinel IR Quattro MICRO Presence and Twilight Sensor 6m DALI-2 IPD Recessed IP65 Round White"},"content":{"rendered":"<h2>Steinel IR Quattro MICRO Presence Sensor 6m DALI-2 IPD Flush-mounted IP65 230V White Product Code 053871<\/h2>\n<p>This is a modern and complementary solution for building automation that combines functionality with aesthetics.<\/p>\n<h3>Application<\/h3>\n<p>The IR Quattro MICRO DALI-2 IPD sensor is used in many spaces that require precise presence and twilight detection.<\/p>\n<h3>Technical Data<\/h3>\n<ul>\n<li><strong>Device Type:<\/strong> PIR presence and motion sensor with light sensor<\/li>\n<li><strong>Detection Technology:<\/strong> passive infrared + light sensor<\/li>\n<li><strong>Detection Angle:<\/strong> 360\u00b0<\/li>\n<li><strong>Opening Angle:<\/strong> 90\u00b0<\/li>\n<li><strong>Presence Range:<\/strong> 4 \u00d7 4 m (16 m2)<\/li>\n<li><strong>Radial Range:<\/strong> 4 \u00d7 4 m (16 m2)<\/li>\n<li><strong>Tangential Range:<\/strong> 6 \u00d7 6 m (36 m2)<\/li>\n<li><strong>Switching Zones:<\/strong> 168<\/li>\n<li><strong>Installation Height:<\/strong> 2.0 \u2013 5.0 m (optimal: 2.8 m)<\/li>\n<li><strong>Protection Class:<\/strong> IP65<\/li>\n<li><strong>Operating Temperature:<\/strong> -25\u00b0C to +55\u00b0C<\/li>\n<li><strong>Power Supply:<\/strong> 12\u201322.5 V<\/li>\n<li><strong>System Power Supply:<\/strong> DALI bus<\/li>\n<li><strong>Connection Type:<\/strong> master\/slave<\/li>\n<li><strong>DALI Control Output:<\/strong> addressable \/ slave<\/li>\n<li><strong>TEACH Function:<\/strong> yes<\/li>\n<li><strong>Constant Light Control:<\/strong> yes<\/li>\n<li><strong>Creep Protection:<\/strong> yes<\/li>\n<li><strong>Color:<\/strong> white (RAL 9003)<\/li>\n<li><strong>Material:<\/strong> plastic<\/li>\n<li><strong>Dimensions:<\/strong> 43 \u00d7 76 mm (\u00d8 \u00d7 H)<\/li>\n<li><strong>Product Code:<\/strong> 053871<\/li>\n<li><strong>EAN:<\/strong> 4007841053871<\/li>\n<li><strong>Warranty:<\/strong> 5 years<\/li>\n<\/ul>\n","protected":false},"excerpt":{"rendered":"<p>Steinel IR Quattro MICRO Presence Sensor 6m DALI-2 IPD Flush-mounted IP65 230V White Product Code 053871 This is a modern [&hellip;]<\/p>\n","protected":false},"featured_media":6971,"template":"","meta":{"_uag_custom_page_level_css":"","site-sidebar-layout":"default","site-content-layout":"","ast-site-content-layout":"default","site-content-style":"default","site-sidebar-style":"default","ast-global-header-display":"","ast-banner-title-visibility":"","ast-main-header-display":"","ast-hfb-above-header-display":"","ast-hfb-below-header-display":"","ast-hfb-mobile-header-display":"","site-post-title":"","ast-breadcrumbs-content":"","ast-featured-img":"","footer-sml-layout":"","ast-disable-related-posts":"","theme-transparent-header-meta":"","adv-header-id-meta":"","stick-header-meta":"","header-above-stick-meta":"","header-main-stick-meta":"","header-below-stick-meta":"","astra-migrate-meta-layouts":"default","ast-page-background-enabled":"default","ast-page-background-meta":{"desktop":{"background-color":"var(--ast-global-color-5)","background-image":"","background-repeat":"repeat","background-position":"center center","background-size":"auto","background-attachment":"scroll","background-type":"","background-media":"","overlay-type":"","overlay-color":"","overlay-opacity":"","overlay-gradient":""},"tablet":{"background-color":"","background-image":"","background-repeat":"repeat","background-position":"center center","background-size":"auto","background-attachment":"scroll","background-type":"","background-media":"","overlay-type":"","overlay-color":"","overlay-opacity":"","overlay-gradient":""},"mobile":{"background-color":"","background-image":"","background-repeat":"repeat","background-position":"center center","background-size":"auto","background-attachment":"scroll","background-type":"","background-media":"","overlay-type":"","overlay-color":"","overlay-opacity":"","overlay-gradient":""}},"ast-content-background-meta":{"desktop":{"background-color":"var(--ast-global-color-4)","background-image":"","background-repeat":"repeat","background-position":"center center","background-size":"auto","background-attachment":"scroll","background-type":"","background-media":"","overlay-type":"","overlay-color":"","overlay-opacity":"","overlay-gradient":""},"tablet":{"background-color":"var(--ast-global-color-4)","background-image":"","background-repeat":"repeat","background-position":"center center","background-size":"auto","background-attachment":"scroll","background-type":"","background-media":"","overlay-type":"","overlay-color":"","overlay-opacity":"","overlay-gradient":""},"mobile":{"background-color":"var(--ast-global-color-4)","background-image":"","background-repeat":"repeat","background-position":"center center","background-size":"auto","background-attachment":"scroll","background-type":"","background-media":"","overlay-type":"","overlay-color":"","overlay-opacity":"","overlay-gradient":""}}},"product_brand":[],"product_cat":[47,199,43,1527,1523],"product_tag":[],"class_list":{"0":"post-103175","1":"product","2":"type-product","3":"status-publish","4":"has-post-thumbnail","6":"product_cat-czujniki","7":"product_cat-czujniki-obecnosci","8":"product_cat-oswietlenie-i-inwestycje","9":"product_cat-presence-sensors","10":"product_cat-sensors","11":"desktop-align-left","12":"tablet-align-left","13":"mobile-align-left","15":"first","16":"onbackorder","17":"purchasable","18":"product-type-simple"},"uagb_featured_image_src":{"full":["https:\/\/electrosphere.pl\/wp-content\/uploads\/2025\/11\/63778.jpg",1380,1380,false],"thumbnail":["https:\/\/electrosphere.pl\/wp-content\/uploads\/2025\/11\/63778-150x150.jpg",150,150,true],"medium":["https:\/\/electrosphere.pl\/wp-content\/uploads\/2025\/11\/63778-300x300.jpg",300,300,true],"medium_large":["https:\/\/electrosphere.pl\/wp-content\/uploads\/2025\/11\/63778-768x768.jpg",768,768,true],"large":["https:\/\/electrosphere.pl\/wp-content\/uploads\/2025\/11\/63778-1024x1024.jpg",1024,1024,true],"1536x1536":["https:\/\/electrosphere.pl\/wp-content\/uploads\/2025\/11\/63778.jpg",1380,1380,false],"2048x2048":["https:\/\/electrosphere.pl\/wp-content\/uploads\/2025\/11\/63778.jpg",1380,1380,false],"woocommerce_thumbnail":["https:\/\/electrosphere.pl\/wp-content\/uploads\/2025\/11\/63778-300x300.jpg",300,300,true],"woocommerce_single":["https:\/\/electrosphere.pl\/wp-content\/uploads\/2025\/11\/63778-600x600.jpg",600,600,true],"woocommerce_gallery_thumbnail":["https:\/\/electrosphere.pl\/wp-content\/uploads\/2025\/11\/63778-100x100.jpg",100,100,true],"dgwt-wcas-product-suggestion":["https:\/\/electrosphere.pl\/wp-content\/uploads\/2025\/11\/63778-64x64.jpg",64,64,true]},"uagb_author_info":{"display_name":"filipm","author_link":"https:\/\/electrosphere.pl\/en\/author\/"},"uagb_comment_info":0,"uagb_excerpt":"Steinel IR Quattro MICRO Presence Sensor 6m DALI-2 IPD Flush-mounted IP65 230V White Product Code 053871 This is a modern [&hellip;]","_links":{"self":[{"href":"https:\/\/electrosphere.pl\/en\/wp-json\/wp\/v2\/product\/103175","targetHints":{"allow":["GET"]}}],"collection":[{"href":"https:\/\/electrosphere.pl\/en\/wp-json\/wp\/v2\/product"}],"about":[{"href":"https:\/\/electrosphere.pl\/en\/wp-json\/wp\/v2\/types\/product"}],"wp:featuredmedia":[{"embeddable":true,"href":"https:\/\/electrosphere.pl\/en\/wp-json\/wp\/v2\/media\/6971"}],"wp:attachment":[{"href":"https:\/\/electrosphere.pl\/en\/wp-json\/wp\/v2\/media?parent=103175"}],"wp:term":[{"taxonomy":"product_brand","embeddable":true,"href":"https:\/\/electrosphere.pl\/en\/wp-json\/wp\/v2\/product_brand?post=103175"},{"taxonomy":"product_cat","embeddable":true,"href":"https:\/\/electrosphere.pl\/en\/wp-json\/wp\/v2\/product_cat?post=103175"},{"taxonomy":"product_tag","embeddable":true,"href":"https:\/\/electrosphere.pl\/en\/wp-json\/wp\/v2\/product_tag?post=103175"}],"curies":[{"name":"wp","href":"https:\/\/api.w.org\/{rel}","templated":true}]}}