{"id":79907,"date":"2025-11-25T17:30:30","date_gmt":"2025-11-25T17:30:30","guid":{"rendered":"https:\/\/electrosphere.pl\/brands-available-in-the-store\/"},"modified":"2025-11-29T09:31:16","modified_gmt":"2025-11-29T09:31:16","slug":"brands-available-in-the-store","status":"publish","type":"page","link":"https:\/\/electrosphere.pl\/en\/brands-available-in-the-store\/","title":{"rendered":"Brands available in the store"},"content":{"rendered":"\n<p>Wybierz interesuj\u0105c\u0105 Ci\u0119 mark\u0119 produkt\u00f3w<\/p>\n<style>\n        .brands-container { max-width: 1200px; margin: 40px auto; text-align: center; }\n        .brands-header { font-size: 28px; font-weight: 700; color: #333; margin-bottom: 30px; }\n        .brands-grid { display: grid; grid-template-columns: repeat(auto-fit, minmax(280px, 1fr)); gap: 20px; padding: 0 15px; }\n        .brand-btn { display: flex; align-items: center; justify-content: center; background-color: #0056b3; color: #fff; padding: 20px; border-radius: 8px; text-decoration: none; font-weight: 800; text-transform: uppercase; transition: 0.3s; box-shadow: 0 2px 5px rgba(0,0,0,0.1); }\n        .brand-btn:hover { background-color: #004494; transform: translateY(-2px); color: #fff; }\n    <\/style><div class=\"brands-container\"><h2 class=\"brands-header\">Oferta wed\u0142ug marek<\/h2><div class=\"brands-grid\"><a href=\"https:\/\/electrosphere.pl\/en\/Brand\/greenworks\/\" class=\"brand-btn\">GREENWORKS<\/a><\/div><\/div>\n\n<p><\/p>\n","protected":false},"excerpt":{"rendered":"<p>Wybierz interesuj\u0105c\u0105 Ci\u0119 mark\u0119 produkt\u00f3w<\/p>\n","protected":false},"author":1,"featured_media":0,"parent":0,"menu_order":0,"comment_status":"closed","ping_status":"closed","template":"","meta":{"_uag_custom_page_level_css":"","site-sidebar-layout":"default","site-content-layout":"","ast-site-content-layout":"default","site-content-style":"default","site-sidebar-style":"default","ast-global-header-display":"","ast-banner-title-visibility":"","ast-main-header-display":"","ast-hfb-above-header-display":"","ast-hfb-below-header-display":"","ast-hfb-mobile-header-display":"","site-post-title":"","ast-breadcrumbs-content":"","ast-featured-img":"","footer-sml-layout":"","ast-disable-related-posts":"","theme-transparent-header-meta":"","adv-header-id-meta":"","stick-header-meta":"","header-above-stick-meta":"","header-main-stick-meta":"","header-below-stick-meta":"","astra-migrate-meta-layouts":"default","ast-page-background-enabled":"default","ast-page-background-meta":{"desktop":{"background-color":"var(--ast-global-color-5)","background-image":"","background-repeat":"repeat","background-position":"center center","background-size":"auto","background-attachment":"scroll","background-type":"","background-media":"","overlay-type":"","overlay-color":"","overlay-opacity":"","overlay-gradient":""},"tablet":{"background-color":"","background-image":"","background-repeat":"repeat","background-position":"center center","background-size":"auto","background-attachment":"scroll","background-type":"","background-media":"","overlay-type":"","overlay-color":"","overlay-opacity":"","overlay-gradient":""},"mobile":{"background-color":"","background-image":"","background-repeat":"repeat","background-position":"center center","background-size":"auto","background-attachment":"scroll","background-type":"","background-media":"","overlay-type":"","overlay-color":"","overlay-opacity":"","overlay-gradient":""}},"ast-content-background-meta":{"desktop":{"background-color":"var(--ast-global-color-4)","background-image":"","background-repeat":"repeat","background-position":"center center","background-size":"auto","background-attachment":"scroll","background-type":"","background-media":"","overlay-type":"","overlay-color":"","overlay-opacity":"","overlay-gradient":""},"tablet":{"background-color":"var(--ast-global-color-4)","background-image":"","background-repeat":"repeat","background-position":"center center","background-size":"auto","background-attachment":"scroll","background-type":"","background-media":"","overlay-type":"","overlay-color":"","overlay-opacity":"","overlay-gradient":""},"mobile":{"background-color":"var(--ast-global-color-4)","background-image":"","background-repeat":"repeat","background-position":"center center","background-size":"auto","background-attachment":"scroll","background-type":"","background-media":"","overlay-type":"","overlay-color":"","overlay-opacity":"","overlay-gradient":""}},"footnotes":""},"class_list":["post-79907","page","type-page","status-publish","hentry"],"uagb_featured_image_src":{"full":false,"thumbnail":false,"medium":false,"medium_large":false,"large":false,"1536x1536":false,"2048x2048":false,"woocommerce_thumbnail":false,"woocommerce_single":false,"woocommerce_gallery_thumbnail":false,"dgwt-wcas-product-suggestion":false},"uagb_author_info":{"display_name":"filipm","author_link":"https:\/\/electrosphere.pl\/en\/author\/filipm\/"},"uagb_comment_info":0,"uagb_excerpt":"Wybierz interesuj\u0105c\u0105 Ci\u0119 mark\u0119 produkt\u00f3w","_links":{"self":[{"href":"https:\/\/electrosphere.pl\/en\/wp-json\/wp\/v2\/pages\/79907","targetHints":{"allow":["GET"]}}],"collection":[{"href":"https:\/\/electrosphere.pl\/en\/wp-json\/wp\/v2\/pages"}],"about":[{"href":"https:\/\/electrosphere.pl\/en\/wp-json\/wp\/v2\/types\/page"}],"author":[{"embeddable":true,"href":"https:\/\/electrosphere.pl\/en\/wp-json\/wp\/v2\/users\/1"}],"replies":[{"embeddable":true,"href":"https:\/\/electrosphere.pl\/en\/wp-json\/wp\/v2\/comments?post=79907"}],"version-history":[{"count":1,"href":"https:\/\/electrosphere.pl\/en\/wp-json\/wp\/v2\/pages\/79907\/revisions"}],"predecessor-version":[{"id":79910,"href":"https:\/\/electrosphere.pl\/en\/wp-json\/wp\/v2\/pages\/79907\/revisions\/79910"}],"wp:attachment":[{"href":"https:\/\/electrosphere.pl\/en\/wp-json\/wp\/v2\/media?parent=79907"}],"curies":[{"name":"wp","href":"https:\/\/api.w.org\/{rel}","templated":true}]}}